{"id":36666,"date":"2015-04-18T18:31:44","date_gmt":"2015-04-18T16:31:44","guid":{"rendered":"https:\/\/www.procamera-app.com\/?page_id=36666"},"modified":"2023-04-19T16:05:50","modified_gmt":"2023-04-19T14:05:50","slug":"fotobearbeitung","status":"publish","type":"page","link":"https:\/\/procamera-app.com\/de\/fotobearbeitung\/","title":{"rendered":"Fotobearbeitung"},"content":{"rendered":"<div class=\"wpb-content-wrapper\"><p>[vc_row type=&#8220;3&#8243; padding_top=&#8220;90&#8243; padding_bottom=&#8220;60&#8243; css=&#8220;.vc_custom_1624273614549{margin-bottom: 40px !important;}&#8220;][vc_column][vc_row_inner css=&#8220;.vc_custom_1544770254325{margin-bottom: 40px !important;}&#8220;][vc_column_inner width=&#8220;1\/4&#8243;][\/vc_column_inner][vc_column_inner width=&#8220;1\/2&#8243;][vc_column_text]<\/p>\n<h3 style=\"color: #5cc3ff; text-align: center;\">Profi-Bildbearbeitung<\/h3>\n<h1 style=\"text-align: center;\">Fotobearbeitung auf h\u00f6chstem Niveau<\/h1>\n<h2 style=\"text-align: center;\">Korrigieren, anpassen, perfektionieren \u2013 mit den umfangreichen Bearbeitungsfunktionen von ProCamera holen Sie das Beste aus Ihren Fotos heraus.<\/h2>\n<p>[\/vc_column_text][\/vc_column_inner][vc_column_inner width=&#8220;1\/4&#8243;][\/vc_column_inner][\/vc_row_inner][vc_row_inner][vc_column_inner width=&#8220;1\/4&#8243;][vc_single_image image=&#8220;59017&#8243; img_size=&#8220;full&#8220; alignment=&#8220;center&#8220; css=&#8220;.vc_custom_1627897006922{margin-bottom: -20px !important;padding-right: 22px !important;padding-left: 22px !important;}&#8220;][vc_column_text css=&#8220;.vc_custom_1624290025903{margin-bottom: -28px !important;}&#8220;]<img decoding=\"async\" class=\"size-full wp-image-52980 aligncenter\" src=\"https:\/\/www.procamera-app.com\/wp-content\/uploads\/2018\/12\/Icon_photoediting_filter@2x.svg\" alt=\"\" \/>[\/vc_column_text][vc_column_text]<\/p>\n<h2 style=\"text-align: center;\"><strong>Filter<\/strong><\/h2>\n<p style=\"text-align: center;\">Es war noch nie so einfach, gew\u00f6hnliche Fotos in individuelle Kunstwerke zu verwandeln. Per Wischgeste k\u00f6nnen Sie blitzschnell Filter &amp; Effekte anwenden.<\/p>\n<p>[\/vc_column_text]<div class=\"ult-spacer spacer-69d28b40a3814\" data-id=\"69d28b40a3814\" data-height=\"10\" data-height-mobile=\"40\" data-height-tab=\"\" data-height-tab-portrait=\"\" data-height-mobile-landscape=\"40\" style=\"clear:both;display:block;\"><\/div>[\/vc_column_inner][vc_column_inner width=&#8220;1\/4&#8243;][vc_single_image image=&#8220;60351&#8243; img_size=&#8220;full&#8220; alignment=&#8220;center&#8220; css=&#8220;.vc_custom_1658469896552{margin-bottom: -20px !important;padding-right: 22px !important;padding-left: 22px !important;}&#8220;][vc_column_text css=&#8220;.vc_custom_1624291417296{margin-bottom: -28px !important;}&#8220;]<img decoding=\"async\" class=\"size-full wp-image-52986 aligncenter\" src=\"https:\/\/www.procamera-app.com\/wp-content\/uploads\/2018\/12\/Icon_photoediting_studio@2x.svg\" alt=\"\" \/>[\/vc_column_text][vc_column_text]<\/p>\n<h2 style=\"text-align: center;\"><strong>Werkzeuge<\/strong><\/h2>\n<p style=\"text-align: center;\">Mit einer ganzen Reihe an leistungsf\u00e4higen Bearbeitungs-Funktionen k\u00f6nnen Sie Ihre Bilder nach den eigenen Vorstellungen unkompliziert editieren.<\/p>\n<p>[\/vc_column_text]<div class=\"ult-spacer spacer-69d28b40a3838\" data-id=\"69d28b40a3838\" data-height=\"10\" data-height-mobile=\"40\" data-height-tab=\"\" data-height-tab-portrait=\"\" data-height-mobile-landscape=\"40\" style=\"clear:both;display:block;\"><\/div>[\/vc_column_inner][vc_column_inner width=&#8220;1\/4&#8243;][vc_single_image image=&#8220;59024&#8243; img_size=&#8220;full&#8220; css=&#8220;.vc_custom_1627897130533{margin-bottom: -20px !important;padding-right: 22px !important;padding-left: 22px !important;}&#8220;][vc_column_text css=&#8220;.vc_custom_1624291539482{margin-bottom: -28px !important;}&#8220;]<img decoding=\"async\" class=\"alignnone size-full wp-image-52983 aligncenter\" src=\"https:\/\/www.procamera-app.com\/wp-content\/uploads\/2018\/12\/Icon_photoediting_lab@2x.svg\" alt=\"\" \/><br \/>\n[\/vc_column_text][vc_column_text]<\/p>\n<h2 style=\"text-align: center;\"><strong>Magic Lab<\/strong><\/h2>\n<p style=\"text-align: center;\">Mit den kreativen Werkzeugen des Magic Labs k\u00f6nnen Sie ganz neue grafische Effekte erzielen. Durch Experimentieren und Kombinieren erschaffen Sie einzigartige Bilder.<\/p>\n<p>[\/vc_column_text]<div class=\"ult-spacer spacer-69d28b40a384d\" data-id=\"69d28b40a384d\" data-height=\"10\" data-height-mobile=\"40\" data-height-tab=\"\" data-height-tab-portrait=\"\" data-height-mobile-landscape=\"40\" style=\"clear:both;display:block;\"><\/div>[\/vc_column_inner][vc_column_inner width=&#8220;1\/4&#8243;][vc_single_image image=&#8220;59027&#8243; img_size=&#8220;full&#8220; alignment=&#8220;center&#8220; css=&#8220;.vc_custom_1627897176966{margin-bottom: -20px !important;padding-right: 22px !important;padding-left: 22px !important;}&#8220;][vc_column_text css=&#8220;.vc_custom_1624291555424{margin-bottom: -28px !important;}&#8220;]<img decoding=\"async\" class=\"alignnone size-full wp-image-52977 aligncenter\" src=\"https:\/\/www.procamera-app.com\/wp-content\/uploads\/2018\/12\/Icon_photoediting_cut@2x.svg\" alt=\"\" \/><br \/>\n[\/vc_column_text][vc_column_text]<\/p>\n<h2 style=\"text-align: center;\"><strong>Zuschneiden &amp; Drehen<\/strong><\/h2>\n<p style=\"text-align: center;\">Verabschieden Sie sich von schiefen Horizontlinien: Richten Sie Bilder auf und schneiden Sie sie im passenden Format zu, damit sie bestm\u00f6glich wirken.<\/p>\n<p>[\/vc_column_text]<div class=\"ult-spacer spacer-69d28b40a385f\" data-id=\"69d28b40a385f\" data-height=\"10\" data-height-mobile=\"40\" data-height-tab=\"\" data-height-tab-portrait=\"\" data-height-mobile-landscape=\"40\" style=\"clear:both;display:block;\"><\/div>[\/vc_column_inner][\/vc_row_inner][\/vc_column][\/vc_row][vc_row type=&#8220;2&#8243; padding_top=&#8220;100&#8243; padding_bottom=&#8220;50&#8243;][vc_column width=&#8220;1\/3&#8243; offset=&#8220;vc_hidden-md vc_hidden-sm vc_hidden-xs&#8220;]<div class=\"ult-spacer spacer-69d28b40a3872\" data-id=\"69d28b40a3872\" data-height=\"0\" data-height-mobile=\"-20\" data-height-tab=\"0\" data-height-tab-portrait=\"0\" data-height-mobile-landscape=\"-20\" style=\"clear:both;display:block;\"><\/div>[vc_single_image image=&#8220;59030&#8243; img_size=&#8220;full&#8220; alignment=&#8220;center&#8220; css=&#8220;.vc_custom_1627897214026{margin-bottom: -20px !important;padding-right: 58px !important;padding-left: 58px !important;}&#8220;][vc_column_text css=&#8220;.vc_custom_1624371380098{margin-bottom: -28px !important;padding-right: 34px !important;padding-left: 34px !important;}&#8220;]<img decoding=\"async\" class=\"size-full wp-image-52980 aligncenter\" src=\"https:\/\/www.procamera-app.com\/wp-content\/uploads\/2018\/12\/Icon_photoediting_filter@2x.svg\" alt=\"\" \/>[\/vc_column_text][vc_column_text css=&#8220;.vc_custom_1630411463311{padding-right: 34px !important;padding-left: 34px !important;}&#8220;]<\/p>\n<h2 style=\"text-align: center;\"><strong>ProRAW &amp; RAW<\/strong><\/h2>\n<p style=\"text-align: center;\">Fotos im <a href=\"https:\/\/www.procamera-app.com\/de\/raw-proraw-photos\/\">RAW-Format<\/a> bieten einen noch gr\u00f6\u00dferen kreativen Spielraum bei der Bildbearbeitung. Kombinieren Sie die speziellen RAW-Werkzeuge mit all den anderen Bearbeitungsfunktionen, um alles aus Ihren Aufnahmen herauszuholen.<\/p>\n<p>[\/vc_column_text]<div class=\"ult-spacer spacer-69d28b40a3883\" data-id=\"69d28b40a3883\" data-height=\"10\" data-height-mobile=\"40\" data-height-tab=\"\" data-height-tab-portrait=\"\" data-height-mobile-landscape=\"40\" style=\"clear:both;display:block;\"><\/div>[\/vc_column][vc_column width=&#8220;1\/3&#8243; offset=&#8220;vc_hidden-md vc_hidden-sm vc_hidden-xs&#8220;][vc_single_image image=&#8220;59033&#8243; img_size=&#8220;full&#8220; alignment=&#8220;center&#8220; css=&#8220;.vc_custom_1627897243888{margin-bottom: -20px !important;padding-right: 58px !important;padding-left: 58px !important;}&#8220;][vc_column_text css=&#8220;.vc_custom_1630411294934{margin-bottom: -28px !important;padding-right: 34px !important;padding-left: 34px !important;}&#8220;]<img decoding=\"async\" class=\"alignnone size-full wp-image-52983 aligncenter\" src=\"https:\/\/www.procamera-app.com\/wp-content\/uploads\/\/2021\/02\/Icon_APC@2x.svg\" alt=\"\" \/>[\/vc_column_text][vc_column_text css=&#8220;.vc_custom_1630411384348{padding-right: 34px !important;padding-left: 34px !important;}&#8220;]<\/p>\n<h2 style=\"text-align: center;\"><strong>Perspektivkorrektur<\/strong><\/h2>\n<p style=\"text-align: center;\">Durch die Korrektur st\u00fcrzender Linien verleihen Sie Ihren Bildern eine professionellere Wirkung. Tippen Sie auf Autokorrektur f\u00fcr eine <a href=\"https:\/\/www.procamera-app.com\/de\/auto-perspektivkorrektur\/\">automatische Perspektivkorrektur<\/a> oder Wischen Sie \u00fcber das Bild, um manuell die Perspektive zu ver\u00e4ndern.<\/p>\n<p>[\/vc_column_text]<div class=\"ult-spacer spacer-69d28b40a3892\" data-id=\"69d28b40a3892\" data-height=\"10\" data-height-mobile=\"40\" data-height-tab=\"\" data-height-tab-portrait=\"\" data-height-mobile-landscape=\"40\" style=\"clear:both;display:block;\"><\/div>[\/vc_column][vc_column width=&#8220;1\/3&#8243; offset=&#8220;vc_hidden-md vc_hidden-sm vc_hidden-xs&#8220;][vc_single_image image=&#8220;59036&#8243; img_size=&#8220;full&#8220; alignment=&#8220;center&#8220; css=&#8220;.vc_custom_1627897271304{margin-bottom: -20px !important;padding-right: 58px !important;padding-left: 58px !important;}&#8220;][vc_column_text css=&#8220;.vc_custom_1681913124741{margin-bottom: -28px !important;padding-right: 34px !important;padding-left: 34px !important;}&#8220;]<img decoding=\"async\" class=\"alignnone aligncenter\" src=\"https:\/\/www.procamera-app.com\/wp-content\/uploads\/2023\/04\/depht-icon@2x-2.svg\" alt=\"\" \/>[\/vc_column_text][vc_column_text css=&#8220;.vc_custom_1630403780627{padding-right: 34px !important;padding-left: 34px !important;}&#8220;]<\/p>\n<h2 style=\"text-align: center;\">Sch\u00e4rfentiefe-Effekt<\/h2>\n<p style=\"text-align: center;\">Simulierte Blende: Wischen Sie bei Portr\u00e4t-Modus-Aufnahmen nach oben\/unten, um die Intensit\u00e4t der Unsch\u00e4rfe im Bildhintergrund (Bokeh) nachtr\u00e4glich individuelle einzustellen. Tippen Sie auf eine bestimmte Stelle, um dort den Fokus zu setzen.<\/p>\n<p>[\/vc_column_text]<div class=\"ult-spacer spacer-69d28b40a38a0\" data-id=\"69d28b40a38a0\" data-height=\"10\" data-height-mobile=\"40\" data-height-tab=\"\" data-height-tab-portrait=\"\" data-height-mobile-landscape=\"40\" style=\"clear:both;display:block;\"><\/div>[\/vc_column][\/vc_row][vc_row type=&#8220;2&#8243; padding_top=&#8220;100&#8243; padding_bottom=&#8220;50&#8243;][vc_column width=&#8220;1\/4&#8243; offset=&#8220;vc_hidden-lg&#8220;][vc_single_image image=&#8220;58643&#8243; img_size=&#8220;full&#8220; alignment=&#8220;center&#8220; css=&#8220;.vc_custom_1624443669871{margin-bottom: -20px !important;padding-right: 22px !important;padding-left: 22px !important;}&#8220;][vc_column_text css=&#8220;.vc_custom_1624371380098{margin-bottom: -28px !important;padding-right: 34px !important;padding-left: 34px !important;}&#8220;]<img decoding=\"async\" class=\"size-full wp-image-52980 aligncenter\" src=\"https:\/\/www.procamera-app.com\/wp-content\/uploads\/2018\/12\/Icon_photoediting_filter@2x.svg\" alt=\"\" \/>[\/vc_column_text][vc_column_text css=&#8220;.vc_custom_1624371213521{padding-right: 34px !important;padding-left: 34px !important;}&#8220;]<\/p>\n<h2 style=\"text-align: center;\"><strong>ProRAW &amp; RAW<\/strong><\/h2>\n<p style=\"text-align: center;\">Photos in RAW format offer even more creative freedom in post processing. Conveniently combine the dedicated RAW tools with our regular set of tools, filters and effects to realize your artistic vision.<\/p>\n<p>[\/vc_column_text]<div class=\"ult-spacer spacer-69d28b40a38ae\" data-id=\"69d28b40a38ae\" data-height=\"10\" data-height-mobile=\"40\" data-height-tab=\"\" data-height-tab-portrait=\"\" data-height-mobile-landscape=\"40\" style=\"clear:both;display:block;\"><\/div>[\/vc_column][vc_column width=&#8220;1\/4&#8243; offset=&#8220;vc_hidden-lg&#8220;][vc_single_image image=&#8220;58686&#8243; img_size=&#8220;full&#8220; alignment=&#8220;center&#8220; css=&#8220;.vc_custom_1624443677668{margin-bottom: -20px !important;padding-right: 22px !important;padding-left: 22px !important;}&#8220;][vc_column_text css=&#8220;.vc_custom_1624371386756{margin-bottom: -28px !important;padding-right: 34px !important;padding-left: 34px !important;}&#8220;]<img decoding=\"async\" class=\"size-full wp-image-52986 aligncenter\" src=\"https:\/\/www.procamera-app.com\/wp-content\/uploads\/2018\/12\/Icon_photoediting_studio@2x.svg\" alt=\"\" \/>[\/vc_column_text][vc_column_text css=&#8220;.vc_custom_1624371276686{padding-right: 34px !important;padding-left: 34px !important;}&#8220;]<\/p>\n<h2 style=\"text-align: center;\"><strong>Perspective Correct<\/strong><\/h2>\n<p style=\"text-align: center;\">Correcting perspective distortion gives a more professional appearance to your photos. Swipe on the photo to manually adjust the perspective or tap Auto Correct for an immediate adjustment.<\/p>\n<p>[\/vc_column_text]<div class=\"ult-spacer spacer-69d28b40a38bb\" data-id=\"69d28b40a38bb\" data-height=\"10\" data-height-mobile=\"40\" data-height-tab=\"\" data-height-tab-portrait=\"\" data-height-mobile-landscape=\"40\" style=\"clear:both;display:block;\"><\/div>[\/vc_column][vc_column width=&#8220;1\/4&#8243; offset=&#8220;vc_hidden-lg&#8220;][vc_single_image image=&#8220;58682&#8243; img_size=&#8220;full&#8220; alignment=&#8220;center&#8220; css=&#8220;.vc_custom_1624443685198{margin-bottom: -20px !important;padding-right: 22px !important;padding-left: 22px !important;}&#8220;][vc_column_text css=&#8220;.vc_custom_1681913145237{margin-bottom: -28px !important;padding-right: 34px !important;padding-left: 34px !important;}&#8220;]<img decoding=\"async\" class=\"alignnone aligncenter\" src=\"https:\/\/www.procamera-app.com\/wp-content\/uploads\/2023\/04\/depht-icon@2x-2.svg\" alt=\"\" \/>[\/vc_column_text][vc_column_text css=&#8220;.vc_custom_1624371305475{padding-right: 34px !important;padding-left: 34px !important;}&#8220;]<\/p>\n<h2 style=\"text-align: center;\"><strong>Depth<\/strong><\/h2>\n<p style=\"text-align: center;\">Tap to set focus and swipe up\/down to control the amount of background blur (bokeh) via simulated aperture.<\/p>\n<p>[\/vc_column_text]<div class=\"ult-spacer spacer-69d28b40a38c8\" data-id=\"69d28b40a38c8\" data-height=\"10\" data-height-mobile=\"40\" data-height-tab=\"\" data-height-tab-portrait=\"\" data-height-mobile-landscape=\"40\" style=\"clear:both;display:block;\"><\/div>[\/vc_column][vc_column width=&#8220;1\/4&#8243; offset=&#8220;vc_hidden-lg&#8220;][\/vc_column][\/vc_row][vc_row type=&#8220;3&#8243;][vc_column offset=&#8220;vc_hidden-xs&#8220;]<div class=\"hr-thin style-line\" style=\"width: 100%;border-top-width: 1px;\"><\/div>[vc_single_image image=&#8220;52478&#8243; img_size=&#8220;full&#8220; alignment=&#8220;center&#8220; onclick=&#8220;custom_link&#8220; img_link_target=&#8220;_blank&#8220; image_hovers=&#8220;false&#8220; link=&#8220;https:\/\/itunes.apple.com\/de\/app\/picmentum\/id1287820276?pt=949580&amp;ct=bapcweb&amp;mt=8&amp;at=11laV7&#8243; css=&#8220;.vc_custom_1542796952669{margin-top: 20px !important;margin-bottom: -10px !important;}&#8220;][\/vc_column][\/vc_row][vc_row type=&#8220;3&#8243;][vc_column offset=&#8220;vc_hidden-lg vc_hidden-md vc_hidden-sm&#8220;]<div class=\"hr-thin style-line\" style=\"width: 100%;border-top-width: 1px;\"><\/div>[vc_single_image image=&#8220;52481&#8243; img_size=&#8220;full&#8220; alignment=&#8220;center&#8220; onclick=&#8220;custom_link&#8220; img_link_target=&#8220;_blank&#8220; image_hovers=&#8220;false&#8220; link=&#8220;https:\/\/itunes.apple.com\/de\/app\/picmentum\/id1287820276?pt=949580&amp;ct=bapcweb&amp;mt=8&amp;at=11laV7&#8243; css=&#8220;.vc_custom_1542797472129{margin-top: 20px !important;margin-bottom: -10px !important;}&#8220;][\/vc_column][\/vc_row]<\/p>\n<\/div>","protected":false},"excerpt":{"rendered":"<p>[vc_row type=&#8220;3&#8243; padding_top=&#8220;90&#8243; padding_bottom=&#8220;60&#8243; css=&#8220;.vc_custom_1624273614549{margin-bottom: 40px !important;}&#8220;][vc_column][vc_row_inner css=&#8220;.vc_custom_1544770254325{margin-bottom: 40px !important;}&#8220;][vc_column_inner width=&#8220;1\/4&#8243;][\/vc_column_inner][vc_column_inner width=&#8220;1\/2&#8243;][vc_column_text] Profi-Bildbearbeitung Fotobearbeitung auf&hellip;<\/p>\n","protected":false},"author":1,"featured_media":0,"parent":0,"menu_order":2,"comment_status":"closed","ping_status":"closed","template":"","meta":{"inline_featured_image":false,"footnotes":""},"class_list":["post-36666","page","type-page","status-publish","hentry","description-off"],"yoast_head":"<!-- This site is optimized with the Yoast SEO plugin v25.1 - https:\/\/yoast.com\/wordpress\/plugins\/seo\/ -->\n<title>Effektive Fotobearbeitung deiner iPhone-Fotos mit ProCamera<\/title>\n<meta name=\"description\" content=\"Korrigieren, anpassen, perfektionieren - ProCamera bietet eine umfassende Fotobearbeitung mit tollen Funktionen f\u00fcr professionelle iPhone-Fotos\" \/>\n<meta name=\"robots\" content=\"index, follow, max-snippet:-1, max-image-preview:large, max-video-preview:-1\" \/>\n<link rel=\"canonical\" href=\"https:\/\/procamera-app.com\/de\/fotobearbeitung\/\" \/>\n<meta property=\"og:locale\" content=\"de_DE\" \/>\n<meta property=\"og:type\" content=\"article\" \/>\n<meta property=\"og:title\" content=\"Effektive Fotobearbeitung deiner iPhone-Fotos mit ProCamera\" \/>\n<meta property=\"og:description\" content=\"Korrigieren, anpassen, perfektionieren - ProCamera bietet eine umfassende Fotobearbeitung mit tollen Funktionen f\u00fcr professionelle iPhone-Fotos\" \/>\n<meta property=\"og:url\" content=\"https:\/\/procamera-app.com\/de\/fotobearbeitung\/\" \/>\n<meta property=\"og:site_name\" content=\"ProCamera Blog - Turn your iPhone into a powerful digital camera\" \/>\n<meta property=\"article:publisher\" content=\"https:\/\/www.facebook.com\/ProCameraApp\" \/>\n<meta property=\"article:modified_time\" content=\"2023-04-19T14:05:50+00:00\" \/>\n<meta property=\"og:image\" content=\"https:\/\/www.procamera-app.com\/wp-content\/uploads\/2018\/12\/Icon_photoediting_filter@2x.svg\" \/>\n<meta name=\"twitter:card\" content=\"summary_large_image\" \/>\n<meta name=\"twitter:site\" content=\"@ProCamera\" \/>\n<meta name=\"twitter:label1\" content=\"Gesch\u00e4tzte Lesezeit\" \/>\n\t<meta name=\"twitter:data1\" content=\"6\u00a0Minuten\" \/>\n<script type=\"application\/ld+json\" class=\"yoast-schema-graph\">{\"@context\":\"https:\/\/schema.org\",\"@graph\":[{\"@type\":\"WebPage\",\"@id\":\"https:\/\/procamera-app.com\/de\/fotobearbeitung\/\",\"url\":\"https:\/\/procamera-app.com\/de\/fotobearbeitung\/\",\"name\":\"Effektive Fotobearbeitung deiner iPhone-Fotos mit ProCamera\",\"isPartOf\":{\"@id\":\"https:\/\/procamera-app.com\/en\/#website\"},\"primaryImageOfPage\":{\"@id\":\"https:\/\/procamera-app.com\/de\/fotobearbeitung\/#primaryimage\"},\"image\":{\"@id\":\"https:\/\/procamera-app.com\/de\/fotobearbeitung\/#primaryimage\"},\"thumbnailUrl\":\"https:\/\/www.procamera-app.com\/wp-content\/uploads\/2018\/12\/Icon_photoediting_filter@2x.svg\",\"datePublished\":\"2015-04-18T16:31:44+00:00\",\"dateModified\":\"2023-04-19T14:05:50+00:00\",\"description\":\"Korrigieren, anpassen, perfektionieren - ProCamera bietet eine umfassende Fotobearbeitung mit tollen Funktionen f\u00fcr professionelle iPhone-Fotos\",\"breadcrumb\":{\"@id\":\"https:\/\/procamera-app.com\/de\/fotobearbeitung\/#breadcrumb\"},\"inLanguage\":\"de\",\"potentialAction\":[{\"@type\":\"ReadAction\",\"target\":[\"https:\/\/procamera-app.com\/de\/fotobearbeitung\/\"]}]},{\"@type\":\"ImageObject\",\"inLanguage\":\"de\",\"@id\":\"https:\/\/procamera-app.com\/de\/fotobearbeitung\/#primaryimage\",\"url\":\"https:\/\/www.procamera-app.com\/wp-content\/uploads\/2018\/12\/Icon_photoediting_filter@2x.svg\",\"contentUrl\":\"https:\/\/www.procamera-app.com\/wp-content\/uploads\/2018\/12\/Icon_photoediting_filter@2x.svg\"},{\"@type\":\"BreadcrumbList\",\"@id\":\"https:\/\/procamera-app.com\/de\/fotobearbeitung\/#breadcrumb\",\"itemListElement\":[{\"@type\":\"ListItem\",\"position\":1,\"name\":\"Home\",\"item\":\"https:\/\/procamera-app.com\/de\/\"},{\"@type\":\"ListItem\",\"position\":2,\"name\":\"Fotobearbeitung\"}]},{\"@type\":\"WebSite\",\"@id\":\"https:\/\/procamera-app.com\/en\/#website\",\"url\":\"https:\/\/procamera-app.com\/en\/\",\"name\":\"ProCamera Blog - Turn your iPhone into a powerful digital camera\",\"description\":\"ProCamera ist die iOS-App f\u00fcr Fotografie, Video und Foto-Nachbearbeitung auf Profi-Niveau!\\r\\n\",\"potentialAction\":[{\"@type\":\"SearchAction\",\"target\":{\"@type\":\"EntryPoint\",\"urlTemplate\":\"https:\/\/procamera-app.com\/en\/?s={search_term_string}\"},\"query-input\":{\"@type\":\"PropertyValueSpecification\",\"valueRequired\":true,\"valueName\":\"search_term_string\"}}],\"inLanguage\":\"de\"}]}<\/script>\n<!-- \/ Yoast SEO plugin. -->","yoast_head_json":{"title":"Effektive Fotobearbeitung deiner iPhone-Fotos mit ProCamera","description":"Korrigieren, anpassen, perfektionieren - ProCamera bietet eine umfassende Fotobearbeitung mit tollen Funktionen f\u00fcr professionelle iPhone-Fotos","robots":{"index":"index","follow":"follow","max-snippet":"max-snippet:-1","max-image-preview":"max-image-preview:large","max-video-preview":"max-video-preview:-1"},"canonical":"https:\/\/procamera-app.com\/de\/fotobearbeitung\/","og_locale":"de_DE","og_type":"article","og_title":"Effektive Fotobearbeitung deiner iPhone-Fotos mit ProCamera","og_description":"Korrigieren, anpassen, perfektionieren - ProCamera bietet eine umfassende Fotobearbeitung mit tollen Funktionen f\u00fcr professionelle iPhone-Fotos","og_url":"https:\/\/procamera-app.com\/de\/fotobearbeitung\/","og_site_name":"ProCamera Blog - Turn your iPhone into a powerful digital camera","article_publisher":"https:\/\/www.facebook.com\/ProCameraApp","article_modified_time":"2023-04-19T14:05:50+00:00","og_image":[{"url":"https:\/\/www.procamera-app.com\/wp-content\/uploads\/2018\/12\/Icon_photoediting_filter@2x.svg","type":"","width":"","height":""}],"twitter_card":"summary_large_image","twitter_site":"@ProCamera","twitter_misc":{"Gesch\u00e4tzte Lesezeit":"6\u00a0Minuten"},"schema":{"@context":"https:\/\/schema.org","@graph":[{"@type":"WebPage","@id":"https:\/\/procamera-app.com\/de\/fotobearbeitung\/","url":"https:\/\/procamera-app.com\/de\/fotobearbeitung\/","name":"Effektive Fotobearbeitung deiner iPhone-Fotos mit ProCamera","isPartOf":{"@id":"https:\/\/procamera-app.com\/en\/#website"},"primaryImageOfPage":{"@id":"https:\/\/procamera-app.com\/de\/fotobearbeitung\/#primaryimage"},"image":{"@id":"https:\/\/procamera-app.com\/de\/fotobearbeitung\/#primaryimage"},"thumbnailUrl":"https:\/\/www.procamera-app.com\/wp-content\/uploads\/2018\/12\/Icon_photoediting_filter@2x.svg","datePublished":"2015-04-18T16:31:44+00:00","dateModified":"2023-04-19T14:05:50+00:00","description":"Korrigieren, anpassen, perfektionieren - ProCamera bietet eine umfassende Fotobearbeitung mit tollen Funktionen f\u00fcr professionelle iPhone-Fotos","breadcrumb":{"@id":"https:\/\/procamera-app.com\/de\/fotobearbeitung\/#breadcrumb"},"inLanguage":"de","potentialAction":[{"@type":"ReadAction","target":["https:\/\/procamera-app.com\/de\/fotobearbeitung\/"]}]},{"@type":"ImageObject","inLanguage":"de","@id":"https:\/\/procamera-app.com\/de\/fotobearbeitung\/#primaryimage","url":"https:\/\/www.procamera-app.com\/wp-content\/uploads\/2018\/12\/Icon_photoediting_filter@2x.svg","contentUrl":"https:\/\/www.procamera-app.com\/wp-content\/uploads\/2018\/12\/Icon_photoediting_filter@2x.svg"},{"@type":"BreadcrumbList","@id":"https:\/\/procamera-app.com\/de\/fotobearbeitung\/#breadcrumb","itemListElement":[{"@type":"ListItem","position":1,"name":"Home","item":"https:\/\/procamera-app.com\/de\/"},{"@type":"ListItem","position":2,"name":"Fotobearbeitung"}]},{"@type":"WebSite","@id":"https:\/\/procamera-app.com\/en\/#website","url":"https:\/\/procamera-app.com\/en\/","name":"ProCamera Blog - Turn your iPhone into a powerful digital camera","description":"ProCamera ist die iOS-App f\u00fcr Fotografie, Video und Foto-Nachbearbeitung auf Profi-Niveau!\r\n","potentialAction":[{"@type":"SearchAction","target":{"@type":"EntryPoint","urlTemplate":"https:\/\/procamera-app.com\/en\/?s={search_term_string}"},"query-input":{"@type":"PropertyValueSpecification","valueRequired":true,"valueName":"search_term_string"}}],"inLanguage":"de"}]}},"_links":{"self":[{"href":"https:\/\/procamera-app.com\/de\/wp-json\/wp\/v2\/pages\/36666","targetHints":{"allow":["GET"]}}],"collection":[{"href":"https:\/\/procamera-app.com\/de\/wp-json\/wp\/v2\/pages"}],"about":[{"href":"https:\/\/procamera-app.com\/de\/wp-json\/wp\/v2\/types\/page"}],"author":[{"embeddable":true,"href":"https:\/\/procamera-app.com\/de\/wp-json\/wp\/v2\/users\/1"}],"replies":[{"embeddable":true,"href":"https:\/\/procamera-app.com\/de\/wp-json\/wp\/v2\/comments?post=36666"}],"version-history":[{"count":2,"href":"https:\/\/procamera-app.com\/de\/wp-json\/wp\/v2\/pages\/36666\/revisions"}],"predecessor-version":[{"id":61307,"href":"https:\/\/procamera-app.com\/de\/wp-json\/wp\/v2\/pages\/36666\/revisions\/61307"}],"wp:attachment":[{"href":"https:\/\/procamera-app.com\/de\/wp-json\/wp\/v2\/media?parent=36666"}],"curies":[{"name":"wp","href":"https:\/\/api.w.org\/{rel}","templated":true}]}}