{"id":36747,"date":"2015-04-21T08:33:41","date_gmt":"2015-04-21T08:33:41","guid":{"rendered":"https:\/\/www.procamera-app.com\/?page_id=36747"},"modified":"2018-02-08T08:49:43","modified_gmt":"2018-02-08T07:49:43","slug":"blog","status":"publish","type":"page","link":"https:\/\/procamera-app.com\/de\/blog\/","title":{"rendered":"Blog &#8211; News und Infos rund um Mobil-Fotografie"},"content":{"rendered":"<div class=\"wpb-content-wrapper\"><p>[vc_row][vc_column][vc_column_text]<\/p>\n<h1>Top Trends und News zu Mobil-Fotografie und Videografie<\/h1>\n<p>[\/vc_column_text][vc_column_text]<\/p>\n<h2>Interessante Beitr\u00e4ge aus dem Kosmos von ProCamera &#8211; der iOS-App f\u00fcr professionelle Fotografie, Videografie und Bildbearbeitung.<\/h2>\n<p>[\/vc_column_text][\/vc_column][\/vc_row]<\/p>\n<\/div>","protected":false},"excerpt":{"rendered":"<p>[vc_row][vc_column][vc_column_text] Top Trends und News zu Mobil-Fotografie und Videografie [\/vc_column_text][vc_column_text] Interessante Beitr\u00e4ge aus dem Kosmos&hellip;<\/p>\n","protected":false},"author":1,"featured_media":0,"parent":0,"menu_order":0,"comment_status":"closed","ping_status":"closed","template":"template-blog-list.php","meta":{"inline_featured_image":false,"footnotes":""},"class_list":["post-36747","page","type-page","status-publish","hentry","description-off"],"yoast_head":"<!-- This site is optimized with the Yoast SEO plugin v25.1 - https:\/\/yoast.com\/wordpress\/plugins\/seo\/ -->\n<title>ProCamera Blog - News und Infos rund um Mobil-Fotografie<\/title>\n<meta name=\"description\" content=\"Der ProCamera Blog informiert regelm\u00e4\u00dfig \u00fcber Trends und News rund um das Fotografieren mit dem iPhone. Fotografie, Video und Foto-Nachbearbeitung!\" \/>\n<meta name=\"robots\" content=\"index, follow, max-snippet:-1, max-image-preview:large, max-video-preview:-1\" \/>\n<link rel=\"canonical\" href=\"https:\/\/procamera-app.com\/de\/blog\/\" \/>\n<meta property=\"og:locale\" content=\"de_DE\" \/>\n<meta property=\"og:type\" content=\"article\" \/>\n<meta property=\"og:title\" content=\"ProCamera Blog - News und Infos rund um Mobil-Fotografie\" \/>\n<meta property=\"og:description\" content=\"Der ProCamera Blog informiert regelm\u00e4\u00dfig \u00fcber Trends und News rund um das Fotografieren mit dem iPhone. Fotografie, Video und Foto-Nachbearbeitung!\" \/>\n<meta property=\"og:url\" content=\"https:\/\/procamera-app.com\/de\/blog\/\" \/>\n<meta property=\"og:site_name\" content=\"ProCamera Blog - Turn your iPhone into a powerful digital camera\" \/>\n<meta property=\"article:publisher\" content=\"https:\/\/www.facebook.com\/ProCameraApp\" \/>\n<meta property=\"article:modified_time\" content=\"2018-02-08T07:49:43+00:00\" \/>\n<meta name=\"twitter:card\" content=\"summary_large_image\" \/>\n<meta name=\"twitter:site\" content=\"@ProCamera\" \/>\n<script type=\"application\/ld+json\" class=\"yoast-schema-graph\">{\"@context\":\"https:\/\/schema.org\",\"@graph\":[{\"@type\":\"WebPage\",\"@id\":\"https:\/\/procamera-app.com\/de\/blog\/\",\"url\":\"https:\/\/procamera-app.com\/de\/blog\/\",\"name\":\"ProCamera Blog - News und Infos rund um Mobil-Fotografie\",\"isPartOf\":{\"@id\":\"https:\/\/procamera-app.com\/en\/#website\"},\"datePublished\":\"2015-04-21T08:33:41+00:00\",\"dateModified\":\"2018-02-08T07:49:43+00:00\",\"description\":\"Der ProCamera Blog informiert regelm\u00e4\u00dfig \u00fcber Trends und News rund um das Fotografieren mit dem iPhone. Fotografie, Video und Foto-Nachbearbeitung!\",\"breadcrumb\":{\"@id\":\"https:\/\/procamera-app.com\/de\/blog\/#breadcrumb\"},\"inLanguage\":\"de\",\"potentialAction\":[{\"@type\":\"ReadAction\",\"target\":[\"https:\/\/procamera-app.com\/de\/blog\/\"]}]},{\"@type\":\"BreadcrumbList\",\"@id\":\"https:\/\/procamera-app.com\/de\/blog\/#breadcrumb\",\"itemListElement\":[{\"@type\":\"ListItem\",\"position\":1,\"name\":\"Home\",\"item\":\"https:\/\/procamera-app.com\/de\/\"},{\"@type\":\"ListItem\",\"position\":2,\"name\":\"Blog &#8211; News und Infos rund um Mobil-Fotografie\"}]},{\"@type\":\"WebSite\",\"@id\":\"https:\/\/procamera-app.com\/en\/#website\",\"url\":\"https:\/\/procamera-app.com\/en\/\",\"name\":\"ProCamera Blog - Turn your iPhone into a powerful digital camera\",\"description\":\"ProCamera ist die iOS-App f\u00fcr Fotografie, Video und Foto-Nachbearbeitung auf Profi-Niveau!\\r\\n\",\"potentialAction\":[{\"@type\":\"SearchAction\",\"target\":{\"@type\":\"EntryPoint\",\"urlTemplate\":\"https:\/\/procamera-app.com\/en\/?s={search_term_string}\"},\"query-input\":{\"@type\":\"PropertyValueSpecification\",\"valueRequired\":true,\"valueName\":\"search_term_string\"}}],\"inLanguage\":\"de\"}]}<\/script>\n<!-- \/ Yoast SEO plugin. -->","yoast_head_json":{"title":"ProCamera Blog - News und Infos rund um Mobil-Fotografie","description":"Der ProCamera Blog informiert regelm\u00e4\u00dfig \u00fcber Trends und News rund um das Fotografieren mit dem iPhone. Fotografie, Video und Foto-Nachbearbeitung!","robots":{"index":"index","follow":"follow","max-snippet":"max-snippet:-1","max-image-preview":"max-image-preview:large","max-video-preview":"max-video-preview:-1"},"canonical":"https:\/\/procamera-app.com\/de\/blog\/","og_locale":"de_DE","og_type":"article","og_title":"ProCamera Blog - News und Infos rund um Mobil-Fotografie","og_description":"Der ProCamera Blog informiert regelm\u00e4\u00dfig \u00fcber Trends und News rund um das Fotografieren mit dem iPhone. Fotografie, Video und Foto-Nachbearbeitung!","og_url":"https:\/\/procamera-app.com\/de\/blog\/","og_site_name":"ProCamera Blog - Turn your iPhone into a powerful digital camera","article_publisher":"https:\/\/www.facebook.com\/ProCameraApp","article_modified_time":"2018-02-08T07:49:43+00:00","twitter_card":"summary_large_image","twitter_site":"@ProCamera","schema":{"@context":"https:\/\/schema.org","@graph":[{"@type":"WebPage","@id":"https:\/\/procamera-app.com\/de\/blog\/","url":"https:\/\/procamera-app.com\/de\/blog\/","name":"ProCamera Blog - News und Infos rund um Mobil-Fotografie","isPartOf":{"@id":"https:\/\/procamera-app.com\/en\/#website"},"datePublished":"2015-04-21T08:33:41+00:00","dateModified":"2018-02-08T07:49:43+00:00","description":"Der ProCamera Blog informiert regelm\u00e4\u00dfig \u00fcber Trends und News rund um das Fotografieren mit dem iPhone. Fotografie, Video und Foto-Nachbearbeitung!","breadcrumb":{"@id":"https:\/\/procamera-app.com\/de\/blog\/#breadcrumb"},"inLanguage":"de","potentialAction":[{"@type":"ReadAction","target":["https:\/\/procamera-app.com\/de\/blog\/"]}]},{"@type":"BreadcrumbList","@id":"https:\/\/procamera-app.com\/de\/blog\/#breadcrumb","itemListElement":[{"@type":"ListItem","position":1,"name":"Home","item":"https:\/\/procamera-app.com\/de\/"},{"@type":"ListItem","position":2,"name":"Blog &#8211; News und Infos rund um Mobil-Fotografie"}]},{"@type":"WebSite","@id":"https:\/\/procamera-app.com\/en\/#website","url":"https:\/\/procamera-app.com\/en\/","name":"ProCamera Blog - Turn your iPhone into a powerful digital camera","description":"ProCamera ist die iOS-App f\u00fcr Fotografie, Video und Foto-Nachbearbeitung auf Profi-Niveau!\r\n","potentialAction":[{"@type":"SearchAction","target":{"@type":"EntryPoint","urlTemplate":"https:\/\/procamera-app.com\/en\/?s={search_term_string}"},"query-input":{"@type":"PropertyValueSpecification","valueRequired":true,"valueName":"search_term_string"}}],"inLanguage":"de"}]}},"_links":{"self":[{"href":"https:\/\/procamera-app.com\/de\/wp-json\/wp\/v2\/pages\/36747","targetHints":{"allow":["GET"]}}],"collection":[{"href":"https:\/\/procamera-app.com\/de\/wp-json\/wp\/v2\/pages"}],"about":[{"href":"https:\/\/procamera-app.com\/de\/wp-json\/wp\/v2\/types\/page"}],"author":[{"embeddable":true,"href":"https:\/\/procamera-app.com\/de\/wp-json\/wp\/v2\/users\/1"}],"replies":[{"embeddable":true,"href":"https:\/\/procamera-app.com\/de\/wp-json\/wp\/v2\/comments?post=36747"}],"version-history":[{"count":0,"href":"https:\/\/procamera-app.com\/de\/wp-json\/wp\/v2\/pages\/36747\/revisions"}],"wp:attachment":[{"href":"https:\/\/procamera-app.com\/de\/wp-json\/wp\/v2\/media?parent=36747"}],"curies":[{"name":"wp","href":"https:\/\/api.w.org\/{rel}","templated":true}]}}