{"id":36904,"date":"2015-04-22T14:07:05","date_gmt":"2015-04-22T12:07:05","guid":{"rendered":"https:\/\/www.procamera-app.com\/?page_id=36904"},"modified":"2023-06-13T17:10:24","modified_gmt":"2023-06-13T15:10:24","slug":"fernausloeser-fuer-apple-watch","status":"publish","type":"page","link":"https:\/\/procamera-app.com\/de\/fernausloeser-fuer-apple-watch\/","title":{"rendered":"Fernausl\u00f6ser per Apple Watch"},"content":{"rendered":"<div class=\"wpb-content-wrapper\"><p>[vc_row type=&#8220;2&#8243; padding_top=&#8220;60&#8243; padding_bottom=&#8220;60&#8243; css=&#8220;.vc_custom_1547741145524{background-color: #ededed !important;}&#8220;][vc_column][vc_row_inner css=&#8220;.vc_custom_1547740957166{margin-bottom: 40px !important;}&#8220;][vc_column_inner width=&#8220;1\/4&#8243;][\/vc_column_inner][vc_column_inner width=&#8220;1\/2&#8243;][vc_column_text]<\/p>\n<h3 style=\"text-align: center;\">Professionelle Mobilfotografie<\/h3>\n<h1 style=\"text-align: center;\">Fernsteuerung von ProCamera per Apple Watch<\/h1>\n<h2 style=\"text-align: center;\">Professionelle Fotos ganz einfach \u00fcber die Apple Watch am Handgelenk ausl\u00f6sen!<\/h2>\n<p>[\/vc_column_text][\/vc_column_inner][vc_column_inner width=&#8220;1\/4&#8243;][\/vc_column_inner][\/vc_row_inner][vc_row_inner][vc_column_inner width=&#8220;7\/12&#8243;][vc_single_image image=&#8220;58627&#8243; img_size=&#8220;full&#8220; alignment=&#8220;center&#8220; css_animation=&#8220;none&#8220; css=&#8220;.vc_custom_1626274533168{margin-bottom: 40px !important;}&#8220;]<div class=\"ult-spacer spacer-6a04ae1a7b5cf\" data-id=\"6a04ae1a7b5cf\" data-height=\"\" data-height-mobile=\"40\" data-height-tab=\"40\" data-height-tab-portrait=\"40\" data-height-mobile-landscape=\"40\" style=\"clear:both;display:block;\"><\/div>[\/vc_column_inner][vc_column_inner width=&#8220;5\/12&#8243;][vc_column_text]<\/p>\n<h5 style=\"text-align: left;\">Mit der Hilfe der Apple Watch k\u00f6nnen Sie ProCamera komfortabel fernsteuern.<\/h5>\n<p style=\"text-align: left;\">Die unkomplizierte Fernsteuerung ist praktisch f\u00fcr Selbstportraits in hoher Bildqualit\u00e4t, Gruppenaufnahmen, Bilderserien und alle Situationen, in denen Sie nicht auf das iPhone-Display schauen k\u00f6nnen. Ein gro\u00dfer Ausl\u00f6ser erm\u00f6glicht die Bedienung, ohne auf das Display der Apple Watch zu schauen. Von der Apple Watch k\u00f6nnen Sie auch jederzeit den Kamera-Modus auf dem ferngesteuerten iPhone oder iPad anpassen oder den ProTimer Intervalometer konfigurieren.<\/p>\n<p>[\/vc_column_text][\/vc_column_inner][\/vc_row_inner][\/vc_column][\/vc_row][vc_row type=&#8220;3&#8243;][vc_column offset=&#8220;vc_hidden-xs&#8220;]<div class=\"hr-thin style-line\" style=\"width: 100%;border-top-width: 1px;\"><\/div>[vc_single_image image=&#8220;52478&#8243; img_size=&#8220;full&#8220; alignment=&#8220;center&#8220; onclick=&#8220;custom_link&#8220; img_link_target=&#8220;_blank&#8220; image_hovers=&#8220;false&#8220; link=&#8220;https:\/\/itunes.apple.com\/de\/app\/picmentum\/id1287820276?pt=949580&amp;ct=bapcweb&amp;mt=8&amp;at=11laV7&#8243; css=&#8220;.vc_custom_1547740462850{margin-top: 20px !important;margin-bottom: 25px !important;}&#8220;][\/vc_column][\/vc_row][vc_row type=&#8220;3&#8243;][vc_column offset=&#8220;vc_hidden-lg vc_hidden-md vc_hidden-sm&#8220;]<div class=\"hr-thin style-line\" style=\"width: 100%;border-top-width: 1px;\"><\/div>[vc_single_image image=&#8220;52481&#8243; img_size=&#8220;full&#8220; alignment=&#8220;center&#8220; onclick=&#8220;custom_link&#8220; img_link_target=&#8220;_blank&#8220; image_hovers=&#8220;false&#8220; link=&#8220;https:\/\/itunes.apple.com\/de\/app\/picmentum\/id1287820276?pt=949580&amp;ct=bapcweb&amp;mt=8&amp;at=11laV7&#8243; css=&#8220;.vc_custom_1547740473698{margin-top: 20px !important;margin-bottom: 25px !important;}&#8220;][\/vc_column][\/vc_row]<\/p>\n<\/div>","protected":false},"excerpt":{"rendered":"<p>[vc_row type=&#8220;2&#8243; padding_top=&#8220;60&#8243; padding_bottom=&#8220;60&#8243; css=&#8220;.vc_custom_1547741145524{background-color: #ededed !important;}&#8220;][vc_column][vc_row_inner css=&#8220;.vc_custom_1547740957166{margin-bottom: 40px !important;}&#8220;][vc_column_inner width=&#8220;1\/4&#8243;][\/vc_column_inner][vc_column_inner width=&#8220;1\/2&#8243;][vc_column_text] Professionelle Mobilfotografie Fernsteuerung&hellip;<\/p>\n","protected":false},"author":1,"featured_media":0,"parent":0,"menu_order":0,"comment_status":"closed","ping_status":"closed","template":"","meta":{"inline_featured_image":false,"footnotes":""},"class_list":["post-36904","page","type-page","status-publish","hentry","description-off"],"yoast_head":"<!-- This site is optimized with the Yoast SEO plugin v25.1 - https:\/\/yoast.com\/wordpress\/plugins\/seo\/ -->\n<title>Fernsteuerung von ProCamera auf dem iPhone per Apple Watch<\/title>\n<meta name=\"description\" content=\"Mobil und unkompliziert \u00fcber die Apple Watch am Handgelenk ausl\u00f6sen! Per Watch k\u00f6nnen Sie ProCamera auf Ihrem iPhone oder iPad fernsteuern.\" \/>\n<meta name=\"robots\" content=\"index, follow, max-snippet:-1, max-image-preview:large, max-video-preview:-1\" \/>\n<link rel=\"canonical\" href=\"https:\/\/procamera-app.com\/de\/fernausloeser-fuer-apple-watch\/\" \/>\n<meta property=\"og:locale\" content=\"de_DE\" \/>\n<meta property=\"og:type\" content=\"article\" \/>\n<meta property=\"og:title\" content=\"Fernsteuerung von ProCamera auf dem iPhone per Apple Watch\" \/>\n<meta property=\"og:description\" content=\"Mobil und unkompliziert \u00fcber die Apple Watch am Handgelenk ausl\u00f6sen! Per Watch k\u00f6nnen Sie ProCamera auf Ihrem iPhone oder iPad fernsteuern.\" \/>\n<meta property=\"og:url\" content=\"https:\/\/procamera-app.com\/de\/fernausloeser-fuer-apple-watch\/\" \/>\n<meta property=\"og:site_name\" content=\"ProCamera Blog - Turn your iPhone into a powerful digital camera\" \/>\n<meta property=\"article:publisher\" content=\"https:\/\/www.facebook.com\/ProCameraApp\" \/>\n<meta property=\"article:modified_time\" content=\"2023-06-13T15:10:24+00:00\" \/>\n<meta name=\"twitter:card\" content=\"summary_large_image\" \/>\n<meta name=\"twitter:site\" content=\"@ProCamera\" \/>\n<meta name=\"twitter:label1\" content=\"Gesch\u00e4tzte Lesezeit\" \/>\n\t<meta name=\"twitter:data1\" content=\"1\u00a0Minute\" \/>\n<script type=\"application\/ld+json\" class=\"yoast-schema-graph\">{\"@context\":\"https:\/\/schema.org\",\"@graph\":[{\"@type\":\"WebPage\",\"@id\":\"https:\/\/procamera-app.com\/de\/fernausloeser-fuer-apple-watch\/\",\"url\":\"https:\/\/procamera-app.com\/de\/fernausloeser-fuer-apple-watch\/\",\"name\":\"Fernsteuerung von ProCamera auf dem iPhone per Apple Watch\",\"isPartOf\":{\"@id\":\"https:\/\/procamera-app.com\/en\/#website\"},\"datePublished\":\"2015-04-22T12:07:05+00:00\",\"dateModified\":\"2023-06-13T15:10:24+00:00\",\"description\":\"Mobil und unkompliziert \u00fcber die Apple Watch am Handgelenk ausl\u00f6sen! Per Watch k\u00f6nnen Sie ProCamera auf Ihrem iPhone oder iPad fernsteuern.\",\"breadcrumb\":{\"@id\":\"https:\/\/procamera-app.com\/de\/fernausloeser-fuer-apple-watch\/#breadcrumb\"},\"inLanguage\":\"de\",\"potentialAction\":[{\"@type\":\"ReadAction\",\"target\":[\"https:\/\/procamera-app.com\/de\/fernausloeser-fuer-apple-watch\/\"]}]},{\"@type\":\"BreadcrumbList\",\"@id\":\"https:\/\/procamera-app.com\/de\/fernausloeser-fuer-apple-watch\/#breadcrumb\",\"itemListElement\":[{\"@type\":\"ListItem\",\"position\":1,\"name\":\"Home\",\"item\":\"https:\/\/procamera-app.com\/de\/\"},{\"@type\":\"ListItem\",\"position\":2,\"name\":\"Fernausl\u00f6ser per Apple Watch\"}]},{\"@type\":\"WebSite\",\"@id\":\"https:\/\/procamera-app.com\/en\/#website\",\"url\":\"https:\/\/procamera-app.com\/en\/\",\"name\":\"ProCamera Blog - Turn your iPhone into a powerful digital camera\",\"description\":\"ProCamera ist die iOS-App f\u00fcr Fotografie, Video und Foto-Nachbearbeitung auf Profi-Niveau!\\r\\n\",\"potentialAction\":[{\"@type\":\"SearchAction\",\"target\":{\"@type\":\"EntryPoint\",\"urlTemplate\":\"https:\/\/procamera-app.com\/en\/?s={search_term_string}\"},\"query-input\":{\"@type\":\"PropertyValueSpecification\",\"valueRequired\":true,\"valueName\":\"search_term_string\"}}],\"inLanguage\":\"de\"}]}<\/script>\n<!-- \/ Yoast SEO plugin. -->","yoast_head_json":{"title":"Fernsteuerung von ProCamera auf dem iPhone per Apple Watch","description":"Mobil und unkompliziert \u00fcber die Apple Watch am Handgelenk ausl\u00f6sen! Per Watch k\u00f6nnen Sie ProCamera auf Ihrem iPhone oder iPad fernsteuern.","robots":{"index":"index","follow":"follow","max-snippet":"max-snippet:-1","max-image-preview":"max-image-preview:large","max-video-preview":"max-video-preview:-1"},"canonical":"https:\/\/procamera-app.com\/de\/fernausloeser-fuer-apple-watch\/","og_locale":"de_DE","og_type":"article","og_title":"Fernsteuerung von ProCamera auf dem iPhone per Apple Watch","og_description":"Mobil und unkompliziert \u00fcber die Apple Watch am Handgelenk ausl\u00f6sen! Per Watch k\u00f6nnen Sie ProCamera auf Ihrem iPhone oder iPad fernsteuern.","og_url":"https:\/\/procamera-app.com\/de\/fernausloeser-fuer-apple-watch\/","og_site_name":"ProCamera Blog - Turn your iPhone into a powerful digital camera","article_publisher":"https:\/\/www.facebook.com\/ProCameraApp","article_modified_time":"2023-06-13T15:10:24+00:00","twitter_card":"summary_large_image","twitter_site":"@ProCamera","twitter_misc":{"Gesch\u00e4tzte Lesezeit":"1\u00a0Minute"},"schema":{"@context":"https:\/\/schema.org","@graph":[{"@type":"WebPage","@id":"https:\/\/procamera-app.com\/de\/fernausloeser-fuer-apple-watch\/","url":"https:\/\/procamera-app.com\/de\/fernausloeser-fuer-apple-watch\/","name":"Fernsteuerung von ProCamera auf dem iPhone per Apple Watch","isPartOf":{"@id":"https:\/\/procamera-app.com\/en\/#website"},"datePublished":"2015-04-22T12:07:05+00:00","dateModified":"2023-06-13T15:10:24+00:00","description":"Mobil und unkompliziert \u00fcber die Apple Watch am Handgelenk ausl\u00f6sen! Per Watch k\u00f6nnen Sie ProCamera auf Ihrem iPhone oder iPad fernsteuern.","breadcrumb":{"@id":"https:\/\/procamera-app.com\/de\/fernausloeser-fuer-apple-watch\/#breadcrumb"},"inLanguage":"de","potentialAction":[{"@type":"ReadAction","target":["https:\/\/procamera-app.com\/de\/fernausloeser-fuer-apple-watch\/"]}]},{"@type":"BreadcrumbList","@id":"https:\/\/procamera-app.com\/de\/fernausloeser-fuer-apple-watch\/#breadcrumb","itemListElement":[{"@type":"ListItem","position":1,"name":"Home","item":"https:\/\/procamera-app.com\/de\/"},{"@type":"ListItem","position":2,"name":"Fernausl\u00f6ser per Apple Watch"}]},{"@type":"WebSite","@id":"https:\/\/procamera-app.com\/en\/#website","url":"https:\/\/procamera-app.com\/en\/","name":"ProCamera Blog - Turn your iPhone into a powerful digital camera","description":"ProCamera ist die iOS-App f\u00fcr Fotografie, Video und Foto-Nachbearbeitung auf Profi-Niveau!\r\n","potentialAction":[{"@type":"SearchAction","target":{"@type":"EntryPoint","urlTemplate":"https:\/\/procamera-app.com\/en\/?s={search_term_string}"},"query-input":{"@type":"PropertyValueSpecification","valueRequired":true,"valueName":"search_term_string"}}],"inLanguage":"de"}]}},"_links":{"self":[{"href":"https:\/\/procamera-app.com\/de\/wp-json\/wp\/v2\/pages\/36904","targetHints":{"allow":["GET"]}}],"collection":[{"href":"https:\/\/procamera-app.com\/de\/wp-json\/wp\/v2\/pages"}],"about":[{"href":"https:\/\/procamera-app.com\/de\/wp-json\/wp\/v2\/types\/page"}],"author":[{"embeddable":true,"href":"https:\/\/procamera-app.com\/de\/wp-json\/wp\/v2\/users\/1"}],"replies":[{"embeddable":true,"href":"https:\/\/procamera-app.com\/de\/wp-json\/wp\/v2\/comments?post=36904"}],"version-history":[{"count":3,"href":"https:\/\/procamera-app.com\/de\/wp-json\/wp\/v2\/pages\/36904\/revisions"}],"predecessor-version":[{"id":61337,"href":"https:\/\/procamera-app.com\/de\/wp-json\/wp\/v2\/pages\/36904\/revisions\/61337"}],"wp:attachment":[{"href":"https:\/\/procamera-app.com\/de\/wp-json\/wp\/v2\/media?parent=36904"}],"curies":[{"name":"wp","href":"https:\/\/api.w.org\/{rel}","templated":true}]}}