{"id":38476,"date":"2015-08-11T11:40:31","date_gmt":"2015-08-11T09:40:31","guid":{"rendered":"https:\/\/www.procamera-app.com\/?page_id=38476"},"modified":"2022-02-21T13:14:46","modified_gmt":"2022-02-21T12:14:46","slug":"graukarte","status":"publish","type":"page","link":"https:\/\/procamera-app.com\/de\/graukarte\/","title":{"rendered":"Professioneller Wei\u00dfabgleich per Graukarte"},"content":{"rendered":"<div class=\"wpb-content-wrapper\"><p>[vc_row type=&#8220;2&#8243; margin_top=&#8220;0&#8243; margin_bottom=&#8220;0&#8243; full_width_row=&#8220;true&#8220; padding_top=&#8220;0&#8243; padding_bottom=&#8220;0&#8243; css=&#8220;.vc_custom_1639582025413{margin-bottom: 0px !important;}&#8220;][vc_column][vc_row_inner][vc_column_inner][vc_single_image image=&#8220;59718&#8243; img_size=&#8220;full&#8220; alignment=&#8220;center&#8220; image_hovers=&#8220;false&#8220;][\/vc_column_inner][\/vc_row_inner][\/vc_column][\/vc_row][vc_row type=&#8220;3&#8243; padding_top=&#8220;40&#8243;][vc_column][vc_row_inner][vc_column_inner width=&#8220;1\/4&#8243;][\/vc_column_inner][vc_column_inner width=&#8220;1\/2&#8243;][vc_column_text]<\/p>\n<h1 style=\"text-align: center;\">Nie wieder unerw\u00fcnschte Farbstiche &#8211; dank Wei\u00dfabgleich per Graukarte!<\/h1>\n<h2 style=\"text-align: center;\">Naturgetreue Farbt\u00f6ne durch ProCameras effektive Kamera-Kalibrierung oder den manuellen Wei\u00dfabgleich<\/h2>\n<p>[\/vc_column_text][\/vc_column_inner][vc_column_inner width=&#8220;1\/4&#8243;][\/vc_column_inner][\/vc_row_inner][vc_row_inner][vc_column_inner][vc_column_text]<\/p>\n<h4 style=\"text-align: center;\">Mit einer Graukarte l\u00e4sst sich schnell und einfach ein manueller Wei\u00dfabgleich\u00a0durchf\u00fchren.\u00a0Der Wei\u00dfabgleich dient dazu, die\u00a0Kamera auf die Farbtemperatur des Lichts am Aufnahmeort einzustellen. Dadurch k\u00f6nnen Farbstiche korrigiert werden und beispielsweise Hautt\u00f6ne ganz nat\u00fcrlich und wei\u00dfe Objekte als reines Wei\u00df wiedergegeben werden.<\/h4>\n<p>[\/vc_column_text][\/vc_column_inner][\/vc_row_inner][vc_row_inner][vc_column_inner width=&#8220;7\/12&#8243;][vc_single_image image=&#8220;42479&#8243; img_size=&#8220;full&#8220;]<div class=\"ult-spacer spacer-69d7bd40ae263\" data-id=\"69d7bd40ae263\" data-height=\"24\" data-height-mobile=\"24\" data-height-tab=\"24\" data-height-tab-portrait=\"24\" data-height-mobile-landscape=\"24\" style=\"clear:both;display:block;\"><\/div>[\/vc_column_inner][vc_column_inner width=&#8220;5\/12&#8243;][vc_column_text]In ProCamera kann der Wei\u00dfabgleich auf zwei Weisen manuell eingestellt werden: Entweder \u00fcber die Einstellskalen Farbstich &amp; Farbtemperatur oder durch die Kalibrierung anhand einer Graukarte. Beide Wege sind Teil der manuellen Steuerung und daher im manuellen M oder dem semi-automatischen SI Modus verf\u00fcgbar.<\/p>\n<p>Der neutrale Grauton der Graukarte dient der Kamera als Referenz f\u00fcr die interne Kalibrierung. Wichtig ist dabei, dass die Graukarte zum Zeitpunkt der Messung unter m\u00f6glichst identischen Lichtbedingungen wie das tats\u00e4chliche Fotomotiv platziert wird. Sobald die Kalibrierung durchgef\u00fchrt wurde, was im Endeffekt nur ein Tippen und Halten der WB-Schalfl\u00e4che auf dem Aufnahmebildschirm ist, wird dieser Wert gespeichert und\u00a0kann auch f\u00fcr die anschlie\u00dfenden Aufnahmen genutzt werden. Durch Antippen der WB-Schaltfl\u00e4che kehrt man zur\u00fcck zum automatischen Wei\u00dfabgleich, bei dem die Kamera automatisch und kontinuierlich die Anpassung vornimmt.<\/p>\n<p>Eine weitere Einsatzm\u00f6glichkeit f\u00fcr\u00a0die Graukarte besteht in der nachtr\u00e4glichen Bildbearbeitung. Wenn die Karte auf einer der Aufnahmen zu sehen ist, kann in vielen Bildbearbeitungs-Programmen mit dem Wei\u00dfabgleich-Werkzeug eine Stelle auf der Graukarte ausgew\u00e4hlt werden. Sie dient der Software als Referenz f\u00fcr die Anpassung des Wei\u00dfabgleich und der Messwert kann, beispielsweise bei einer Fotoserie, f\u00fcr alle Bilder mit identischen\u00a0Lichtbedingungen genutzt werden.[\/vc_column_text][\/vc_column_inner][\/vc_row_inner][\/vc_column][\/vc_row][vc_row type=&#8220;3&#8243; padding_top=&#8220;100&#8243;][vc_column][vc_column_text css=&#8220;.vc_custom_1639582935396{padding-bottom: 25px !important;}&#8220;]<\/p>\n<h4>So einfach funktioniert die Graukarten Kalibrierung in ProCamera:<\/h4>\n<p>[\/vc_column_text][vc_row_inner][vc_column_inner width=&#8220;1\/2&#8243;][vc_single_image image=&#8220;59694&#8243; img_size=&#8220;full&#8220; alignment=&#8220;center&#8220; css=&#8220;.vc_custom_1638357561832{margin-bottom: 30px !important;}&#8220;][\/vc_column_inner][vc_column_inner width=&#8220;1\/2&#8243; css=&#8220;.vc_custom_1639579611654{padding-bottom: 40px !important;}&#8220;]<div class=\"standard-arrow bullet-top\"><ul>\n<li>Wechseln Sie in den M oder SI Modus, um die manuelle Steuerung zu aktivieren. Die \u201eWB\u201c-Schaltfl\u00e4che (White Balance = Wei\u00dfabgleich) wird auf dem Aufnahmebildschirm angezeigt.<\/li>\n<li>Platzieren Sie die Graukarte vor der iPhone Kamera, so dass sie mehr als 50% des Bildsuchers abdeckt.<\/li>\n<li>Achten Sie darauf, dass die Graukarte unter \u00e4hnlichen bzw. idealerweise identischen Lichtbedingungen platziert wird, wie das zu fotografierende Objekt.<\/li>\n<li>Halten Sie die \u201eWB\u201c-Schaltfl\u00e4che kurz gedr\u00fcckt bis die Graukarten-Kalibrierung im Bildschirm best\u00e4tigt wird (ca. 1 Sekunde).<\/li>\n<li>Der gemessene Wert wird gespeichert und f\u00fcr die darauffolgenden Aufnahmen genutzt.<\/li>\n<li>Durch Antippen der \u201eWB\u201c-Schaltfl\u00e4che wird der vorherige Messwert verworfen und Sie kehren zur\u00fcck zum automatischen Wei\u00dfabgleich.<\/li>\n<\/ul>\n<\/div>[\/vc_column_inner][\/vc_row_inner][\/vc_column][\/vc_row][vc_row type=&#8220;2&#8243; padding_top=&#8220;100&#8243; padding_bottom=&#8220;80&#8243;][vc_column][vc_row_inner][vc_column_inner width=&#8220;1\/4&#8243;][\/vc_column_inner][vc_column_inner width=&#8220;1\/2&#8243;][vc_column_text]<\/p>\n<h2 style=\"text-align: center;\">Melden Sie sich zu unserem Newsletter an, um vor allen anderen \u00fcber neue ProCamera Produkte informiert zu werden.<\/h2>\n<p>[\/vc_column_text][\/vc_column_inner][vc_column_inner width=&#8220;1\/4&#8243;][\/vc_column_inner][\/vc_row_inner]<div class=\" ubtn-ctn-center button.pcbutton\"><a class=\"ubtn-link ult-adjust-bottom-margin ubtn-center ubtn-small button.pcbutton\" href=\"https:\/\/www.procamera-app.com\/de\/newsletter\" title=\"Newsletter\" ><button type=\"button\" id=\"ubtn-2094\"  class=\"ubtn ult-adjust-bottom-margin ult-responsive ubtn-small ubtn-fade-bg  none  ubtn-center   tooltip-69d7bd40ae2cf\"  data-hover=\"#5cc3ff\" data-border-color=\"#ffffff\" data-bg=\"\" data-hover-bg=\"#ffffff\" data-border-hover=\"#ffffff\" data-shadow-hover=\"\" data-shadow-click=\"none\" data-shadow=\"\" data-shd-shadow=\"\"  data-ultimate-target='#ubtn-2094'  data-responsive-json-new='{\"font-size\":\"desktop:16px;\",\"line-height\":\"\"}'  style=\"font-weight:normal;border-radius:8px;border-width:1px;border-color:#ffffff;border-style:solid;color: #5cc3ff;\"><span class=\"ubtn-hover\" style=\"background-color:#ffffff\"><\/span><span class=\"ubtn-data ubtn-text \" >Hier eintragen<\/span><\/button><\/a><\/div>[\/vc_column][\/vc_row][vc_row type=&#8220;3&#8243;][vc_column offset=&#8220;vc_hidden-xs&#8220;]<div class=\"hr-thin style-line\" style=\"width: 100%;border-top-width: 1px;\"><\/div>[vc_single_image image=&#8220;52478&#8243; img_size=&#8220;full&#8220; alignment=&#8220;center&#8220; onclick=&#8220;custom_link&#8220; img_link_target=&#8220;_blank&#8220; image_hovers=&#8220;false&#8220; link=&#8220;https:\/\/itunes.apple.com\/de\/app\/picmentum\/id1287820276?pt=949580&amp;ct=bapcweb&amp;mt=8&amp;at=11laV7&#8243; css=&#8220;.vc_custom_1547745000938{margin-top: 20px !important;margin-bottom: 25px !important;}&#8220;][\/vc_column][\/vc_row][vc_row type=&#8220;3&#8243;][vc_column offset=&#8220;vc_hidden-lg vc_hidden-md vc_hidden-sm&#8220;]<div class=\"hr-thin style-line\" style=\"width: 100%;border-top-width: 1px;\"><\/div>[vc_single_image image=&#8220;52481&#8243; img_size=&#8220;full&#8220; alignment=&#8220;center&#8220; onclick=&#8220;custom_link&#8220; img_link_target=&#8220;_blank&#8220; image_hovers=&#8220;false&#8220; link=&#8220;https:\/\/itunes.apple.com\/de\/app\/picmentum\/id1287820276?pt=949580&amp;ct=bapcweb&amp;mt=8&amp;at=11laV7&#8243; css=&#8220;.vc_custom_1547745010659{margin-top: 20px !important;margin-bottom: 25px !important;}&#8220;][\/vc_column][\/vc_row]<\/p>\n<\/div>","protected":false},"excerpt":{"rendered":"<p>[vc_row type=&#8220;2&#8243; margin_top=&#8220;0&#8243; margin_bottom=&#8220;0&#8243; full_width_row=&#8220;true&#8220; padding_top=&#8220;0&#8243; padding_bottom=&#8220;0&#8243; css=&#8220;.vc_custom_1639582025413{margin-bottom: 0px !important;}&#8220;][vc_column][vc_row_inner][vc_column_inner][vc_single_image image=&#8220;59718&#8243; img_size=&#8220;full&#8220; alignment=&#8220;center&#8220; image_hovers=&#8220;false&#8220;][\/vc_column_inner][\/vc_row_inner][\/vc_column][\/vc_row][vc_row type=&#8220;3&#8243;&hellip;<\/p>\n","protected":false},"author":98,"featured_media":0,"parent":0,"menu_order":0,"comment_status":"closed","ping_status":"closed","template":"","meta":{"inline_featured_image":false,"footnotes":""},"class_list":["post-38476","page","type-page","status-publish","hentry","description-off"],"yoast_head":"<!-- This site is optimized with the Yoast SEO plugin v25.1 - https:\/\/yoast.com\/wordpress\/plugins\/seo\/ -->\n<title>Professioneller Wei\u00dfabgleich per Graukarte und ProCamera<\/title>\n<meta name=\"description\" content=\"Mit ProCamera ungew\u00fcnschte Farbstiche bei iPhone-Fotos verhindern oder in der Bildbearbeitung beseitigen - durch professionellen Wei\u00dfabgleich per Graukarte.\" \/>\n<meta name=\"robots\" content=\"index, follow, max-snippet:-1, max-image-preview:large, max-video-preview:-1\" \/>\n<link rel=\"canonical\" href=\"https:\/\/procamera-app.com\/de\/graukarte\/\" \/>\n<meta property=\"og:locale\" content=\"de_DE\" \/>\n<meta property=\"og:type\" content=\"article\" \/>\n<meta property=\"og:title\" content=\"Professioneller Wei\u00dfabgleich per Graukarte und ProCamera\" \/>\n<meta property=\"og:description\" content=\"Mit ProCamera ungew\u00fcnschte Farbstiche bei iPhone-Fotos verhindern oder in der Bildbearbeitung beseitigen - durch professionellen Wei\u00dfabgleich per Graukarte.\" \/>\n<meta property=\"og:url\" content=\"https:\/\/procamera-app.com\/de\/graukarte\/\" \/>\n<meta property=\"og:site_name\" content=\"ProCamera Blog - Turn your iPhone into a powerful digital camera\" \/>\n<meta property=\"article:publisher\" content=\"https:\/\/www.facebook.com\/ProCameraApp\" \/>\n<meta property=\"article:modified_time\" content=\"2022-02-21T12:14:46+00:00\" \/>\n<meta name=\"twitter:card\" content=\"summary_large_image\" \/>\n<meta name=\"twitter:site\" content=\"@ProCamera\" \/>\n<meta name=\"twitter:label1\" content=\"Gesch\u00e4tzte Lesezeit\" \/>\n\t<meta name=\"twitter:data1\" content=\"3\u00a0Minuten\" \/>\n<script type=\"application\/ld+json\" class=\"yoast-schema-graph\">{\"@context\":\"https:\/\/schema.org\",\"@graph\":[{\"@type\":\"WebPage\",\"@id\":\"https:\/\/procamera-app.com\/de\/graukarte\/\",\"url\":\"https:\/\/procamera-app.com\/de\/graukarte\/\",\"name\":\"Professioneller Wei\u00dfabgleich per Graukarte und ProCamera\",\"isPartOf\":{\"@id\":\"https:\/\/procamera-app.com\/en\/#website\"},\"datePublished\":\"2015-08-11T09:40:31+00:00\",\"dateModified\":\"2022-02-21T12:14:46+00:00\",\"description\":\"Mit ProCamera ungew\u00fcnschte Farbstiche bei iPhone-Fotos verhindern oder in der Bildbearbeitung beseitigen - durch professionellen Wei\u00dfabgleich per Graukarte.\",\"breadcrumb\":{\"@id\":\"https:\/\/procamera-app.com\/de\/graukarte\/#breadcrumb\"},\"inLanguage\":\"de\",\"potentialAction\":[{\"@type\":\"ReadAction\",\"target\":[\"https:\/\/procamera-app.com\/de\/graukarte\/\"]}]},{\"@type\":\"BreadcrumbList\",\"@id\":\"https:\/\/procamera-app.com\/de\/graukarte\/#breadcrumb\",\"itemListElement\":[{\"@type\":\"ListItem\",\"position\":1,\"name\":\"Home\",\"item\":\"https:\/\/procamera-app.com\/de\/\"},{\"@type\":\"ListItem\",\"position\":2,\"name\":\"Professioneller Wei\u00dfabgleich per Graukarte\"}]},{\"@type\":\"WebSite\",\"@id\":\"https:\/\/procamera-app.com\/en\/#website\",\"url\":\"https:\/\/procamera-app.com\/en\/\",\"name\":\"ProCamera Blog - Turn your iPhone into a powerful digital camera\",\"description\":\"ProCamera ist die iOS-App f\u00fcr Fotografie, Video und Foto-Nachbearbeitung auf Profi-Niveau!\\r\\n\",\"potentialAction\":[{\"@type\":\"SearchAction\",\"target\":{\"@type\":\"EntryPoint\",\"urlTemplate\":\"https:\/\/procamera-app.com\/en\/?s={search_term_string}\"},\"query-input\":{\"@type\":\"PropertyValueSpecification\",\"valueRequired\":true,\"valueName\":\"search_term_string\"}}],\"inLanguage\":\"de\"}]}<\/script>\n<!-- \/ Yoast SEO plugin. -->","yoast_head_json":{"title":"Professioneller Wei\u00dfabgleich per Graukarte und ProCamera","description":"Mit ProCamera ungew\u00fcnschte Farbstiche bei iPhone-Fotos verhindern oder in der Bildbearbeitung beseitigen - durch professionellen Wei\u00dfabgleich per Graukarte.","robots":{"index":"index","follow":"follow","max-snippet":"max-snippet:-1","max-image-preview":"max-image-preview:large","max-video-preview":"max-video-preview:-1"},"canonical":"https:\/\/procamera-app.com\/de\/graukarte\/","og_locale":"de_DE","og_type":"article","og_title":"Professioneller Wei\u00dfabgleich per Graukarte und ProCamera","og_description":"Mit ProCamera ungew\u00fcnschte Farbstiche bei iPhone-Fotos verhindern oder in der Bildbearbeitung beseitigen - durch professionellen Wei\u00dfabgleich per Graukarte.","og_url":"https:\/\/procamera-app.com\/de\/graukarte\/","og_site_name":"ProCamera Blog - Turn your iPhone into a powerful digital camera","article_publisher":"https:\/\/www.facebook.com\/ProCameraApp","article_modified_time":"2022-02-21T12:14:46+00:00","twitter_card":"summary_large_image","twitter_site":"@ProCamera","twitter_misc":{"Gesch\u00e4tzte Lesezeit":"3\u00a0Minuten"},"schema":{"@context":"https:\/\/schema.org","@graph":[{"@type":"WebPage","@id":"https:\/\/procamera-app.com\/de\/graukarte\/","url":"https:\/\/procamera-app.com\/de\/graukarte\/","name":"Professioneller Wei\u00dfabgleich per Graukarte und ProCamera","isPartOf":{"@id":"https:\/\/procamera-app.com\/en\/#website"},"datePublished":"2015-08-11T09:40:31+00:00","dateModified":"2022-02-21T12:14:46+00:00","description":"Mit ProCamera ungew\u00fcnschte Farbstiche bei iPhone-Fotos verhindern oder in der Bildbearbeitung beseitigen - durch professionellen Wei\u00dfabgleich per Graukarte.","breadcrumb":{"@id":"https:\/\/procamera-app.com\/de\/graukarte\/#breadcrumb"},"inLanguage":"de","potentialAction":[{"@type":"ReadAction","target":["https:\/\/procamera-app.com\/de\/graukarte\/"]}]},{"@type":"BreadcrumbList","@id":"https:\/\/procamera-app.com\/de\/graukarte\/#breadcrumb","itemListElement":[{"@type":"ListItem","position":1,"name":"Home","item":"https:\/\/procamera-app.com\/de\/"},{"@type":"ListItem","position":2,"name":"Professioneller Wei\u00dfabgleich per Graukarte"}]},{"@type":"WebSite","@id":"https:\/\/procamera-app.com\/en\/#website","url":"https:\/\/procamera-app.com\/en\/","name":"ProCamera Blog - Turn your iPhone into a powerful digital camera","description":"ProCamera ist die iOS-App f\u00fcr Fotografie, Video und Foto-Nachbearbeitung auf Profi-Niveau!\r\n","potentialAction":[{"@type":"SearchAction","target":{"@type":"EntryPoint","urlTemplate":"https:\/\/procamera-app.com\/en\/?s={search_term_string}"},"query-input":{"@type":"PropertyValueSpecification","valueRequired":true,"valueName":"search_term_string"}}],"inLanguage":"de"}]}},"_links":{"self":[{"href":"https:\/\/procamera-app.com\/de\/wp-json\/wp\/v2\/pages\/38476","targetHints":{"allow":["GET"]}}],"collection":[{"href":"https:\/\/procamera-app.com\/de\/wp-json\/wp\/v2\/pages"}],"about":[{"href":"https:\/\/procamera-app.com\/de\/wp-json\/wp\/v2\/types\/page"}],"author":[{"embeddable":true,"href":"https:\/\/procamera-app.com\/de\/wp-json\/wp\/v2\/users\/98"}],"replies":[{"embeddable":true,"href":"https:\/\/procamera-app.com\/de\/wp-json\/wp\/v2\/comments?post=38476"}],"version-history":[{"count":4,"href":"https:\/\/procamera-app.com\/de\/wp-json\/wp\/v2\/pages\/38476\/revisions"}],"predecessor-version":[{"id":59889,"href":"https:\/\/procamera-app.com\/de\/wp-json\/wp\/v2\/pages\/38476\/revisions\/59889"}],"wp:attachment":[{"href":"https:\/\/procamera-app.com\/de\/wp-json\/wp\/v2\/media?parent=38476"}],"curies":[{"name":"wp","href":"https:\/\/api.w.org\/{rel}","templated":true}]}}