{"id":38608,"date":"2015-09-14T09:08:01","date_gmt":"2015-09-14T07:08:01","guid":{"rendered":"https:\/\/www.procamera-app.com\/?page_id=38608"},"modified":"2023-03-09T13:02:34","modified_gmt":"2023-03-09T12:02:34","slug":"newsletter","status":"publish","type":"page","link":"https:\/\/procamera-app.com\/de\/newsletter\/","title":{"rendered":"Newsletter"},"content":{"rendered":"<div class=\"wpb-content-wrapper\"><p>[vc_row type=&#8220;2&#8243; padding_top=&#8220;90&#8243;][vc_column width=&#8220;1\/4&#8243;][\/vc_column][vc_column width=&#8220;1\/2&#8243;][vc_column_text]<\/p>\n<h3 style=\"text-align: center;\">Neuigkeiten und Tutorials<\/h3>\n<h1 style=\"text-align: center;\">ProCamera\u00a0Newsletter<\/h1>\n<h2 style=\"text-align: center;\">Werden Sie zum Foto-Profi und erfahren Sie wor\u00fcber die Welt der Mobilfotografie gerade spricht.<\/h2>\n<p>[\/vc_column_text][vc_column_text]<\/p>\n<p style=\"text-align: center;\">Lassen Sie sich informieren und inspirieren: Mit unserem Newsletter lernen Sie Schritt f\u00fcr Schritt die ganze Vielfalt an Funktionen von ProCamera kennen. Neben Tipps und Tricks f\u00fcr noch bessere Fotos und Videos erfahren Sie au\u00dferdem vor allen anderen, an welchen neuen Kamerafunktionen wir gerade arbeiten.<\/p>\n<p>[\/vc_column_text][\/vc_column][vc_column width=&#8220;1\/4&#8243;][\/vc_column][\/vc_row][vc_row type=&#8220;2&#8243; padding_top=&#8220;40&#8243; padding_bottom=&#8220;60&#8243;][vc_column width=&#8220;1\/2&#8243;][vc_column_text]<\/p>\n<div id=\"mc_embed_signup\">\n<form id=\"mc-embedded-subscribe-form\" class=\"validate\" action=\"https:\/\/procamera-app.us6.list-manage.com\/subscribe\/post?u=f0660ea314775ff47bdaa6f98&amp;id=5ab8039a6c\" method=\"post\" name=\"mc-embedded-subscribe-form\" novalidate=\"\" target=\"_blank\">\n<div id=\"mc_embed_signup_scroll\">\n<div class=\"mc-field-group\" style=\"padding: 10px;\"><label for=\"mce-FNAME\">Vorname <\/label><br \/>\n<input id=\"mce-FNAME\" class=\"\" name=\"FNAME\" type=\"text\" value=\"\" \/><\/div>\n<div class=\"mc-field-group\" style=\"padding: 10px;\"><label for=\"mce-LNAME\">Nachname <\/label><br \/>\n<input id=\"mce-LNAME\" class=\"\" name=\"LNAME\" type=\"text\" value=\"\" \/><\/div>\n<div class=\"mc-field-group\" style=\"padding: 10px;\"><label for=\"mce-EMAIL\">Email Adresse (erforderlich)<\/label><br \/>\n<input id=\"mce-EMAIL\" class=\"required email\" name=\"EMAIL\" type=\"email\" value=\"\" \/><\/div>\n<div class=\"mc-field-group\" style=\"padding: 10px;\"><label for=\"mce-SPRACHE\">Sprache <\/label><br \/>\n<select id=\"mce-SPRACHE\" class=\"\" name=\"SPRACHE\"><option value=\"\"><\/option><option selected=\"selected\" value=\"Deutsch\">Deutsch \u00a0\u00a0<\/option><option value=\"English\">English\u00a0\u00a0<\/option><\/select><\/div>\n<div class=\"mc-field-group\" style=\"padding: 10px;\"><select id=\"mce-TUTORIALS\" class=\"\" style=\"display: none;\" name=\"TUTORIALS\"><option value=\"\"><\/option><option selected=\"selected\" value=\"YES\">YES<\/option><option value=\"NO\">NO<\/option><\/select><\/div>\n<div id=\"mergeRow-gdpr\" class=\"mergeRow gdpr-mergeRow content__gdprBlock mc-field-group\">\n<div class=\"content__gdpr\" style=\"padding: 10px;\">\n<fieldset class=\"mc_fieldset gdprRequired mc-field-group\" name=\"interestgroup_field\"><label class=\"checkbox subfield\" for=\"gdpr_1\"><input id=\"gdpr_1\" class=\"av-checkbox \" checked=\"checked\" name=\"gdpr[1]\" type=\"checkbox\" value=\"Y\" \/> Ja, ich m\u00f6chte den E-Mail Newsletter erhalten<\/label><\/fieldset>\n<\/div>\n<\/div>\n<div class=\"clear\" style=\"padding: 10px;\"><input id=\"mc-embedded-subscribe\" class=\"button\" name=\"subscribe\" type=\"submit\" value=\"Anmelden\" \/><\/div>\n<\/div>\n<\/form>\n<\/div>\n<p>[\/vc_column_text][vc_column_text]<strong>Hinweise zum Datenschutz<\/strong><\/p>\n<p id=\"gdpr-description\">Der Schutz Ihrer pers\u00f6nlichen Angaben ist uns ein besonderes Anliegen. Ihre Angaben werden sorgf\u00e4ltig und gem\u00e4\u00df den gesetzlichen Bestimmungen zum Datenschutz verarbeitet. Wir geben Ihre Daten nicht ohne Ihre Zustimmung an Dritte weiter. Mit dem Absenden des Formular sind Sie damit einverstanden, dass wir Ihnen etwa einmal monatlich unseren Newsletter zusenden.<\/p>\n<p id=\"gdpr-legal\">Sie k\u00f6nnen sich jederzeit direkt im Newsletter wieder abmelden. Unter newsletter@cocologics.com erhalten Sie Auskunft \u00fcber Ihre gespeicherten personenbezogenen Daten und k\u00f6nnen jederzeit deren Berichtigung, Sperrung oder L\u00f6schung verlangen.<\/p>\n<p>Wir verwenden MailChimp als unsere Plattform zur Newsletter-Automatisierung. Indem Sie oben auf den Absende-Button dieses Formulars klicken best\u00e4tigen Sie, dass die von Ihnen angegebenen Informationen an MailChimp zur Verarbeitung in \u00dcbereinstimmung mit deren <a href=\"https:\/\/mailchimp.com\/legal\/privacy\/\" target=\"_blank\" rel=\"noopener noreferrer\">Datenschutzrichtlinien<\/a> und <a href=\"https:\/\/mailchimp.com\/legal\/terms\/\" target=\"_blank\" rel=\"noopener noreferrer\">Bedingungen<\/a> weitergegeben werden.[\/vc_column_text][\/vc_column][vc_column width=&#8220;1\/2&#8243;][vc_single_image image=&#8220;60170&#8243; img_size=&#8220;full&#8220; alignment=&#8220;center&#8220; onclick=&#8220;custom_link&#8220; img_link_target=&#8220;_blank&#8220; link=&#8220;https:\/\/itunes.apple.com\/us\/app\/procamera\/id694647259?pt=949580&#038;ct=wsnl&#038;mt8&#038;uo=4&#038;at=11laV7&#8243;]<div class=\"ult-spacer spacer-69d320f9a8664\" data-id=\"69d320f9a8664\" data-height=\"40\" data-height-mobile=\"40\" data-height-tab=\"40\" data-height-tab-portrait=\"40\" data-height-mobile-landscape=\"40\" style=\"clear:both;display:block;\"><\/div>[\/vc_column][\/vc_row][vc_row type=&#8220;3&#8243;][vc_column offset=&#8220;vc_hidden-xs&#8220;]<div class=\"hr-thin style-line\" style=\"width: 100%;border-top-width: 1px;\"><\/div>[vc_single_image image=&#8220;52478&#8243; img_size=&#8220;full&#8220; alignment=&#8220;center&#8220; onclick=&#8220;custom_link&#8220; img_link_target=&#8220;_blank&#8220; image_hovers=&#8220;false&#8220; link=&#8220;https:\/\/itunes.apple.com\/de\/app\/picmentum\/id1287820276?pt=949580&amp;ct=bapcweb&amp;mt=8&amp;at=11laV7&#8243; css=&#8220;.vc_custom_1548071219270{margin-top: 20px !important;margin-bottom: 25px !important;}&#8220;][\/vc_column][\/vc_row][vc_row type=&#8220;2&#8243;][vc_column offset=&#8220;vc_hidden-lg vc_hidden-md vc_hidden-sm&#8220;]<div class=\"hr-thin style-line\" style=\"width: 100%;border-top-width: 1px;\"><\/div>[vc_single_image image=&#8220;52481&#8243; img_size=&#8220;full&#8220; alignment=&#8220;center&#8220; onclick=&#8220;custom_link&#8220; img_link_target=&#8220;_blank&#8220; image_hovers=&#8220;false&#8220; link=&#8220;https:\/\/itunes.apple.com\/de\/app\/picmentum\/id1287820276?pt=949580&amp;ct=bapcweb&amp;mt=8&amp;at=11laV7&#8243; css=&#8220;.vc_custom_1548089518969{margin-top: 20px !important;margin-bottom: 25px !important;}&#8220;][\/vc_column][\/vc_row]<\/p>\n<\/div>","protected":false},"excerpt":{"rendered":"<p>[vc_row type=&#8220;2&#8243; padding_top=&#8220;90&#8243;][vc_column width=&#8220;1\/4&#8243;][\/vc_column][vc_column width=&#8220;1\/2&#8243;][vc_column_text] Neuigkeiten und Tutorials ProCamera\u00a0Newsletter Werden Sie zum Foto-Profi und erfahren&hellip;<\/p>\n","protected":false},"author":98,"featured_media":0,"parent":0,"menu_order":0,"comment_status":"closed","ping_status":"closed","template":"","meta":{"inline_featured_image":false,"footnotes":""},"class_list":["post-38608","page","type-page","status-publish","hentry","description-off"],"yoast_head":"<!-- This site is optimized with the Yoast SEO plugin v25.1 - https:\/\/yoast.com\/wordpress\/plugins\/seo\/ -->\n<title>Mobil-Fotografie - Offizieller Newsletter von ProCamera<\/title>\n<meta name=\"description\" content=\"Nie wieder Trends und Updates verpassen: Alle News zur iOS App ProCamera und der ganzen Welt der Mobil-Fotografie. Bleibe auf dem Laufenden mit Tutorials und neuen Informationen.\" \/>\n<meta name=\"robots\" content=\"index, follow, max-snippet:-1, max-image-preview:large, max-video-preview:-1\" \/>\n<link rel=\"canonical\" href=\"https:\/\/procamera-app.com\/de\/newsletter\/\" \/>\n<meta property=\"og:locale\" content=\"de_DE\" \/>\n<meta property=\"og:type\" content=\"article\" \/>\n<meta property=\"og:title\" content=\"Mobil-Fotografie - Offizieller Newsletter von ProCamera\" \/>\n<meta property=\"og:description\" content=\"Nie wieder Trends und Updates verpassen: Alle News zur iOS App ProCamera und der ganzen Welt der Mobil-Fotografie. Bleibe auf dem Laufenden mit Tutorials und neuen Informationen.\" \/>\n<meta property=\"og:url\" content=\"https:\/\/procamera-app.com\/de\/newsletter\/\" \/>\n<meta property=\"og:site_name\" content=\"ProCamera Blog - Turn your iPhone into a powerful digital camera\" \/>\n<meta property=\"article:publisher\" content=\"https:\/\/www.facebook.com\/ProCameraApp\" \/>\n<meta property=\"article:modified_time\" content=\"2023-03-09T12:02:34+00:00\" \/>\n<meta name=\"twitter:card\" content=\"summary_large_image\" \/>\n<meta name=\"twitter:site\" content=\"@ProCamera\" \/>\n<meta name=\"twitter:label1\" content=\"Gesch\u00e4tzte Lesezeit\" \/>\n\t<meta name=\"twitter:data1\" content=\"2\u00a0Minuten\" \/>\n<script type=\"application\/ld+json\" class=\"yoast-schema-graph\">{\"@context\":\"https:\/\/schema.org\",\"@graph\":[{\"@type\":\"WebPage\",\"@id\":\"https:\/\/procamera-app.com\/de\/newsletter\/\",\"url\":\"https:\/\/procamera-app.com\/de\/newsletter\/\",\"name\":\"Mobil-Fotografie - Offizieller Newsletter von ProCamera\",\"isPartOf\":{\"@id\":\"https:\/\/procamera-app.com\/en\/#website\"},\"datePublished\":\"2015-09-14T07:08:01+00:00\",\"dateModified\":\"2023-03-09T12:02:34+00:00\",\"description\":\"Nie wieder Trends und Updates verpassen: Alle News zur iOS App ProCamera und der ganzen Welt der Mobil-Fotografie. Bleibe auf dem Laufenden mit Tutorials und neuen Informationen.\",\"breadcrumb\":{\"@id\":\"https:\/\/procamera-app.com\/de\/newsletter\/#breadcrumb\"},\"inLanguage\":\"de\",\"potentialAction\":[{\"@type\":\"ReadAction\",\"target\":[\"https:\/\/procamera-app.com\/de\/newsletter\/\"]}]},{\"@type\":\"BreadcrumbList\",\"@id\":\"https:\/\/procamera-app.com\/de\/newsletter\/#breadcrumb\",\"itemListElement\":[{\"@type\":\"ListItem\",\"position\":1,\"name\":\"Home\",\"item\":\"https:\/\/procamera-app.com\/de\/\"},{\"@type\":\"ListItem\",\"position\":2,\"name\":\"Newsletter\"}]},{\"@type\":\"WebSite\",\"@id\":\"https:\/\/procamera-app.com\/en\/#website\",\"url\":\"https:\/\/procamera-app.com\/en\/\",\"name\":\"ProCamera Blog - Turn your iPhone into a powerful digital camera\",\"description\":\"ProCamera ist die iOS-App f\u00fcr Fotografie, Video und Foto-Nachbearbeitung auf Profi-Niveau!\\r\\n\",\"potentialAction\":[{\"@type\":\"SearchAction\",\"target\":{\"@type\":\"EntryPoint\",\"urlTemplate\":\"https:\/\/procamera-app.com\/en\/?s={search_term_string}\"},\"query-input\":{\"@type\":\"PropertyValueSpecification\",\"valueRequired\":true,\"valueName\":\"search_term_string\"}}],\"inLanguage\":\"de\"}]}<\/script>\n<!-- \/ Yoast SEO plugin. -->","yoast_head_json":{"title":"Mobil-Fotografie - Offizieller Newsletter von ProCamera","description":"Nie wieder Trends und Updates verpassen: Alle News zur iOS App ProCamera und der ganzen Welt der Mobil-Fotografie. Bleibe auf dem Laufenden mit Tutorials und neuen Informationen.","robots":{"index":"index","follow":"follow","max-snippet":"max-snippet:-1","max-image-preview":"max-image-preview:large","max-video-preview":"max-video-preview:-1"},"canonical":"https:\/\/procamera-app.com\/de\/newsletter\/","og_locale":"de_DE","og_type":"article","og_title":"Mobil-Fotografie - Offizieller Newsletter von ProCamera","og_description":"Nie wieder Trends und Updates verpassen: Alle News zur iOS App ProCamera und der ganzen Welt der Mobil-Fotografie. Bleibe auf dem Laufenden mit Tutorials und neuen Informationen.","og_url":"https:\/\/procamera-app.com\/de\/newsletter\/","og_site_name":"ProCamera Blog - Turn your iPhone into a powerful digital camera","article_publisher":"https:\/\/www.facebook.com\/ProCameraApp","article_modified_time":"2023-03-09T12:02:34+00:00","twitter_card":"summary_large_image","twitter_site":"@ProCamera","twitter_misc":{"Gesch\u00e4tzte Lesezeit":"2\u00a0Minuten"},"schema":{"@context":"https:\/\/schema.org","@graph":[{"@type":"WebPage","@id":"https:\/\/procamera-app.com\/de\/newsletter\/","url":"https:\/\/procamera-app.com\/de\/newsletter\/","name":"Mobil-Fotografie - Offizieller Newsletter von ProCamera","isPartOf":{"@id":"https:\/\/procamera-app.com\/en\/#website"},"datePublished":"2015-09-14T07:08:01+00:00","dateModified":"2023-03-09T12:02:34+00:00","description":"Nie wieder Trends und Updates verpassen: Alle News zur iOS App ProCamera und der ganzen Welt der Mobil-Fotografie. Bleibe auf dem Laufenden mit Tutorials und neuen Informationen.","breadcrumb":{"@id":"https:\/\/procamera-app.com\/de\/newsletter\/#breadcrumb"},"inLanguage":"de","potentialAction":[{"@type":"ReadAction","target":["https:\/\/procamera-app.com\/de\/newsletter\/"]}]},{"@type":"BreadcrumbList","@id":"https:\/\/procamera-app.com\/de\/newsletter\/#breadcrumb","itemListElement":[{"@type":"ListItem","position":1,"name":"Home","item":"https:\/\/procamera-app.com\/de\/"},{"@type":"ListItem","position":2,"name":"Newsletter"}]},{"@type":"WebSite","@id":"https:\/\/procamera-app.com\/en\/#website","url":"https:\/\/procamera-app.com\/en\/","name":"ProCamera Blog - Turn your iPhone into a powerful digital camera","description":"ProCamera ist die iOS-App f\u00fcr Fotografie, Video und Foto-Nachbearbeitung auf Profi-Niveau!\r\n","potentialAction":[{"@type":"SearchAction","target":{"@type":"EntryPoint","urlTemplate":"https:\/\/procamera-app.com\/en\/?s={search_term_string}"},"query-input":{"@type":"PropertyValueSpecification","valueRequired":true,"valueName":"search_term_string"}}],"inLanguage":"de"}]}},"_links":{"self":[{"href":"https:\/\/procamera-app.com\/de\/wp-json\/wp\/v2\/pages\/38608","targetHints":{"allow":["GET"]}}],"collection":[{"href":"https:\/\/procamera-app.com\/de\/wp-json\/wp\/v2\/pages"}],"about":[{"href":"https:\/\/procamera-app.com\/de\/wp-json\/wp\/v2\/types\/page"}],"author":[{"embeddable":true,"href":"https:\/\/procamera-app.com\/de\/wp-json\/wp\/v2\/users\/98"}],"replies":[{"embeddable":true,"href":"https:\/\/procamera-app.com\/de\/wp-json\/wp\/v2\/comments?post=38608"}],"version-history":[{"count":4,"href":"https:\/\/procamera-app.com\/de\/wp-json\/wp\/v2\/pages\/38608\/revisions"}],"predecessor-version":[{"id":61068,"href":"https:\/\/procamera-app.com\/de\/wp-json\/wp\/v2\/pages\/38608\/revisions\/61068"}],"wp:attachment":[{"href":"https:\/\/procamera-app.com\/de\/wp-json\/wp\/v2\/media?parent=38608"}],"curies":[{"name":"wp","href":"https:\/\/api.w.org\/{rel}","templated":true}]}}