{"id":43240,"date":"2015-11-24T12:02:55","date_gmt":"2015-11-24T11:02:55","guid":{"rendered":"https:\/\/www.procamera-app.com\/de\/?page_id=43240"},"modified":"2016-11-10T07:02:10","modified_gmt":"2016-11-10T06:02:10","slug":"news","status":"publish","type":"page","link":"https:\/\/procamera-app.com\/de\/news\/","title":{"rendered":"ProCamera Blog"},"content":{"rendered":"<div class=\"wpb-content-wrapper\"><p>[vc_row][vc_column][\/vc_column][\/vc_row][vc_row][vc_column][vc_widget_sidebar show_bg=&#8220;false&#8220; sidebar_id=&#8220;sidebar_5&#8243;]<section class=\"items-grid wf-container\"><div class=\"wf-cell wf-1\"><article class=\"post-format-standard\"><div class=\"mini-post-img\"><a class=\"alignleft post-rollover layzr-bg\" href=\"https:\/\/procamera-app.com\/de\/blog\/neue-funktionen-in-procamera-v26-2-tiefeneffekt-im-neuen-studio-dateiformat-anzeige-unterstuetzung-fuer-neue-geraete\/\" aria-label=\"Post image\"><img decoding=\"async\" class=\"preload-me lazy-load aspect\" src=\"data:image\/svg+xml,%3Csvg%20xmlns%3D&#39;http%3A%2F%2Fwww.w3.org%2F2000%2Fsvg&#39;%20viewBox%3D&#39;0%200%2060%2060&#39;%2F%3E\" data-src=\"https:\/\/www.procamera-app.com\/wp-content\/uploads\/2026\/03\/Blogpost_FeaturedImage_v26.2-60x60.jpg\" data-srcset=\"https:\/\/www.procamera-app.com\/wp-content\/uploads\/2026\/03\/Blogpost_FeaturedImage_v26.2-60x60.jpg 60w, https:\/\/www.procamera-app.com\/wp-content\/uploads\/2026\/03\/Blogpost_FeaturedImage_v26.2-120x120.jpg 120w\" loading=\"eager\" style=\"--ratio: 60 \/ 60\" sizes=\"(max-width: 60px) 100vw, 60px\" width=\"60\" height=\"60\"  alt=\"\" \/><\/a><\/div><div class=\"post-content\"><a href=\"https:\/\/procamera-app.com\/de\/blog\/neue-funktionen-in-procamera-v26-2-tiefeneffekt-im-neuen-studio-dateiformat-anzeige-unterstuetzung-fuer-neue-geraete\/\">Neue Funktionen in ProCamera v26.2 &#8211; Tiefeneffekt im neuen Studio, Dateiformat-Anzeige, Unterst\u00fctzung f\u00fcr neue Ger\u00e4te<\/a><br \/><time class=\"text-secondary\" datetime=\"2026-03-20T21:16:25+01:00\">20\/03\/2026<\/time><\/div><\/article><\/div><div class=\"wf-cell wf-1\"><article class=\"post-format-standard\"><div class=\"mini-post-img\"><a class=\"alignleft post-rollover layzr-bg\" href=\"https:\/\/procamera-app.com\/de\/blog\/neue-funktionen-in-procamera-v26-1-airpods-als-mikro-externer-speicher-log-2-prores-raw-und-mehr\/\" aria-label=\"Post image\"><img decoding=\"async\" class=\"preload-me lazy-load aspect\" src=\"data:image\/svg+xml,%3Csvg%20xmlns%3D&#39;http%3A%2F%2Fwww.w3.org%2F2000%2Fsvg&#39;%20viewBox%3D&#39;0%200%2060%2060&#39;%2F%3E\" data-src=\"https:\/\/www.procamera-app.com\/wp-content\/uploads\/2025\/12\/Blogpost_FeaturedImage_v26-1-60x60.jpg\" data-srcset=\"https:\/\/www.procamera-app.com\/wp-content\/uploads\/2025\/12\/Blogpost_FeaturedImage_v26-1-60x60.jpg 60w, https:\/\/www.procamera-app.com\/wp-content\/uploads\/2025\/12\/Blogpost_FeaturedImage_v26-1-120x120.jpg 120w\" loading=\"eager\" style=\"--ratio: 60 \/ 60\" sizes=\"(max-width: 60px) 100vw, 60px\" width=\"60\" height=\"60\"  alt=\"\" \/><\/a><\/div><div class=\"post-content\"><a href=\"https:\/\/procamera-app.com\/de\/blog\/neue-funktionen-in-procamera-v26-1-airpods-als-mikro-externer-speicher-log-2-prores-raw-und-mehr\/\">Neue Funktionen in ProCamera v26.1 \u2013 AirPods als Mikro, externer Speicher, Log 2, ProRes RAW und mehr!<\/a><br \/><time class=\"text-secondary\" datetime=\"2025-12-19T13:49:46+01:00\">19\/12\/2025<\/time><\/div><\/article><\/div><div class=\"wf-cell wf-1\"><article class=\"post-format-standard\"><div class=\"mini-post-img\"><a class=\"alignleft post-rollover layzr-bg\" href=\"https:\/\/procamera-app.com\/de\/blog\/neue-funktionen-in-procamera-v26-0-grosses-update-fuer-ios-26-und-die-neue-iphone-17-generation\/\" aria-label=\"Post image\"><img decoding=\"async\" class=\"preload-me lazy-load aspect\" src=\"data:image\/svg+xml,%3Csvg%20xmlns%3D&#39;http%3A%2F%2Fwww.w3.org%2F2000%2Fsvg&#39;%20viewBox%3D&#39;0%200%2060%2060&#39;%2F%3E\" data-src=\"https:\/\/www.procamera-app.com\/wp-content\/uploads\/2025\/09\/ProCamera_WhatsNew_v26-0-60x60.jpg\" data-srcset=\"https:\/\/www.procamera-app.com\/wp-content\/uploads\/2025\/09\/ProCamera_WhatsNew_v26-0-60x60.jpg 60w, https:\/\/www.procamera-app.com\/wp-content\/uploads\/2025\/09\/ProCamera_WhatsNew_v26-0-120x120.jpg 120w\" loading=\"eager\" style=\"--ratio: 60 \/ 60\" sizes=\"(max-width: 60px) 100vw, 60px\" width=\"60\" height=\"60\"  alt=\"ProCamera v26.0 release )September 2025)\" \/><\/a><\/div><div class=\"post-content\"><a href=\"https:\/\/procamera-app.com\/de\/blog\/neue-funktionen-in-procamera-v26-0-grosses-update-fuer-ios-26-und-die-neue-iphone-17-generation\/\">Neue Funktionen in ProCamera v26.0 \u2013 Gro\u00dfes Update f\u00fcr iOS 26 und die neue iPhone 17 Generation<\/a><br \/><time class=\"text-secondary\" datetime=\"2025-09-29T14:36:50+02:00\">29\/09\/2025<\/time><\/div><\/article><\/div><\/section><div class=\"ult-spacer spacer-69df13f22c969\" data-id=\"69df13f22c969\" data-height=\"20\" data-height-mobile=\"20\" data-height-tab=\"20\" data-height-tab-portrait=\"20\" data-height-mobile-landscape=\"20\" style=\"clear:both;display:block;\"><\/div>[vc_column_text]<\/p>\n<p style=\"text-align: right;\"><a href=\"https:\/\/www.procamera-app.com\/de\/blog\/\">Weiterlesen&#8230;<\/a><\/p>\n<p>[\/vc_column_text][\/vc_column][\/vc_row]<\/p>\n<\/div>","protected":false},"excerpt":{"rendered":"<p>[vc_row][vc_column][\/vc_column][\/vc_row][vc_row][vc_column][vc_widget_sidebar show_bg=&#8220;false&#8220; sidebar_id=&#8220;sidebar_5&#8243;][vc_column_text] Weiterlesen&#8230; [\/vc_column_text][\/vc_column][\/vc_row]<\/p>\n","protected":false},"author":98,"featured_media":0,"parent":0,"menu_order":0,"comment_status":"closed","ping_status":"closed","template":"template-microsite.php","meta":{"inline_featured_image":false,"footnotes":""},"class_list":["post-43240","page","type-page","status-publish","hentry","description-off"],"yoast_head":"<!-- This site is optimized with the Yoast SEO plugin v25.1 - https:\/\/yoast.com\/wordpress\/plugins\/seo\/ -->\n<title>ProCamera - the next dimension in iOS mobile photography!<\/title>\n<meta name=\"description\" content=\"ProCameraBlog: Turn your iPhone into a powerful digital camera. ProCamera is an iOS photo, video, and editing app bursting with state-of-the-art technology!\" \/>\n<meta name=\"robots\" content=\"index, follow, max-snippet:-1, max-image-preview:large, max-video-preview:-1\" \/>\n<link rel=\"canonical\" href=\"https:\/\/procamera-app.com\/de\/news\/\" \/>\n<meta property=\"og:locale\" content=\"de_DE\" \/>\n<meta property=\"og:type\" content=\"article\" \/>\n<meta property=\"og:title\" content=\"ProCamera - the next dimension in iOS mobile photography!\" \/>\n<meta property=\"og:description\" content=\"ProCameraBlog: Turn your iPhone into a powerful digital camera. ProCamera is an iOS photo, video, and editing app bursting with state-of-the-art technology!\" \/>\n<meta property=\"og:url\" content=\"https:\/\/procamera-app.com\/de\/news\/\" \/>\n<meta property=\"og:site_name\" content=\"ProCamera Blog - Turn your iPhone into a powerful digital camera\" \/>\n<meta property=\"article:publisher\" content=\"https:\/\/www.facebook.com\/ProCameraApp\" \/>\n<meta property=\"article:modified_time\" content=\"2016-11-10T06:02:10+00:00\" \/>\n<meta name=\"twitter:card\" content=\"summary_large_image\" \/>\n<meta name=\"twitter:site\" content=\"@ProCamera\" \/>\n<script type=\"application\/ld+json\" class=\"yoast-schema-graph\">{\"@context\":\"https:\/\/schema.org\",\"@graph\":[{\"@type\":\"WebPage\",\"@id\":\"https:\/\/procamera-app.com\/de\/news\/\",\"url\":\"https:\/\/procamera-app.com\/de\/news\/\",\"name\":\"ProCamera - the next dimension in iOS mobile photography!\",\"isPartOf\":{\"@id\":\"https:\/\/procamera-app.com\/en\/#website\"},\"datePublished\":\"2015-11-24T11:02:55+00:00\",\"dateModified\":\"2016-11-10T06:02:10+00:00\",\"description\":\"ProCameraBlog: Turn your iPhone into a powerful digital camera. ProCamera is an iOS photo, video, and editing app bursting with state-of-the-art technology!\",\"breadcrumb\":{\"@id\":\"https:\/\/procamera-app.com\/de\/news\/#breadcrumb\"},\"inLanguage\":\"de\",\"potentialAction\":[{\"@type\":\"ReadAction\",\"target\":[\"https:\/\/procamera-app.com\/de\/news\/\"]}]},{\"@type\":\"BreadcrumbList\",\"@id\":\"https:\/\/procamera-app.com\/de\/news\/#breadcrumb\",\"itemListElement\":[{\"@type\":\"ListItem\",\"position\":1,\"name\":\"Home\",\"item\":\"https:\/\/procamera-app.com\/de\/\"},{\"@type\":\"ListItem\",\"position\":2,\"name\":\"ProCamera Blog\"}]},{\"@type\":\"WebSite\",\"@id\":\"https:\/\/procamera-app.com\/en\/#website\",\"url\":\"https:\/\/procamera-app.com\/en\/\",\"name\":\"ProCamera Blog - Turn your iPhone into a powerful digital camera\",\"description\":\"ProCamera ist die iOS-App f\u00fcr Fotografie, Video und Foto-Nachbearbeitung auf Profi-Niveau!\\r\\n\",\"potentialAction\":[{\"@type\":\"SearchAction\",\"target\":{\"@type\":\"EntryPoint\",\"urlTemplate\":\"https:\/\/procamera-app.com\/en\/?s={search_term_string}\"},\"query-input\":{\"@type\":\"PropertyValueSpecification\",\"valueRequired\":true,\"valueName\":\"search_term_string\"}}],\"inLanguage\":\"de\"}]}<\/script>\n<!-- \/ Yoast SEO plugin. -->","yoast_head_json":{"title":"ProCamera - the next dimension in iOS mobile photography!","description":"ProCameraBlog: Turn your iPhone into a powerful digital camera. ProCamera is an iOS photo, video, and editing app bursting with state-of-the-art technology!","robots":{"index":"index","follow":"follow","max-snippet":"max-snippet:-1","max-image-preview":"max-image-preview:large","max-video-preview":"max-video-preview:-1"},"canonical":"https:\/\/procamera-app.com\/de\/news\/","og_locale":"de_DE","og_type":"article","og_title":"ProCamera - the next dimension in iOS mobile photography!","og_description":"ProCameraBlog: Turn your iPhone into a powerful digital camera. ProCamera is an iOS photo, video, and editing app bursting with state-of-the-art technology!","og_url":"https:\/\/procamera-app.com\/de\/news\/","og_site_name":"ProCamera Blog - Turn your iPhone into a powerful digital camera","article_publisher":"https:\/\/www.facebook.com\/ProCameraApp","article_modified_time":"2016-11-10T06:02:10+00:00","twitter_card":"summary_large_image","twitter_site":"@ProCamera","schema":{"@context":"https:\/\/schema.org","@graph":[{"@type":"WebPage","@id":"https:\/\/procamera-app.com\/de\/news\/","url":"https:\/\/procamera-app.com\/de\/news\/","name":"ProCamera - the next dimension in iOS mobile photography!","isPartOf":{"@id":"https:\/\/procamera-app.com\/en\/#website"},"datePublished":"2015-11-24T11:02:55+00:00","dateModified":"2016-11-10T06:02:10+00:00","description":"ProCameraBlog: Turn your iPhone into a powerful digital camera. ProCamera is an iOS photo, video, and editing app bursting with state-of-the-art technology!","breadcrumb":{"@id":"https:\/\/procamera-app.com\/de\/news\/#breadcrumb"},"inLanguage":"de","potentialAction":[{"@type":"ReadAction","target":["https:\/\/procamera-app.com\/de\/news\/"]}]},{"@type":"BreadcrumbList","@id":"https:\/\/procamera-app.com\/de\/news\/#breadcrumb","itemListElement":[{"@type":"ListItem","position":1,"name":"Home","item":"https:\/\/procamera-app.com\/de\/"},{"@type":"ListItem","position":2,"name":"ProCamera Blog"}]},{"@type":"WebSite","@id":"https:\/\/procamera-app.com\/en\/#website","url":"https:\/\/procamera-app.com\/en\/","name":"ProCamera Blog - Turn your iPhone into a powerful digital camera","description":"ProCamera ist die iOS-App f\u00fcr Fotografie, Video und Foto-Nachbearbeitung auf Profi-Niveau!\r\n","potentialAction":[{"@type":"SearchAction","target":{"@type":"EntryPoint","urlTemplate":"https:\/\/procamera-app.com\/en\/?s={search_term_string}"},"query-input":{"@type":"PropertyValueSpecification","valueRequired":true,"valueName":"search_term_string"}}],"inLanguage":"de"}]}},"_links":{"self":[{"href":"https:\/\/procamera-app.com\/de\/wp-json\/wp\/v2\/pages\/43240","targetHints":{"allow":["GET"]}}],"collection":[{"href":"https:\/\/procamera-app.com\/de\/wp-json\/wp\/v2\/pages"}],"about":[{"href":"https:\/\/procamera-app.com\/de\/wp-json\/wp\/v2\/types\/page"}],"author":[{"embeddable":true,"href":"https:\/\/procamera-app.com\/de\/wp-json\/wp\/v2\/users\/98"}],"replies":[{"embeddable":true,"href":"https:\/\/procamera-app.com\/de\/wp-json\/wp\/v2\/comments?post=43240"}],"version-history":[{"count":0,"href":"https:\/\/procamera-app.com\/de\/wp-json\/wp\/v2\/pages\/43240\/revisions"}],"wp:attachment":[{"href":"https:\/\/procamera-app.com\/de\/wp-json\/wp\/v2\/media?parent=43240"}],"curies":[{"name":"wp","href":"https:\/\/api.w.org\/{rel}","templated":true}]}}