{"id":44727,"date":"2016-02-12T12:52:54","date_gmt":"2016-02-12T11:52:54","guid":{"rendered":"https:\/\/www.procamera-app.com\/de\/?page_id=44727"},"modified":"2020-08-27T14:58:10","modified_gmt":"2020-08-27T12:58:10","slug":"faq","status":"publish","type":"page","link":"https:\/\/procamera-app.com\/de\/faq\/","title":{"rendered":"FAQ &#8211; H\u00e4ufig gestellte Fragen"},"content":{"rendered":"<div class=\"wpb-content-wrapper\"><p>[vc_row type=&#8220;3&#8243; padding_top=&#8220;90&#8243;][vc_column][vc_column_text]<\/p>\n<h1 style=\"text-align: center;\">Danach werden wir \u00f6fter mal gefragt<\/h1>\n<p>[\/vc_column_text][vc_toggle title=&#8220;Wie kann ich die verschiedenen Objektive in ProCamera nutzen (Ultra Wide, Wide, Tele)?&#8220; style=&#8220;simple&#8220; color=&#8220;white&#8220; el_id=&#8220;1455119845726-1aaacdf8-c9df&#8220;]Im Unterschied zu anderen Kamera-Apps bietet ProCamera sowohl die Option <strong>jedes Objektiv einzeln<\/strong> zu nutzen (Ultraweitwinkel, Weitwinkel, Tele) als auch die M\u00f6glichkeit im <strong>Fusion-Modus<\/strong> die verschiedenen Kamerasysteme zu kombinieren.<\/p>\n<p>Wenn Sie ein iPhone mit mehreren Objektiven auf der R\u00fcckseite nutzen, <strong>tippen Sie auf die Zoomfaktor-Tasten im Sucherbild, um zwischen den verschiedenen Brennweiten zu wechseln<\/strong>. Eine wei\u00dfe Umrandung um alle Zoomfaktor-Tasten zeigt an, dass der Fusion-Modus aktiv ist \u2013 aktivieren Sie M\/SI im Aufnahmemen\u00fc, um gezielt nur ein einzelnes Objektiv zu nutzen. Wird nur ein Objektiv genutzt, markiert die wei\u00dfe Umrandung nicht wie vorher alle Zoomfaktor-Tasten, sondern nur das aktive Objektiv.<\/p>\n<p>Im vollautomatischen A Modus, bei dem die Kamera eigenst\u00e4ndig die besten Kameraeinstellungen w\u00e4hlt, wird automatisch Image Fusion genutzt \u2013 falls es f\u00fcr die aktuelle Aufnahmesituation hilfreich ist. Der hochentwickelte Fusion-Aufnahmeprozess verarbeitet mehrere Belichtungen (ggfs. aus mehreren Objektiven), um daraus ein optimiertes finales Bild zu erzeugen. Dabei k\u00f6nnen mehrere Belichtungszeiten verarbeitet werden, wodurch vorher angezeigte\/gew\u00e4hlte Belichtungseinstellungen (Zeit\/ISO) \u00fcberschrieben werden k\u00f6nnen. Im manuellen M und dem semiautomatischen SI Modus findet Fusion daher keine Anwendung, wenn zuvor manuelle Belichtungswerte eingestellt wurden. Dadurch wird sichergestellt, dass die Aufnahme mit den selbstgew\u00e4hlten Werten durchgef\u00fchrt wird.[\/vc_toggle][vc_toggle title=&#8220;Die App bzw. das Update l\u00e4sst sich nicht aus dem App Store herunterladen. Das Herunterladen ist im Gang, macht aber keine Fortschritte. Was ist zu tun?&#8220; style=&#8220;simple&#8220; color=&#8220;white&#8220; el_id=&#8220;1455119845796-ce1b27b9-09f2&#8243;]Bitte versuchen Sie Folgendes:<\/p>\n<p>1) L\u00f6schen Sie ProCamera von Ihrem iPhone. Tippen und Halten Sie dazu das ProCamera Icon auf dem Homescreen und w\u00e4hlen Sie anschlie\u00dfend App l\u00f6schen. (Pr\u00fcfen Sie bitte vor dem L\u00f6schen der App, dass keine wichtigen Aufnahmen im Ordner Lightbox und Private Lightbox gespeichert sind, denn diese werden beim L\u00f6schen der App ebenfalls entfernt).<\/p>\n<p>2) \u00d6ffnen Sie die App Store App und melden Sie sich mit ihrer Apple-ID ab. Tippen Sie dazu auf der Apps-Seite auf Ihr Nutzerbild rechts oben, gehen Sie an das Ende der neuen Seite und melden Sie sich dort ab.<\/p>\n<p>3) Starten Sie Ihr iPhone neu wie hier beschrieben: <a href=\"https:\/\/support.apple.com\/de-de\/HT201559\" target=\"_blank\" rel=\"noopener noreferrer\">https:\/\/support.apple.com\/de-de\/HT201559<\/a><\/p>\n<p>4) \u00d6ffnen Sie erneut die App Store App und beginnen Sie noch einmal mit dem Herunterladen. Sie werden aufgefordert, Ihre Apple-ID neu einzugeben.<\/p>\n<p>Falls Sie dennoch weiterhin Probleme haben, wenden Sie sich bitte an\u00a0<a href=\"https:\/\/getsupport.apple.com\/\" target=\"_blank\" rel=\"noopener noreferrer\">https:\/\/getsupport.apple.com<\/a>oder\u00a0<a href=\"http:\/\/reportaproblem.apple.com\/\" target=\"_blank\" rel=\"noopener noreferrer\">reportaproblem.apple.com<\/a>.<\/p>\n<p>Wir als Entwickler haben keinerlei Einfluss auf die Kauf- und Download-Vorg\u00e4nge im App Store und auch keinen Zugang zu Apple-ID oder anderen Kaufinformationen unserer Nutzer.[\/vc_toggle][vc_toggle title=&#8220;Wie bekomme ich vividHDR in ProCamera und LowLight Plus?&#8220; style=&#8220;simple&#8220; color=&#8220;white&#8220; el_id=&#8220;1455119845857-d90ace35-05ff&#8220;]\u00d6ffnen Sie den Modus-Wechsler; tippen Sie dazu auf das Icon mit den beiden Pfeilen links vom Ausl\u00f6ser.<\/p>\n<p>HDR und LowLight Plus erscheinen als Kamera-Modi. W\u00e4hlen Sie einen aus, machen Sie ein Foto und gehen Sie Schritt f\u00fcr Schritt weiter vor, bis das Kaufen-Fenster erscheint.<\/p>\n<p><a class=\"dt-single-image\" href=\"https:\/\/www.procamera-app.com\/wp-content\/uploads\/2016\/02\/1_ccb_all_icons_1950x250px.png\" rel=\"attachment wp-att-44470\" data-dt-img-description=\"\"><img loading=\"lazy\" decoding=\"async\" class=\"alignnone size-medium wp-image-44470\" src=\"https:\/\/www.procamera-app.com\/wp-content\/uploads\/2016\/02\/1_ccb_all_icons_1950x250px-300x38.png\" alt=\"1_ccb_all_icons_1950x250px\" width=\"300\" height=\"38\" srcset=\"https:\/\/www.procamera-app.com\/wp-content\/uploads\/2016\/02\/1_ccb_all_icons_1950x250px-300x38.png 300w, https:\/\/www.procamera-app.com\/wp-content\/uploads\/2016\/02\/1_ccb_all_icons_1950x250px-768x98.png 768w, https:\/\/www.procamera-app.com\/wp-content\/uploads\/2016\/02\/1_ccb_all_icons_1950x250px-1024x131.png 1024w, https:\/\/www.procamera-app.com\/wp-content\/uploads\/2016\/02\/1_ccb_all_icons_1950x250px-800x103.png 800w, https:\/\/www.procamera-app.com\/wp-content\/uploads\/2016\/02\/1_ccb_all_icons_1950x250px.png 1950w\" sizes=\"auto, (max-width: 300px) 100vw, 300px\" \/><\/a>[\/vc_toggle][vc_toggle title=&#8220;Die App st\u00fcrzt manchmal ab, wenn ich viele Bilder auf einmal aufnehme. Was kann man da machen?&#8220; style=&#8220;simple&#8220; color=&#8220;white&#8220; el_id=&#8220;1455119845917-60290d72-58f6&#8243;]Das kann an mangelndem Arbeitsspeicher liegen. Bitte starten Sie Ihr iPhone neu wie hier beschrieben:\u00a0<a href=\"https:\/\/support.apple.com\/de-de\/HT201559\" target=\"_blank\" rel=\"noopener noreferrer\">https:\/\/support.apple.com\/de-de\/HT201559<\/a>.<\/p>\n<p>Nat\u00fcrlich brauchen Sie Ihr iPhone normalerweise nicht neu zu starten, wenn Sie ProCamera verwenden wollen. Da aber sowohl bei HDR als auch bei LowLight Plus schnell hintereinander viele Belichtungen aufgenommen werden, brauchen diese beiden Modi viel Arbeitsspeicher, damit sie einwandfrei funktionieren. Wenn das iPhone eine Zeit lang nicht aus- und eingeschaltet wurde oder andere Apps im Hintergrund Systemressourcen beanspruchen, steht dem Betriebssystem wom\u00f6glich nicht ausreichend Arbeitsspeicher zu Verf\u00fcgung.<\/p>\n<p>Falls das Problem auch nach mehrmaligem Neustarten des Ger\u00e4ts weiterhin besteht, kontaktieren Sie uns bitte \u00fcber den in-app Kundendienst.[\/vc_toggle][vc_toggle title=&#8220;Wie kann ich die Reihenfolge der Kamera-Modi \u00e4ndern und Modi, die ich nicht brauche, ausblenden?&#8220; style=&#8220;simple&#8220; color=&#8220;white&#8220; el_id=&#8220;1455119845668-4bb6dc36-c5c8&#8243;]\u00d6ffnen Sie den <strong>Modus-Wechsler<\/strong> (Symbol mit den drei Punkten neben dem Ausl\u00f6ser) auf dem Aufnahmebildschirm und navigieren Sie an das rechte Ende der Modus-Icons. Tippen Sie auf das Men\u00fc-Symbol am Ende der Auflistung, um die <strong>Seite &#8222;Kamera-Modi verwalten&#8220;<\/strong> zu \u00f6ffnen.<\/p>\n<p>Hier k\u00f6nnen Sie per Schalter Kamera-Modi ausblenden (bis auf den standard Foto-Modus) oder die Reihenfolge der Auflistung ver\u00e4ndern, indem Sie den jeweiligen Anfasser (Symbol aus drei Linien) am Ende der Zeile antippen und den Modus nach oben oder unten verschieben.<\/p>\n<p>Die hier von Ihnen festgelegte Reihenfolge wird auf Ihrem Ger\u00e4t auch in unserem Widget und dem Schnellstart-Men\u00fc auf dem Homescreen verwendet.<\/p>\n<p>[\/vc_toggle][vc_toggle title=&#8220;Die Aufforderung, den In-App Kauf wiederherzustellen, erscheint immer wieder, auch nach der Meldung \u201eErfolgreich wiederhergestellt\u201c. Ist der Kauf \u00fcberhaupt get\u00e4tigt worden?&#8220; style=&#8220;simple&#8220; color=&#8220;white&#8220; el_id=&#8220;1455263645571-4ac23a8b-66c0&#8243;]Tippen Sie beim n\u00e4chsten Mal auf \u201eKaufen\u201c statt auf \u201eKauf wiederherstellen\u201c und stellen Sie sicher, dass Sie mit dem Internet verbunden sind.<\/p>\n<p>Sie gehen dabei kein Risiko ein, denn wenn Sie den In-App-Kauf mit Ihrer aktuell genutzten Apple ID in der Vergangenheit bereits erfolgreich get\u00e4tigt haben, wird der gleiche Artikel kein zweites Mal berechnet.[\/vc_toggle][vc_toggle title=&#8220;Der Blitz und der Front\/R\u00fcck-Kamera-Umschalter sind verschwunden &#8211; oder es ist nur noch ein Ausl\u00f6se-Button zu sehen, ich kann den Kamera-Modus nicht mehr wechseln.&#8220; style=&#8220;simple&#8220; color=&#8220;white&#8220; el_id=&#8220;1455263698008-52c01df0-1f0a&#8220;]ProCamera bietet drei verschiedenen <strong>Anzeigearten (Standard, Mittel, Puristisch)<\/strong>, die sich anhand der Anzahl an eingeblendeten Bildschirmelemente unterscheiden. \u00d6ffnen Sie das Aufnahmemen\u00fc, um die bevorzugte Anzeigeart einzustellen.<\/p>\n<p><em>Standard<\/em> erm\u00f6glicht die komplette Kontrolle und zeigt alle Elemente auf dem Aufnahmebildschirm an. <em>Mittel<\/em> und <em>Puristisch\u00a0<\/em>zeigen nur die wichtigsten und am h\u00e4ufigsten verwendeten Elemente an.<\/p>\n<p>Unabh\u00e4ngig von den drei Anzeigearten sind der Blitz und der Umschalter f\u00fcr die vorderseitige Kamera generell nicht verf\u00fcgbar im HDR und im LowLight Plus Kamera-Modus.<\/p>\n<p>[\/vc_toggle][vc_toggle title=&#8220;Auf meinem iPhone 4S wird in der App Store App das Update ProCamera Version 9.3 angezeigt, l\u00e4sst sich aber nicht herunterladen.&#8220; style=&#8220;simple&#8220; color=&#8220;white&#8220; el_id=&#8220;1455291028279-f6909d47-5344&#8243;]Es tut uns leid, dass diese Probleme mit dem Herunterladen des Updates auftreten. Die Installation der App wird vollst\u00e4ndig von iTunes geregelt, wir haben keinerlei Einfluss darauf.<\/p>\n<p>ProCamera funktioniert definitiv auf einem iPhone 4S (mit iOS 8.3 und neuer), wir optimieren die App sogar weiterhin f\u00fcr das iPhone 4S. Unserer Erfahrung nach kann es helfen, die App zu l\u00f6schen und neu aus dem App Store herunterzuladen.\u00a0Exportieren Sie unbedingt zuvor Ihre Fotos und Videos aus der Lightbox in den Aufnahmen-Ordner, denn die Lightbox wird mit der App gel\u00f6scht. Falls die App durch den unvollst\u00e4ndigen Download nicht mehr zu \u00f6ffnen ist und Sie Fotos in der Lightbox haben, f\u00fchren Sie ein Backup durch (via iTunes oder iCloud), um Ihre Fotos zu sichern.<\/p>\n<p>Um weitere Probleme auszuschlie\u00dfen, w\u00fcrden wir Ihnen dar\u00fcber hinaus noch empfehlen, nach dem L\u00f6schen der App das Telefon neu zu starten &#8211; und danach die App neu aus dem App Store herunterzuladen.<\/p>\n<p>Falls es dann immer noch nicht funktionieren sollte, wenden Sie sich bitte an\u00a0<a href=\"https:\/\/getsupport.apple.com\" target=\"_blank\" rel=\"noopener noreferrer\">https:\/\/getsupport.apple.com<\/a>\u00a0 \u00a0 oder \u00a0 \u00a0 \u00a0<b><a href=\"https:\/\/reportaproblem.apple.com\/\" target=\"_blank\" rel=\"noopener noreferrer\">reportaproblem.apple.com<\/a><\/b>[\/vc_toggle][vc_toggle title=&#8220;Ich bekomme eine Fehlermeldung, wenn ich vividHDR oder LowLight Plus kaufen will. Eine Verbindung zum Internet besteht allerdings.&#8220; style=&#8220;simple&#8220; color=&#8220;white&#8220; el_id=&#8220;1455291098764-c6ae91b6-4a40&#8243;]Bitte stellen Sie sicher, dass Sie mit der <strong>Apple ID<\/strong> angemeldet sind, mit der Sie ProCamera gekauft haben. In-App-K\u00e4ufe kann man nur mit der gleichen Apple ID kaufen, mit der man die jeweilige App gekauft hat.<\/p>\n<p>1) \u00d6ffnen Sie die App Store App, tippen Sie auf Ihr Nutzerbild rechts oben, scrollen Sie auf der Seite ganz nach unten und melden Sie sich mit ihrer Apple-ID ab.<\/p>\n<p>2) Melden Sie sich mit der Apple ID an, mit der Sie ProCamera gekauft haben.<\/p>\n<p>3) Nun sollte es m\u00f6glich In-App-K\u00e4ufe wie z.B. vividHDR in ProCamera zu kaufen.<\/p>\n<p>Eine Verbindung zum Internet ist erforderlich, um In-App-K\u00e4ufe freizuschalten.\u00a0Sollte es dann immer noch nicht funktionieren sollte, wenden Sie sich bitte an\u00a0<a href=\"https:\/\/getsupport.apple.com\/\" target=\"_blank\" rel=\"noopener noreferrer\">https:\/\/getsupport.apple.com<\/a>\u00a0oder <a href=\"https:\/\/reportaproblem.apple.com\/\" target=\"_blank\" rel=\"noopener noreferrer\"><strong>reportaproblem.apple.com<\/strong><\/a>.<\/p>\n<p>[\/vc_toggle][vc_toggle title=&#8220;Wie kann ich meinen Selfie-Stick oder meinen Bluetooth-Fernausl\u00f6ser mit ProCamera benutzen?&#8220; style=&#8220;simple&#8220; color=&#8220;white&#8220; el_id=&#8220;1475340201150-44b4f0b3-5f55&#8243;]Bitte aktivieren Sie in ProCamera Einstellungen die Option \u201eLautst\u00e4rke-Ausl\u00f6ser\u201c: Aufnahme-Men\u00fc rechts unten &gt; Einstellungen &gt; Lautst\u00e4rke-Ausl\u00f6ser &gt; ein.<\/p>\n<p>Grunds\u00e4tzlich funktioniert das Ausl\u00f6sen in ProCamera \u00fcber Bluetooth, wenn der Fernausl\u00f6ser einen Kopfh\u00f6rer simuliert (genauer: emuliert).[\/vc_toggle][vc_toggle title=&#8220;Wie aktiviere ich das Dauerlicht (Taschenlampen-Funktion)?&#8220; style=&#8220;simple&#8220; color=&#8220;white&#8220; el_id=&#8220;1481822124844-e6a326e7-1ed9&#8243;]Durch Tippen auf das Blitz Symbol in der oberen linken Ecke des Bildschirms wird der eingebaute Blitz aktiviert, deaktiviert oder auf automatische Erkennung gestellt. Um das Dauerlicht (Taschenlampen-Funktion) anzuschalten, <strong>tippen und halten Sie das\u00a0Blitz-Icon f\u00fcr kurze Zeit<\/strong>. Daraufhin erscheint rechts des Blitz-Icons ein Taschenlampen-Symbol. Durch erneutes kurzes Antippen des Taschenlampen-Symbols deaktivieren Sie das Dauerlicht wieder.<\/p>\n<p>Zus\u00e4tzlich kann die <strong>Intensit\u00e4t des Dauerlichtes<\/strong> durch Tippen auf die nebenstehende Skala individuell eingestellt werden.<\/p>\n<p>Durch Tippen und Halten des Taschenlampen-Icons k\u00f6nnen Sie auch bei aktiviertem Dauerlicht zwischen der Helligkeits-Skala und der gewohnten Zeit\/ISO-Anzeige am oberen Bildschirmrand wechseln.<\/p>\n<div id=\"main\" class=\"sidebar-none sidebar-divider-off\">\n<div class=\"wf-wrap\">\n<div class=\"wf-container-main\">\n<div id=\"content\" class=\"content\" role=\"main\">\n<div class=\"stripe stripe-style-3\">\n<div class=\"vc_row wpb_row vc_row-fluid\">\n<div class=\"wpb_column vc_column_container vc_col-sm-12\">\n<div class=\"vc_column-inner\">\n<div class=\"wpb_wrapper\">\n<div id=\"1481822124844-e6a326e7-1ed9\" class=\"vc_toggle vc_toggle_simple vc_toggle_color_white vc_toggle_size_md vc_toggle_active\">\n<div class=\"vc_toggle_content\">\n<p>Die Taschenlampenfunktion ist verf\u00fcgbar im Foto, LowLight und Portr\u00e4t Kamera-Modus. Der Video und Bothie Modus nutzt immer das Dauerlicht anstatt des Blitzes.<\/p>\n<\/div>\n<\/div>\n<\/div>\n<\/div>\n<\/div>\n<\/div>\n<\/div>\n<\/div>\n<\/div>\n<\/div>\n<\/div>\n<p>[\/vc_toggle][\/vc_column][\/vc_row]<\/p>\n<\/div>","protected":false},"excerpt":{"rendered":"<p>[vc_row type=&#8220;3&#8243; padding_top=&#8220;90&#8243;][vc_column][vc_column_text] Danach werden wir \u00f6fter mal gefragt [\/vc_column_text][vc_toggle title=&#8220;Wie kann ich die verschiedenen&hellip;<\/p>\n","protected":false},"author":98,"featured_media":0,"parent":0,"menu_order":0,"comment_status":"closed","ping_status":"closed","template":"","meta":{"inline_featured_image":false,"footnotes":""},"class_list":["post-44727","page","type-page","status-publish","hentry","description-off"],"yoast_head":"<!-- This site is optimized with the Yoast SEO plugin v25.1 - https:\/\/yoast.com\/wordpress\/plugins\/seo\/ -->\n<title>FAQ - H\u00e4ufig gestellte Fragen an den ProCamera Support<\/title>\n<meta name=\"description\" content=\"Wie kann ich meinen Selfie-Stick oder meinen Bluetooth-Fernausl\u00f6ser mit ProCamera benutzen? Wie bekomme ich vividHDR in ProCamera und LowLight Plus?\" \/>\n<meta name=\"robots\" content=\"index, follow, max-snippet:-1, max-image-preview:large, max-video-preview:-1\" \/>\n<link rel=\"canonical\" href=\"https:\/\/procamera-app.com\/de\/faq\/\" \/>\n<meta property=\"og:locale\" content=\"de_DE\" \/>\n<meta property=\"og:type\" content=\"article\" \/>\n<meta property=\"og:title\" content=\"FAQ - H\u00e4ufig gestellte Fragen an den ProCamera Support\" \/>\n<meta property=\"og:description\" content=\"Wie kann ich meinen Selfie-Stick oder meinen Bluetooth-Fernausl\u00f6ser mit ProCamera benutzen? Wie bekomme ich vividHDR in ProCamera und LowLight Plus?\" \/>\n<meta property=\"og:url\" content=\"https:\/\/procamera-app.com\/de\/faq\/\" \/>\n<meta property=\"og:site_name\" content=\"ProCamera Blog - Turn your iPhone into a powerful digital camera\" \/>\n<meta property=\"article:publisher\" content=\"https:\/\/www.facebook.com\/ProCameraApp\" \/>\n<meta property=\"article:modified_time\" content=\"2020-08-27T12:58:10+00:00\" \/>\n<meta property=\"og:image\" content=\"https:\/\/www.procamera-app.com\/wp-content\/uploads\/2016\/02\/1_ccb_all_icons_1950x250px-300x38.png\" \/>\n<meta name=\"twitter:card\" content=\"summary_large_image\" \/>\n<meta name=\"twitter:site\" content=\"@ProCamera\" \/>\n<meta name=\"twitter:label1\" content=\"Gesch\u00e4tzte Lesezeit\" \/>\n\t<meta name=\"twitter:data1\" content=\"8\u00a0Minuten\" \/>\n<script type=\"application\/ld+json\" class=\"yoast-schema-graph\">{\"@context\":\"https:\/\/schema.org\",\"@graph\":[{\"@type\":\"WebPage\",\"@id\":\"https:\/\/procamera-app.com\/de\/faq\/\",\"url\":\"https:\/\/procamera-app.com\/de\/faq\/\",\"name\":\"FAQ - H\u00e4ufig gestellte Fragen an den ProCamera Support\",\"isPartOf\":{\"@id\":\"https:\/\/procamera-app.com\/en\/#website\"},\"primaryImageOfPage\":{\"@id\":\"https:\/\/procamera-app.com\/de\/faq\/#primaryimage\"},\"image\":{\"@id\":\"https:\/\/procamera-app.com\/de\/faq\/#primaryimage\"},\"thumbnailUrl\":\"https:\/\/www.procamera-app.com\/wp-content\/uploads\/2016\/02\/1_ccb_all_icons_1950x250px-300x38.png\",\"datePublished\":\"2016-02-12T11:52:54+00:00\",\"dateModified\":\"2020-08-27T12:58:10+00:00\",\"description\":\"Wie kann ich meinen Selfie-Stick oder meinen Bluetooth-Fernausl\u00f6ser mit ProCamera benutzen? Wie bekomme ich vividHDR in ProCamera und LowLight Plus?\",\"breadcrumb\":{\"@id\":\"https:\/\/procamera-app.com\/de\/faq\/#breadcrumb\"},\"inLanguage\":\"de\",\"potentialAction\":[{\"@type\":\"ReadAction\",\"target\":[\"https:\/\/procamera-app.com\/de\/faq\/\"]}]},{\"@type\":\"ImageObject\",\"inLanguage\":\"de\",\"@id\":\"https:\/\/procamera-app.com\/de\/faq\/#primaryimage\",\"url\":\"https:\/\/www.procamera-app.com\/wp-content\/uploads\/2016\/02\/1_ccb_all_icons_1950x250px-300x38.png\",\"contentUrl\":\"https:\/\/www.procamera-app.com\/wp-content\/uploads\/2016\/02\/1_ccb_all_icons_1950x250px-300x38.png\"},{\"@type\":\"BreadcrumbList\",\"@id\":\"https:\/\/procamera-app.com\/de\/faq\/#breadcrumb\",\"itemListElement\":[{\"@type\":\"ListItem\",\"position\":1,\"name\":\"Home\",\"item\":\"https:\/\/procamera-app.com\/de\/\"},{\"@type\":\"ListItem\",\"position\":2,\"name\":\"FAQ &#8211; H\u00e4ufig gestellte Fragen\"}]},{\"@type\":\"WebSite\",\"@id\":\"https:\/\/procamera-app.com\/en\/#website\",\"url\":\"https:\/\/procamera-app.com\/en\/\",\"name\":\"ProCamera Blog - Turn your iPhone into a powerful digital camera\",\"description\":\"ProCamera ist die iOS-App f\u00fcr Fotografie, Video und Foto-Nachbearbeitung auf Profi-Niveau!\\r\\n\",\"potentialAction\":[{\"@type\":\"SearchAction\",\"target\":{\"@type\":\"EntryPoint\",\"urlTemplate\":\"https:\/\/procamera-app.com\/en\/?s={search_term_string}\"},\"query-input\":{\"@type\":\"PropertyValueSpecification\",\"valueRequired\":true,\"valueName\":\"search_term_string\"}}],\"inLanguage\":\"de\"}]}<\/script>\n<!-- \/ Yoast SEO plugin. -->","yoast_head_json":{"title":"FAQ - H\u00e4ufig gestellte Fragen an den ProCamera Support","description":"Wie kann ich meinen Selfie-Stick oder meinen Bluetooth-Fernausl\u00f6ser mit ProCamera benutzen? Wie bekomme ich vividHDR in ProCamera und LowLight Plus?","robots":{"index":"index","follow":"follow","max-snippet":"max-snippet:-1","max-image-preview":"max-image-preview:large","max-video-preview":"max-video-preview:-1"},"canonical":"https:\/\/procamera-app.com\/de\/faq\/","og_locale":"de_DE","og_type":"article","og_title":"FAQ - H\u00e4ufig gestellte Fragen an den ProCamera Support","og_description":"Wie kann ich meinen Selfie-Stick oder meinen Bluetooth-Fernausl\u00f6ser mit ProCamera benutzen? Wie bekomme ich vividHDR in ProCamera und LowLight Plus?","og_url":"https:\/\/procamera-app.com\/de\/faq\/","og_site_name":"ProCamera Blog - Turn your iPhone into a powerful digital camera","article_publisher":"https:\/\/www.facebook.com\/ProCameraApp","article_modified_time":"2020-08-27T12:58:10+00:00","og_image":[{"url":"https:\/\/www.procamera-app.com\/wp-content\/uploads\/2016\/02\/1_ccb_all_icons_1950x250px-300x38.png","type":"","width":"","height":""}],"twitter_card":"summary_large_image","twitter_site":"@ProCamera","twitter_misc":{"Gesch\u00e4tzte Lesezeit":"8\u00a0Minuten"},"schema":{"@context":"https:\/\/schema.org","@graph":[{"@type":"WebPage","@id":"https:\/\/procamera-app.com\/de\/faq\/","url":"https:\/\/procamera-app.com\/de\/faq\/","name":"FAQ - H\u00e4ufig gestellte Fragen an den ProCamera Support","isPartOf":{"@id":"https:\/\/procamera-app.com\/en\/#website"},"primaryImageOfPage":{"@id":"https:\/\/procamera-app.com\/de\/faq\/#primaryimage"},"image":{"@id":"https:\/\/procamera-app.com\/de\/faq\/#primaryimage"},"thumbnailUrl":"https:\/\/www.procamera-app.com\/wp-content\/uploads\/2016\/02\/1_ccb_all_icons_1950x250px-300x38.png","datePublished":"2016-02-12T11:52:54+00:00","dateModified":"2020-08-27T12:58:10+00:00","description":"Wie kann ich meinen Selfie-Stick oder meinen Bluetooth-Fernausl\u00f6ser mit ProCamera benutzen? Wie bekomme ich vividHDR in ProCamera und LowLight Plus?","breadcrumb":{"@id":"https:\/\/procamera-app.com\/de\/faq\/#breadcrumb"},"inLanguage":"de","potentialAction":[{"@type":"ReadAction","target":["https:\/\/procamera-app.com\/de\/faq\/"]}]},{"@type":"ImageObject","inLanguage":"de","@id":"https:\/\/procamera-app.com\/de\/faq\/#primaryimage","url":"https:\/\/www.procamera-app.com\/wp-content\/uploads\/2016\/02\/1_ccb_all_icons_1950x250px-300x38.png","contentUrl":"https:\/\/www.procamera-app.com\/wp-content\/uploads\/2016\/02\/1_ccb_all_icons_1950x250px-300x38.png"},{"@type":"BreadcrumbList","@id":"https:\/\/procamera-app.com\/de\/faq\/#breadcrumb","itemListElement":[{"@type":"ListItem","position":1,"name":"Home","item":"https:\/\/procamera-app.com\/de\/"},{"@type":"ListItem","position":2,"name":"FAQ &#8211; H\u00e4ufig gestellte Fragen"}]},{"@type":"WebSite","@id":"https:\/\/procamera-app.com\/en\/#website","url":"https:\/\/procamera-app.com\/en\/","name":"ProCamera Blog - Turn your iPhone into a powerful digital camera","description":"ProCamera ist die iOS-App f\u00fcr Fotografie, Video und Foto-Nachbearbeitung auf Profi-Niveau!\r\n","potentialAction":[{"@type":"SearchAction","target":{"@type":"EntryPoint","urlTemplate":"https:\/\/procamera-app.com\/en\/?s={search_term_string}"},"query-input":{"@type":"PropertyValueSpecification","valueRequired":true,"valueName":"search_term_string"}}],"inLanguage":"de"}]}},"_links":{"self":[{"href":"https:\/\/procamera-app.com\/de\/wp-json\/wp\/v2\/pages\/44727","targetHints":{"allow":["GET"]}}],"collection":[{"href":"https:\/\/procamera-app.com\/de\/wp-json\/wp\/v2\/pages"}],"about":[{"href":"https:\/\/procamera-app.com\/de\/wp-json\/wp\/v2\/types\/page"}],"author":[{"embeddable":true,"href":"https:\/\/procamera-app.com\/de\/wp-json\/wp\/v2\/users\/98"}],"replies":[{"embeddable":true,"href":"https:\/\/procamera-app.com\/de\/wp-json\/wp\/v2\/comments?post=44727"}],"version-history":[{"count":3,"href":"https:\/\/procamera-app.com\/de\/wp-json\/wp\/v2\/pages\/44727\/revisions"}],"predecessor-version":[{"id":57052,"href":"https:\/\/procamera-app.com\/de\/wp-json\/wp\/v2\/pages\/44727\/revisions\/57052"}],"wp:attachment":[{"href":"https:\/\/procamera-app.com\/de\/wp-json\/wp\/v2\/media?parent=44727"}],"curies":[{"name":"wp","href":"https:\/\/api.w.org\/{rel}","templated":true}]}}