{"id":45932,"date":"2016-05-12T16:23:42","date_gmt":"2016-05-12T14:23:42","guid":{"rendered":"https:\/\/www.procamera-app.com\/de\/?page_id=45932"},"modified":"2016-05-12T16:31:41","modified_gmt":"2016-05-12T14:31:41","slug":"pocket-tripod-iphone-stand","status":"publish","type":"page","link":"https:\/\/procamera-app.com\/de\/pocket-tripod-iphone-stand\/","title":{"rendered":"Pocket Tripod"},"content":{"rendered":"<div class=\"wpb-content-wrapper\"><p>[vc_row][vc_column]<div class=\"ult-spacer spacer-69e1a86991eb8\" data-id=\"69e1a86991eb8\" data-height=\"40\" data-height-mobile=\"40\" data-height-tab=\"40\" data-height-tab-portrait=\"\" data-height-mobile-landscape=\"\" style=\"clear:both;display:block;\"><\/div>[\/vc_column][\/vc_row][vc_row][vc_column][vc_single_image image=&#8220;45920&#8243; img_size=&#8220;full&#8220; alignment=&#8220;center&#8220;][\/vc_column][\/vc_row][vc_row][vc_column][vc_column_text]<\/p>\n<h1>Pocket Tripod<\/h1>\n<p>[\/vc_column_text][\/vc_column][\/vc_row][vc_row][vc_column]<div class=\"ult-spacer spacer-69e1a86991ed8\" data-id=\"69e1a86991ed8\" data-height=\"25\" data-height-mobile=\"25\" data-height-tab=\"25\" data-height-tab-portrait=\"25\" data-height-mobile-landscape=\"25\" style=\"clear:both;display:block;\"><\/div>[vc_column_text]Mit dem Pocket Tripod in der Tasche kannst du dein sperriges Stativ getrost zuhause lassen. Das innovative iPhone-Zubeh\u00f6r im Kreditkartenformat passt in nahezu jede Tasche und ist blitzschnell einsatzbereit. Die neuartige Konstruktion mit drehbarer Smartphone-Halterung erlaubt es, die Neigung stufenlos einzustellen. Das Pocket Tripod wird hergestellt aus High-Tech Kunststoff, wodurch es leicht und dennoch \u00e4u\u00dferst robust ist.<\/p>\n<p>Virtuell testen: Mithilfe der\u00a0<a href=\"https:\/\/search.itunes.apple.com\/WebObjects\/MZContentLink.woa\/wa\/link?mt=8&amp;path=apps%2fpockettripod\">kostenlosen Pocket Tripod App<\/a>\u00a0kann anhand eines digitalen 3D Modells das Pocket Tripod interaktiv ausprobiert werden.[\/vc_column_text]<div class=\"ult-spacer spacer-69e1a86991eeb\" data-id=\"69e1a86991eeb\" data-height=\"25\" data-height-mobile=\"25\" data-height-tab=\"25\" data-height-tab-portrait=\"25\" data-height-mobile-landscape=\"25\" style=\"clear:both;display:block;\"><\/div>[\/vc_column][\/vc_row][vc_row][vc_column width=&#8220;1\/2&#8243;][vc_single_image image=&#8220;45928&#8243; img_size=&#8220;full&#8220; onclick=&#8220;link_image&#8220;][\/vc_column][vc_column width=&#8220;1\/2&#8243;][vc_column_text]Falls du in Zukunft auf ein anderes Smartphone umsteigst oder eine H\u00fclle nutzt, brauchst du lediglich die kleinen Adapter austauschen, mit denen das Smartphone am Stativ befestigt ist. Eine breite Auswahl an verschiedenen Adapter-Gr\u00f6\u00dfen wird in K\u00fcrze erh\u00e4ltlich sein. Bereits jetzt liegt jedem Pocket Tripod eine sogenannte Fit Card bei, mit der die richtige Gr\u00f6\u00dfe direkt an deinem Smartphone (+H\u00fclle) gemessen werden kann.[\/vc_column_text][\/vc_column][\/vc_row]<\/p>\n<\/div>","protected":false},"excerpt":{"rendered":"<p>[vc_row][vc_column][\/vc_column][\/vc_row][vc_row][vc_column][vc_single_image image=&#8220;45920&#8243; img_size=&#8220;full&#8220; alignment=&#8220;center&#8220;][\/vc_column][\/vc_row][vc_row][vc_column][vc_column_text] Pocket Tripod [\/vc_column_text][\/vc_column][\/vc_row][vc_row][vc_column][vc_column_text]Mit dem Pocket Tripod in der Tasche kannst du&hellip;<\/p>\n","protected":false},"author":7,"featured_media":0,"parent":0,"menu_order":0,"comment_status":"closed","ping_status":"closed","template":"","meta":{"inline_featured_image":false,"footnotes":""},"class_list":["post-45932","page","type-page","status-publish","hentry","description-off"],"yoast_head":"<!-- This site is optimized with the Yoast SEO plugin v25.1 - https:\/\/yoast.com\/wordpress\/plugins\/seo\/ -->\n<title>Pocket Tripod - ProCamera Blog - Turn your iPhone into a powerful digital camera<\/title>\n<meta name=\"robots\" content=\"index, follow, max-snippet:-1, max-image-preview:large, max-video-preview:-1\" \/>\n<link rel=\"canonical\" href=\"https:\/\/procamera-app.com\/de\/pocket-tripod-iphone-stand\/\" \/>\n<meta property=\"og:locale\" content=\"de_DE\" \/>\n<meta property=\"og:type\" content=\"article\" \/>\n<meta property=\"og:title\" content=\"Pocket Tripod - ProCamera Blog - Turn your iPhone into a powerful digital camera\" \/>\n<meta property=\"og:description\" content=\"[vc_row][vc_column][\/vc_column][\/vc_row][vc_row][vc_column][vc_single_image image=&#8220;45920&#8243; img_size=&#8220;full&#8220; alignment=&#8220;center&#8220;][\/vc_column][\/vc_row][vc_row][vc_column][vc_column_text] Pocket Tripod [\/vc_column_text][\/vc_column][\/vc_row][vc_row][vc_column][vc_column_text]Mit dem Pocket Tripod in der Tasche kannst du&hellip;\" \/>\n<meta property=\"og:url\" content=\"https:\/\/procamera-app.com\/de\/pocket-tripod-iphone-stand\/\" \/>\n<meta property=\"og:site_name\" content=\"ProCamera Blog - Turn your iPhone into a powerful digital camera\" \/>\n<meta property=\"article:publisher\" content=\"https:\/\/www.facebook.com\/ProCameraApp\" \/>\n<meta property=\"article:modified_time\" content=\"2016-05-12T14:31:41+00:00\" \/>\n<meta name=\"twitter:card\" content=\"summary_large_image\" \/>\n<meta name=\"twitter:site\" content=\"@ProCamera\" \/>\n<meta name=\"twitter:label1\" content=\"Gesch\u00e4tzte Lesezeit\" \/>\n\t<meta name=\"twitter:data1\" content=\"1\u00a0Minute\" \/>\n<script type=\"application\/ld+json\" class=\"yoast-schema-graph\">{\"@context\":\"https:\/\/schema.org\",\"@graph\":[{\"@type\":\"WebPage\",\"@id\":\"https:\/\/procamera-app.com\/de\/pocket-tripod-iphone-stand\/\",\"url\":\"https:\/\/procamera-app.com\/de\/pocket-tripod-iphone-stand\/\",\"name\":\"Pocket Tripod - ProCamera Blog - Turn your iPhone into a powerful digital camera\",\"isPartOf\":{\"@id\":\"https:\/\/procamera-app.com\/en\/#website\"},\"datePublished\":\"2016-05-12T14:23:42+00:00\",\"dateModified\":\"2016-05-12T14:31:41+00:00\",\"breadcrumb\":{\"@id\":\"https:\/\/procamera-app.com\/de\/pocket-tripod-iphone-stand\/#breadcrumb\"},\"inLanguage\":\"de\",\"potentialAction\":[{\"@type\":\"ReadAction\",\"target\":[\"https:\/\/procamera-app.com\/de\/pocket-tripod-iphone-stand\/\"]}]},{\"@type\":\"BreadcrumbList\",\"@id\":\"https:\/\/procamera-app.com\/de\/pocket-tripod-iphone-stand\/#breadcrumb\",\"itemListElement\":[{\"@type\":\"ListItem\",\"position\":1,\"name\":\"Home\",\"item\":\"https:\/\/procamera-app.com\/de\/\"},{\"@type\":\"ListItem\",\"position\":2,\"name\":\"Pocket Tripod\"}]},{\"@type\":\"WebSite\",\"@id\":\"https:\/\/procamera-app.com\/en\/#website\",\"url\":\"https:\/\/procamera-app.com\/en\/\",\"name\":\"ProCamera Blog - Turn your iPhone into a powerful digital camera\",\"description\":\"ProCamera ist die iOS-App f\u00fcr Fotografie, Video und Foto-Nachbearbeitung auf Profi-Niveau!\\r\\n\",\"potentialAction\":[{\"@type\":\"SearchAction\",\"target\":{\"@type\":\"EntryPoint\",\"urlTemplate\":\"https:\/\/procamera-app.com\/en\/?s={search_term_string}\"},\"query-input\":{\"@type\":\"PropertyValueSpecification\",\"valueRequired\":true,\"valueName\":\"search_term_string\"}}],\"inLanguage\":\"de\"}]}<\/script>\n<!-- \/ Yoast SEO plugin. -->","yoast_head_json":{"title":"Pocket Tripod - ProCamera Blog - Turn your iPhone into a powerful digital camera","robots":{"index":"index","follow":"follow","max-snippet":"max-snippet:-1","max-image-preview":"max-image-preview:large","max-video-preview":"max-video-preview:-1"},"canonical":"https:\/\/procamera-app.com\/de\/pocket-tripod-iphone-stand\/","og_locale":"de_DE","og_type":"article","og_title":"Pocket Tripod - ProCamera Blog - Turn your iPhone into a powerful digital camera","og_description":"[vc_row][vc_column][\/vc_column][\/vc_row][vc_row][vc_column][vc_single_image image=&#8220;45920&#8243; img_size=&#8220;full&#8220; alignment=&#8220;center&#8220;][\/vc_column][\/vc_row][vc_row][vc_column][vc_column_text] Pocket Tripod [\/vc_column_text][\/vc_column][\/vc_row][vc_row][vc_column][vc_column_text]Mit dem Pocket Tripod in der Tasche kannst du&hellip;","og_url":"https:\/\/procamera-app.com\/de\/pocket-tripod-iphone-stand\/","og_site_name":"ProCamera Blog - Turn your iPhone into a powerful digital camera","article_publisher":"https:\/\/www.facebook.com\/ProCameraApp","article_modified_time":"2016-05-12T14:31:41+00:00","twitter_card":"summary_large_image","twitter_site":"@ProCamera","twitter_misc":{"Gesch\u00e4tzte Lesezeit":"1\u00a0Minute"},"schema":{"@context":"https:\/\/schema.org","@graph":[{"@type":"WebPage","@id":"https:\/\/procamera-app.com\/de\/pocket-tripod-iphone-stand\/","url":"https:\/\/procamera-app.com\/de\/pocket-tripod-iphone-stand\/","name":"Pocket Tripod - ProCamera Blog - Turn your iPhone into a powerful digital camera","isPartOf":{"@id":"https:\/\/procamera-app.com\/en\/#website"},"datePublished":"2016-05-12T14:23:42+00:00","dateModified":"2016-05-12T14:31:41+00:00","breadcrumb":{"@id":"https:\/\/procamera-app.com\/de\/pocket-tripod-iphone-stand\/#breadcrumb"},"inLanguage":"de","potentialAction":[{"@type":"ReadAction","target":["https:\/\/procamera-app.com\/de\/pocket-tripod-iphone-stand\/"]}]},{"@type":"BreadcrumbList","@id":"https:\/\/procamera-app.com\/de\/pocket-tripod-iphone-stand\/#breadcrumb","itemListElement":[{"@type":"ListItem","position":1,"name":"Home","item":"https:\/\/procamera-app.com\/de\/"},{"@type":"ListItem","position":2,"name":"Pocket Tripod"}]},{"@type":"WebSite","@id":"https:\/\/procamera-app.com\/en\/#website","url":"https:\/\/procamera-app.com\/en\/","name":"ProCamera Blog - Turn your iPhone into a powerful digital camera","description":"ProCamera ist die iOS-App f\u00fcr Fotografie, Video und Foto-Nachbearbeitung auf Profi-Niveau!\r\n","potentialAction":[{"@type":"SearchAction","target":{"@type":"EntryPoint","urlTemplate":"https:\/\/procamera-app.com\/en\/?s={search_term_string}"},"query-input":{"@type":"PropertyValueSpecification","valueRequired":true,"valueName":"search_term_string"}}],"inLanguage":"de"}]}},"_links":{"self":[{"href":"https:\/\/procamera-app.com\/de\/wp-json\/wp\/v2\/pages\/45932","targetHints":{"allow":["GET"]}}],"collection":[{"href":"https:\/\/procamera-app.com\/de\/wp-json\/wp\/v2\/pages"}],"about":[{"href":"https:\/\/procamera-app.com\/de\/wp-json\/wp\/v2\/types\/page"}],"author":[{"embeddable":true,"href":"https:\/\/procamera-app.com\/de\/wp-json\/wp\/v2\/users\/7"}],"replies":[{"embeddable":true,"href":"https:\/\/procamera-app.com\/de\/wp-json\/wp\/v2\/comments?post=45932"}],"version-history":[{"count":0,"href":"https:\/\/procamera-app.com\/de\/wp-json\/wp\/v2\/pages\/45932\/revisions"}],"wp:attachment":[{"href":"https:\/\/procamera-app.com\/de\/wp-json\/wp\/v2\/media?parent=45932"}],"curies":[{"name":"wp","href":"https:\/\/api.w.org\/{rel}","templated":true}]}}