{"id":47264,"date":"2016-07-29T15:18:39","date_gmt":"2016-07-29T13:18:39","guid":{"rendered":"https:\/\/www.procamera-app.com\/de\/?page_id=47264"},"modified":"2021-10-19T12:46:01","modified_gmt":"2021-10-19T10:46:01","slug":"selbstausloeser-protimer-intervalometer-bilderserien","status":"publish","type":"page","link":"https:\/\/procamera-app.com\/de\/selbstausloeser-protimer-intervalometer-bilderserien\/","title":{"rendered":"ProTimer &#8211; Intervalometer"},"content":{"rendered":"<div class=\"wpb-content-wrapper\"><p>[vc_row type=&#8220;2&#8243; padding_top=&#8220;90&#8243; padding_bottom=&#8220;60&#8243; css=&#8220;.vc_custom_1544769645008{margin-bottom: 0px !important;background-color: #ededed !important;}&#8220;][vc_column width=&#8220;1\/4&#8243;][\/vc_column][vc_column width=&#8220;1\/2&#8243;][vc_column_text el_class=&#8220;h3-blue&#8220;]<\/p>\n<h3 style=\"text-align: center;\">Timing ist alles<\/h3>\n<h1 style=\"text-align: center;\">ProTimer \u2013\u00a0Die funktionale Erweiterung des Selbstausl\u00f6ser<\/h1>\n<h2 style=\"text-align: center;\">Unsere Intervalometer-Funktion erm\u00f6glicht die Aufnahme von ganzen Bilderserien nach vorgegebenen Parametern<\/h2>\n<p>[\/vc_column_text][\/vc_column][vc_column width=&#8220;1\/4&#8243;][\/vc_column][\/vc_row][vc_row type=&#8220;4&#8243; padding_top=&#8220;50&#8243; padding_bottom=&#8220;50&#8243; bg_color=&#8220;#121212&#8243; css=&#8220;.vc_custom_1544433098781{margin-bottom: 0px !important;background-color: #ededed !important;}&#8220;][vc_column width=&#8220;1\/4&#8243;][\/vc_column][vc_column width=&#8220;1\/2&#8243;][vc_column_text]<\/p>\n<h4 style=\"text-align: left;\">Mit nur drei Einstellungen ist die n\u00e4chste Bilderserie schnell konfiguriert. Starten Sie anschlie\u00dfend den Countdown, den Rest erledigt ProCamera f\u00fcr Sie&#8230;<\/h4>\n<h4>Folgende Einstellungen bietet unser ProTimer:<\/h4>\n<p>[\/vc_column_text]<div class=\"standard-arrow bullet-top\"><ul>\n<li>\n<h4>Vorlaufzeit\u00a0vor der ersten Aufnahme<\/h4>\n<\/li>\n<\/ul>\n<h4><\/h4>\n<ul>\n<li>\n<h4>Gesamtanzahl\u00a0der Aufnahmen<\/h4>\n<\/li>\n<\/ul>\n<h4><\/h4>\n<ul>\n<li>\n<h4>Pause\u00a0zwischen den Aufnahmen<\/h4>\n<\/li>\n<\/ul>\n<\/div>[\/vc_column][vc_column width=&#8220;1\/4&#8243;][\/vc_column][\/vc_row][vc_row type=&#8220;2&#8243; padding_top=&#8220;100&#8243; padding_bottom=&#8220;100&#8243;][vc_column width=&#8220;5\/12&#8243;][vc_single_image image=&#8220;59350&#8243; img_size=&#8220;large&#8220;][\/vc_column][vc_column width=&#8220;1\/12&#8243;][\/vc_column][vc_column width=&#8220;1\/2&#8243;][vc_column_text]<\/p>\n<h2>Einsatzm\u00f6glichkeiten<\/h2>\n<p>Einmal gestartet, werden mithilfe der Intervalometer-Funktionmehrere Bilder in Serie aufgenommen und niemand muss hinter der Kamera stehen, um diese zu bedienen. W\u00e4hlen Sie anschlie\u00dfend das beste Foto aus oder nutzen Sie die gesamte Bilderreihe f\u00fcr eine klassischen Zeitrafferanimation oder Stop-Motion-Filme.[\/vc_column_text]<div class=\"standard-arrow bullet-top\"><ul>\n<li><strong>Selbstportr\u00e4t<\/strong> \u2013 Der Countdown vor der Aufnahme erlaubt es Ihnen, vor die Kamera zu treten<\/li>\n<li><strong>Gruppenaufnahmen &amp; Familienportr\u00e4t<\/strong> \u2013 Machen Sie automatisch mehrere Aufnahmen schnell hintereinander, um das Risiko zu minimieren, dass jemand auf dem Foto blinzelt<\/li>\n<li><strong>Zeitraffervideo<\/strong> \u2013 Erstellen Sie mit entsprechender Software eine Animation aus den vielen Einzelbildern<\/li>\n<li><strong>Sportfotografie<\/strong> \u2013 Bei sich schnell bewegenden Motiven, wie man Sie beispielsweise h\u00e4ufig im Sportbereich vorfindet, kann es entscheidend sein, mehrere Aufnahmen einer Szene zu haben. So k\u00f6nnen Sie die Chancen erh\u00f6hen, den entscheidenden Moment auch wirklich zu erwischen.<\/li>\n<\/ul>\n<\/div><div class=\"ult-spacer spacer-69d2b22c85649\" data-id=\"69d2b22c85649\" data-height=\"10\" data-height-mobile=\"10\" data-height-tab=\"10\" data-height-tab-portrait=\"10\" data-height-mobile-landscape=\"10\" style=\"clear:both;display:block;\"><\/div>[vc_single_image image=&#8220;58573&#8243; img_size=&#8220;medium&#8220; alignment=&#8220;center&#8220; css=&#8220;.vc_custom_1621505681518{margin-top: 10px !important;margin-bottom: 10px !important;}&#8220;]<div class=\"ult-spacer spacer-69d2b22c8565f\" data-id=\"69d2b22c8565f\" data-height=\"10\" data-height-mobile=\"10\" data-height-tab=\"10\" data-height-tab-portrait=\"10\" data-height-mobile-landscape=\"10\" style=\"clear:both;display:block;\"><\/div>[vc_column_text]<\/p>\n<h2>ProTimer Bedienung<\/h2>\n<p>Stellen Sie zun\u00e4chst den Selbstausl\u00f6ser im Aufnahme-Men\u00fc als zweiten Ausl\u00f6ser ein, falls dieser noch mit der Anti-Shake Funktion belegt ist. Das Timer-Symbol befindet sich dann rechts neben dem Hauptausl\u00f6ser. Um die Einstellungen des\u00a0Timers zu \u00f6ffnen, halten Sie das Selbstausl\u00f6ser-Icon kurz gedr\u00fcckt. Zum erweiterten Einstellungsmen\u00fc gelangen Sie dann \u00fcber \u201cProTimer \u00f6ffnen\u201d.<\/p>\n<p>Nochmaliges Tippen auf den zweiten Ausl\u00f6ser speichert die Werte und schlie\u00dft das Men\u00fc. Ein erneutes kurzes Tippen auf den zweiten Ausl\u00f6ser startet die ProTimer Reihenaufnahme. Zwischen\u00a0Selbstausl\u00f6ser und\u00a0ProTimer wechseln Sie \u00fcber die Schaltfl\u00e4che \u201cProTimer \u00f6ffnen\u201d und \u201cProTimer schlie\u00dfen\u201d. Das jeweilige Symbol des zweiten Ausl\u00f6sers gibt an, welcher der zwei Timer gerade aktiv ist. Das Symbol des ProTimers zeigt zus\u00e4tzlich die voreingestellte Anzahl an Fotos.<\/p>\n<p>Besuchen Sie unser Help Center (zur Zeit nur in englischer Sprache verf\u00fcgbar), um noch mehr dar\u00fcber zu erfahren, <a href=\"https:\/\/cocologicshelp.zendesk.com\/hc\/en-us\/articles\/360017251958#protimer\" target=\"_blank\" rel=\"noopener\">wie man den ProTimer verwendet.<\/a>[\/vc_column_text][\/vc_column][\/vc_row][vc_row type=&#8220;3&#8243;][vc_column offset=&#8220;vc_hidden-xs&#8220;]<div class=\"hr-thin style-line\" style=\"width: 100%;border-top-width: 1px;\"><\/div>[vc_single_image image=&#8220;52478&#8243; img_size=&#8220;full&#8220; alignment=&#8220;center&#8220; onclick=&#8220;custom_link&#8220; img_link_target=&#8220;_blank&#8220; image_hovers=&#8220;false&#8220; link=&#8220;https:\/\/itunes.apple.com\/de\/app\/picmentum\/id1287820276?pt=949580&amp;ct=bapcweb&amp;mt=8&amp;at=11laV7&#8243; css=&#8220;.vc_custom_1542796952669{margin-top: 20px !important;margin-bottom: -10px !important;}&#8220;][\/vc_column][\/vc_row][vc_row type=&#8220;3&#8243;][vc_column offset=&#8220;vc_hidden-lg vc_hidden-md vc_hidden-sm&#8220;]<div class=\"hr-thin style-line\" style=\"width: 100%;border-top-width: 1px;\"><\/div>[vc_single_image image=&#8220;52481&#8243; img_size=&#8220;full&#8220; alignment=&#8220;center&#8220; onclick=&#8220;custom_link&#8220; img_link_target=&#8220;_blank&#8220; image_hovers=&#8220;false&#8220; link=&#8220;https:\/\/itunes.apple.com\/de\/app\/picmentum\/id1287820276?pt=949580&amp;ct=bapcweb&amp;mt=8&amp;at=11laV7&#8243; css=&#8220;.vc_custom_1542797472129{margin-top: 20px !important;margin-bottom: -10px !important;}&#8220;][\/vc_column][\/vc_row]<\/p>\n<\/div>","protected":false},"excerpt":{"rendered":"<p>[vc_row type=&#8220;2&#8243; padding_top=&#8220;90&#8243; padding_bottom=&#8220;60&#8243; css=&#8220;.vc_custom_1544769645008{margin-bottom: 0px !important;background-color: #ededed !important;}&#8220;][vc_column width=&#8220;1\/4&#8243;][\/vc_column][vc_column width=&#8220;1\/2&#8243;][vc_column_text el_class=&#8220;h3-blue&#8220;] Timing ist alles&hellip;<\/p>\n","protected":false},"author":98,"featured_media":0,"parent":0,"menu_order":0,"comment_status":"closed","ping_status":"closed","template":"","meta":{"inline_featured_image":false,"footnotes":""},"class_list":["post-47264","page","type-page","status-publish","hentry","description-off"],"yoast_head":"<!-- This site is optimized with the Yoast SEO plugin v25.1 - https:\/\/yoast.com\/wordpress\/plugins\/seo\/ -->\n<title>Die Intervalometer-Funktion erm\u00f6glicht die Aufnahme von Bilderserien<\/title>\n<meta name=\"description\" content=\"Die Intervalometer-Funktion erm\u00f6glicht Gruppenfotos und Selfies mit vielen Variationen, ohne dass Du den Selbstausl\u00f6ser jedes Mal neu starten musst\" \/>\n<meta name=\"robots\" content=\"index, follow, max-snippet:-1, max-image-preview:large, max-video-preview:-1\" \/>\n<link rel=\"canonical\" href=\"https:\/\/procamera-app.com\/de\/selbstausloeser-protimer-intervalometer-bilderserien\/\" \/>\n<meta property=\"og:locale\" content=\"de_DE\" \/>\n<meta property=\"og:type\" content=\"article\" \/>\n<meta property=\"og:title\" content=\"Die Intervalometer-Funktion erm\u00f6glicht die Aufnahme von Bilderserien\" \/>\n<meta property=\"og:description\" content=\"Die Intervalometer-Funktion erm\u00f6glicht Gruppenfotos und Selfies mit vielen Variationen, ohne dass Du den Selbstausl\u00f6ser jedes Mal neu starten musst\" \/>\n<meta property=\"og:url\" content=\"https:\/\/procamera-app.com\/de\/selbstausloeser-protimer-intervalometer-bilderserien\/\" \/>\n<meta property=\"og:site_name\" content=\"ProCamera Blog - Turn your iPhone into a powerful digital camera\" \/>\n<meta property=\"article:publisher\" content=\"https:\/\/www.facebook.com\/ProCameraApp\" \/>\n<meta property=\"article:modified_time\" content=\"2021-10-19T10:46:01+00:00\" \/>\n<meta name=\"twitter:card\" content=\"summary_large_image\" \/>\n<meta name=\"twitter:site\" content=\"@ProCamera\" \/>\n<meta name=\"twitter:label1\" content=\"Gesch\u00e4tzte Lesezeit\" \/>\n\t<meta name=\"twitter:data1\" content=\"2\u00a0Minuten\" \/>\n<script type=\"application\/ld+json\" class=\"yoast-schema-graph\">{\"@context\":\"https:\/\/schema.org\",\"@graph\":[{\"@type\":\"WebPage\",\"@id\":\"https:\/\/procamera-app.com\/de\/selbstausloeser-protimer-intervalometer-bilderserien\/\",\"url\":\"https:\/\/procamera-app.com\/de\/selbstausloeser-protimer-intervalometer-bilderserien\/\",\"name\":\"Die Intervalometer-Funktion erm\u00f6glicht die Aufnahme von Bilderserien\",\"isPartOf\":{\"@id\":\"https:\/\/procamera-app.com\/en\/#website\"},\"datePublished\":\"2016-07-29T13:18:39+00:00\",\"dateModified\":\"2021-10-19T10:46:01+00:00\",\"description\":\"Die Intervalometer-Funktion erm\u00f6glicht Gruppenfotos und Selfies mit vielen Variationen, ohne dass Du den Selbstausl\u00f6ser jedes Mal neu starten musst\",\"breadcrumb\":{\"@id\":\"https:\/\/procamera-app.com\/de\/selbstausloeser-protimer-intervalometer-bilderserien\/#breadcrumb\"},\"inLanguage\":\"de\",\"potentialAction\":[{\"@type\":\"ReadAction\",\"target\":[\"https:\/\/procamera-app.com\/de\/selbstausloeser-protimer-intervalometer-bilderserien\/\"]}]},{\"@type\":\"BreadcrumbList\",\"@id\":\"https:\/\/procamera-app.com\/de\/selbstausloeser-protimer-intervalometer-bilderserien\/#breadcrumb\",\"itemListElement\":[{\"@type\":\"ListItem\",\"position\":1,\"name\":\"Home\",\"item\":\"https:\/\/procamera-app.com\/de\/\"},{\"@type\":\"ListItem\",\"position\":2,\"name\":\"ProTimer &#8211; Intervalometer\"}]},{\"@type\":\"WebSite\",\"@id\":\"https:\/\/procamera-app.com\/en\/#website\",\"url\":\"https:\/\/procamera-app.com\/en\/\",\"name\":\"ProCamera Blog - Turn your iPhone into a powerful digital camera\",\"description\":\"ProCamera ist die iOS-App f\u00fcr Fotografie, Video und Foto-Nachbearbeitung auf Profi-Niveau!\\r\\n\",\"potentialAction\":[{\"@type\":\"SearchAction\",\"target\":{\"@type\":\"EntryPoint\",\"urlTemplate\":\"https:\/\/procamera-app.com\/en\/?s={search_term_string}\"},\"query-input\":{\"@type\":\"PropertyValueSpecification\",\"valueRequired\":true,\"valueName\":\"search_term_string\"}}],\"inLanguage\":\"de\"}]}<\/script>\n<!-- \/ Yoast SEO plugin. -->","yoast_head_json":{"title":"Die Intervalometer-Funktion erm\u00f6glicht die Aufnahme von Bilderserien","description":"Die Intervalometer-Funktion erm\u00f6glicht Gruppenfotos und Selfies mit vielen Variationen, ohne dass Du den Selbstausl\u00f6ser jedes Mal neu starten musst","robots":{"index":"index","follow":"follow","max-snippet":"max-snippet:-1","max-image-preview":"max-image-preview:large","max-video-preview":"max-video-preview:-1"},"canonical":"https:\/\/procamera-app.com\/de\/selbstausloeser-protimer-intervalometer-bilderserien\/","og_locale":"de_DE","og_type":"article","og_title":"Die Intervalometer-Funktion erm\u00f6glicht die Aufnahme von Bilderserien","og_description":"Die Intervalometer-Funktion erm\u00f6glicht Gruppenfotos und Selfies mit vielen Variationen, ohne dass Du den Selbstausl\u00f6ser jedes Mal neu starten musst","og_url":"https:\/\/procamera-app.com\/de\/selbstausloeser-protimer-intervalometer-bilderserien\/","og_site_name":"ProCamera Blog - Turn your iPhone into a powerful digital camera","article_publisher":"https:\/\/www.facebook.com\/ProCameraApp","article_modified_time":"2021-10-19T10:46:01+00:00","twitter_card":"summary_large_image","twitter_site":"@ProCamera","twitter_misc":{"Gesch\u00e4tzte Lesezeit":"2\u00a0Minuten"},"schema":{"@context":"https:\/\/schema.org","@graph":[{"@type":"WebPage","@id":"https:\/\/procamera-app.com\/de\/selbstausloeser-protimer-intervalometer-bilderserien\/","url":"https:\/\/procamera-app.com\/de\/selbstausloeser-protimer-intervalometer-bilderserien\/","name":"Die Intervalometer-Funktion erm\u00f6glicht die Aufnahme von Bilderserien","isPartOf":{"@id":"https:\/\/procamera-app.com\/en\/#website"},"datePublished":"2016-07-29T13:18:39+00:00","dateModified":"2021-10-19T10:46:01+00:00","description":"Die Intervalometer-Funktion erm\u00f6glicht Gruppenfotos und Selfies mit vielen Variationen, ohne dass Du den Selbstausl\u00f6ser jedes Mal neu starten musst","breadcrumb":{"@id":"https:\/\/procamera-app.com\/de\/selbstausloeser-protimer-intervalometer-bilderserien\/#breadcrumb"},"inLanguage":"de","potentialAction":[{"@type":"ReadAction","target":["https:\/\/procamera-app.com\/de\/selbstausloeser-protimer-intervalometer-bilderserien\/"]}]},{"@type":"BreadcrumbList","@id":"https:\/\/procamera-app.com\/de\/selbstausloeser-protimer-intervalometer-bilderserien\/#breadcrumb","itemListElement":[{"@type":"ListItem","position":1,"name":"Home","item":"https:\/\/procamera-app.com\/de\/"},{"@type":"ListItem","position":2,"name":"ProTimer &#8211; Intervalometer"}]},{"@type":"WebSite","@id":"https:\/\/procamera-app.com\/en\/#website","url":"https:\/\/procamera-app.com\/en\/","name":"ProCamera Blog - Turn your iPhone into a powerful digital camera","description":"ProCamera ist die iOS-App f\u00fcr Fotografie, Video und Foto-Nachbearbeitung auf Profi-Niveau!\r\n","potentialAction":[{"@type":"SearchAction","target":{"@type":"EntryPoint","urlTemplate":"https:\/\/procamera-app.com\/en\/?s={search_term_string}"},"query-input":{"@type":"PropertyValueSpecification","valueRequired":true,"valueName":"search_term_string"}}],"inLanguage":"de"}]}},"_links":{"self":[{"href":"https:\/\/procamera-app.com\/de\/wp-json\/wp\/v2\/pages\/47264","targetHints":{"allow":["GET"]}}],"collection":[{"href":"https:\/\/procamera-app.com\/de\/wp-json\/wp\/v2\/pages"}],"about":[{"href":"https:\/\/procamera-app.com\/de\/wp-json\/wp\/v2\/types\/page"}],"author":[{"embeddable":true,"href":"https:\/\/procamera-app.com\/de\/wp-json\/wp\/v2\/users\/98"}],"replies":[{"embeddable":true,"href":"https:\/\/procamera-app.com\/de\/wp-json\/wp\/v2\/comments?post=47264"}],"version-history":[{"count":3,"href":"https:\/\/procamera-app.com\/de\/wp-json\/wp\/v2\/pages\/47264\/revisions"}],"predecessor-version":[{"id":59353,"href":"https:\/\/procamera-app.com\/de\/wp-json\/wp\/v2\/pages\/47264\/revisions\/59353"}],"wp:attachment":[{"href":"https:\/\/procamera-app.com\/de\/wp-json\/wp\/v2\/media?parent=47264"}],"curies":[{"name":"wp","href":"https:\/\/api.w.org\/{rel}","templated":true}]}}