{"id":57891,"date":"2021-07-27T15:45:56","date_gmt":"2021-07-27T13:45:56","guid":{"rendered":"https:\/\/www.procamera-app.com\/?page_id=57891"},"modified":"2023-12-04T15:46:27","modified_gmt":"2023-12-04T14:46:27","slug":"procamera_up","status":"publish","type":"page","link":"https:\/\/procamera-app.com\/de\/procamera_up\/","title":{"rendered":"ProCamera Up"},"content":{"rendered":"<div class=\"wpb-content-wrapper\"><p>[vc_row type=&#8220;2&#8243; padding_top=&#8220;100&#8243; el_class=&#8220;gradient&#8220;][vc_column][vc_row_inner][vc_column_inner width=&#8220;1\/4&#8243;][\/vc_column_inner][vc_column_inner width=&#8220;1\/2&#8243;][vc_single_image image=&#8220;60978&#8243; img_size=&#8220;large&#8220; alignment=&#8220;center&#8220;][vc_column_text]<\/p>\n<h2 style=\"text-align: center;\">Premiumfunktionen f\u00fcr Fotografie auf Profi-Niveau<\/h2>\n<h4 style=\"text-align: center;\">Das ProCamera Up Funktionspaket ist ein optionales Upgrade, das exklusive Premiumfunktionen freischaltet. Diese zus\u00e4tzlichen Funktionen helfen Ihnen dabei, Ihre Fotografie auf das n\u00e4chste Level zu bringen.<\/h4>\n<p>[\/vc_column_text][\/vc_column_inner][vc_column_inner width=&#8220;1\/4&#8243;][\/vc_column_inner][\/vc_row_inner][\/vc_column][\/vc_row][vc_row type=&#8220;2&#8243; full_width_row=&#8220;true&#8220; padding_top=&#8220;0&#8243; padding_bottom=&#8220;0&#8243;][vc_column][vc_column_text]<div id='fwdsiscDiv0' class='fwdsisc fwd-hide'><\/div><ul id='fwdsiscPlaylist_Image-Slider-ProCameraUp-DE' style='display:none;'><li data-source='https:\/\/www.procamera-app.com\/wp-content\/uploads\/2023\/10\/shop_header_anamorphic_desqueeze.jpg' data-width='1000' data-height='500' data-link='https:\/\/www.procamera-app.com\/de\/anamorphe-aufnahmen\/' data-target='_blank'><div class='pcup_slider'><p>&nbsp;<\/p><h2><b>Anamorphe Aufnahmen<\/b><\/h2><p><em>Nehmen Sie filmische, extra breite Videos und Panorama-Fotos mit einzigartiger Bild\u00e4sthetik auf.<\/em><\/p><p>&nbsp;<\/p><\/div><\/li><li data-source='https:\/\/www.procamera-app.com\/wp-content\/uploads\/2021\/03\/shop_header_perspective-control.jpg' data-width='1000' data-height='500' data-link='https:\/\/www.procamera-app.com\/de\/auto-perspektivkorrektur' data-target='_self'><div class='pcup_slider'><p>&nbsp;<\/p><h2><b>Auto Perspective Correct<\/b><\/h2><p><em>Bilder ohne perspektivische Verzerrung! Professionellere Fotos mit nur einem Tap.<\/em><\/p><p>&nbsp;<\/p><\/div><\/li><li data-source='https:\/\/www.procamera-app.com\/wp-content\/uploads\/2023\/02\/shop_header_custom_presets.jpg' data-width='1000' data-height='500' data-link='https:\/\/www.procamera-app.com\/de\/eigene-kamera-presets\/' data-target='_self'><div class='pcup_slider'><p>&nbsp;<\/p><h2><b>Eigene Kamera Presets<\/b><\/h2><p><em>Speichern Sie Ihre Einstellungen f\u00fcr Belichtung, Wei\u00dfabgleich und Fokus.<\/em><\/p><p>&nbsp;<\/p><\/div><\/li><li data-source='https:\/\/www.procamera-app.com\/wp-content\/uploads\/2021\/03\/shop_header_exposure_bracketing.jpg' data-width='1000' data-height='500' data-link='https:\/\/www.procamera-app.com\/de\/exposure-bracketing' data-target='_self'><div class='pcup_slider'><p>&nbsp;<\/p><h2><b>(RAW) Exposure Bracketing<\/b><\/h2><p><em>Nehmen Sie abgestufte Belichtungsreihen mit unterschiedlichen EV-Werten auf \u2013 sogar im RAW Format.<\/em><\/p><p>&nbsp;<\/p><\/div><\/li><li data-source='https:\/\/www.procamera-app.com\/wp-content\/uploads\/2021\/03\/shop_header_privatelightbox.jpg' data-width='1000' data-height='500' data-link='https:\/\/www.procamera-app.com\/de\/private-lightbox' data-target='_self'><div class='pcup_slider'><p>&nbsp;<\/p><h2><b>Private Lightbox<\/b><\/h2><p><em>Sch\u00fctzen Sie Ihre Fotos und Videos vor neugierigen Blicken.<\/em><\/p><p>&nbsp;<\/p><\/div><\/li><li data-source='https:\/\/www.procamera-app.com\/wp-content\/uploads\/2021\/03\/shop_header_SanFran.jpg' data-width='1000' data-height='500' data-link='https:\/\/www.procamera-app.com\/de\/san-fran-filter-pack' data-target='_self'><div class='pcup_slider'><p>&nbsp;<\/p><h2><b>San Fran Filter Set<\/b><\/h2><p><em>Einzigartige Foto-Filter inspiriert von San Franciscos farbenfrohen Bezirken.<\/em><\/p><p>&nbsp;<\/p><\/div><\/li><li data-source='https:\/\/www.procamera-app.com\/wp-content\/uploads\/2021\/03\/shop_header_FoodFilters.jpg' data-width='1000' data-height='500' data-link='https:\/\/www.procamera-app.com\/de\/food-filter-pack' data-target='_self'><div class='pcup_slider'><p>&nbsp;<\/p><h2><b>Food Filter Set<\/b><\/h2><p><em>Mit unseren ma\u00dfgeschneiderten Food-Filtern k\u00f6nnen Sie kulinarische K\u00f6stlichkeiten wie Pasta, Torten oder Cocktails geschmackvoll pr\u00e4sentieren.<\/em><\/p><p>&nbsp;<\/p><\/div><\/li><\/ul><script type='text\/javascript'>document.addEventListener('DOMContentLoaded', function(event) { FWDSISCUtils.checkIfHasTransofrms();new FWDSISC({instanceName:'fwdsisc0',parentId:'fwdsiscDiv0',playlistId:'fwdsiscPlaylist_Image-Slider-ProCameraUp-DE',displayType:'fluidWidth',className:'',initializeOnlyWhenVisible:'no',mainFolderPath:'https:\/\/www.procamera-app.com\/wp-content\/plugins\/fwdsisc\/content',rightClickContextMenu:'disabled',skinPath:'minimal-skin',displayVertical:'no',autoScale:'yes',randomizeImages:'yes',addKeyboardSupport:'no',maximizeOnSingleClick:'no',addDragSupport:'no',showCount:'no',preloaderPosition:'center',slideshowPreloaderPosition:'bottomRight',slideshowDelay:5000,slideshowRadius:9,slideshowStrokeSize:2,slideshowBackgroundColor:'#5cc3ff',slideshowFillColor:'#000000',zIndex:1,maxWidth:1000,maxHeight:500,howManyImagesToSkipOnNextAndPrevButtons:1,paralax:'no',displayVertical:'no',showZoomButton:'no',showFullscreenButton:'yes',startAtImage:0,showNextAndPrevButtonsOnMobile:'yes',showNextAndPrevButtons:'yes',buttonsHideDelay:5,showImageReflection:'no',animationTextType:'fade',transitionType:'expo',showHTMLTextContent:'all',HTMLTextPosition:'outside',HTMLTextAlignment:'bottom',nextAndPrevButtonsPosition:'leftAndRight',nextAndPrevButtonsHorizontalButtonsOffset:20,nextAndPrevButtonsVerticalButtonsOffset:10,sliderOffsetTopAndBottom:0,maxImageHeight:'350',maxCenterImageHeight:'450',spaceBetweenImages:10,imageBorderSize:0,defaulNrThumbsToDisplay:'3',transitionDuration:0.8,backgroundColor:'#000000',imageBorderColor:'#ffffff',imageBackgroundColor:'#161616',overlayColor:'rgba(0, 0, 0, 0.4)',infoHolderHeight:40,infoHolderHorizontalOffset:20,infoHolderVerticalOffset:20,infoHolderStartHorizontalSpace:20,infoHolderHorizontalSpaceBetweenItems:10,infoHolderBackgroundColor:'rgba(0, 0, 0, 0.6)'});});<\/script>[\/vc_column_text][\/vc_column][\/vc_row][vc_row type=&#8220;4&#8243; padding_top=&#8220;100&#8243; padding_bottom=&#8220;100&#8243;][vc_column width=&#8220;1\/6&#8243;][\/vc_column][vc_column width=&#8220;2\/3&#8243;][vc_column_text css=&#8220;.vc_custom_1701701178320{margin-right: 10px !important;margin-left: 10px !important;}&#8220;]<\/p>\n<h2>Enthalten im ProCamera Up Funktionspaket:<\/h2>\n<ul>\n<li>Auto Perspektivkorrektur<\/li>\n<li>Benutzerdefinierte Presets<\/li>\n<li>Unterst\u00fctzung f\u00fcr anamorphe Objektive<\/li>\n<li>(RAW) Belichtungsreihen<\/li>\n<li>Private Lightbox<\/li>\n<li>San Fran Filter Set<\/li>\n<li>Food Filter Set<\/li>\n<li>zuk\u00fcnftige Spezialfunktionen&#8230;<\/li>\n<\/ul>\n<p>Um die ProCamera Up Premiumfunktionen freizuschalten, \u00f6ffnen Sie bitte in der App:<br \/>\n<strong>Einstellungen &gt; Shop &gt; ProCamera Up.<\/strong><\/p>\n<p>Zus\u00e4tzlich zu den bestehenden Spezialfunktionen planen wir bereits weitere neue Funktionen und Erweiterungen f\u00fcr das ProCamera Up Paket. Schalten Sie jetzt ProCamera Up frei, um von der kontinuierlichen Weiterentwicklung zu profitieren und das Maximum aus Ihrer Kamera herauszuholen.[\/vc_column_text][\/vc_column][vc_column width=&#8220;1\/6&#8243;][\/vc_column][\/vc_row]<\/p>\n<\/div>","protected":false},"excerpt":{"rendered":"<p>[vc_row type=&#8220;2&#8243; padding_top=&#8220;100&#8243; el_class=&#8220;gradient&#8220;][vc_column][vc_row_inner][vc_column_inner width=&#8220;1\/4&#8243;][\/vc_column_inner][vc_column_inner width=&#8220;1\/2&#8243;][vc_single_image image=&#8220;60978&#8243; img_size=&#8220;large&#8220; alignment=&#8220;center&#8220;][vc_column_text] Premiumfunktionen f\u00fcr Fotografie auf Profi-Niveau Das&hellip;<\/p>\n","protected":false},"author":98,"featured_media":0,"parent":0,"menu_order":0,"comment_status":"closed","ping_status":"closed","template":"","meta":{"inline_featured_image":false,"footnotes":""},"class_list":["post-57891","page","type-page","status-publish","hentry","description-off"],"yoast_head":"<!-- This site is optimized with the Yoast SEO plugin v25.1 - https:\/\/yoast.com\/wordpress\/plugins\/seo\/ -->\n<title>ProCamera Up Premiumfunktionen f\u00fcr Fotografie auf Profi-Niveau<\/title>\n<meta name=\"description\" content=\"ProCamera Up bietet exklusive Premiumfunktionen, die Ihnen dabei helfen, Ihre Mobilfotografie auf das n\u00e4chste Level zu bringen.\" \/>\n<meta name=\"robots\" content=\"index, follow, max-snippet:-1, max-image-preview:large, max-video-preview:-1\" \/>\n<link rel=\"canonical\" href=\"https:\/\/procamera-app.com\/de\/procamera_up\/\" \/>\n<meta property=\"og:locale\" content=\"de_DE\" \/>\n<meta property=\"og:type\" content=\"article\" \/>\n<meta property=\"og:title\" content=\"ProCamera Up Premiumfunktionen f\u00fcr Fotografie auf Profi-Niveau\" \/>\n<meta property=\"og:description\" content=\"ProCamera Up bietet exklusive Premiumfunktionen, die Ihnen dabei helfen, Ihre Mobilfotografie auf das n\u00e4chste Level zu bringen.\" \/>\n<meta property=\"og:url\" content=\"https:\/\/procamera-app.com\/de\/procamera_up\/\" \/>\n<meta property=\"og:site_name\" content=\"ProCamera Blog - Turn your iPhone into a powerful digital camera\" \/>\n<meta property=\"article:publisher\" content=\"https:\/\/www.facebook.com\/ProCameraApp\" \/>\n<meta property=\"article:modified_time\" content=\"2023-12-04T14:46:27+00:00\" \/>\n<meta name=\"twitter:card\" content=\"summary_large_image\" \/>\n<meta name=\"twitter:site\" content=\"@ProCamera\" \/>\n<meta name=\"twitter:label1\" content=\"Gesch\u00e4tzte Lesezeit\" \/>\n\t<meta name=\"twitter:data1\" content=\"1\u00a0Minute\" \/>\n<script type=\"application\/ld+json\" class=\"yoast-schema-graph\">{\"@context\":\"https:\/\/schema.org\",\"@graph\":[{\"@type\":\"WebPage\",\"@id\":\"https:\/\/procamera-app.com\/de\/procamera_up\/\",\"url\":\"https:\/\/procamera-app.com\/de\/procamera_up\/\",\"name\":\"ProCamera Up Premiumfunktionen f\u00fcr Fotografie auf Profi-Niveau\",\"isPartOf\":{\"@id\":\"https:\/\/procamera-app.com\/en\/#website\"},\"datePublished\":\"2021-07-27T13:45:56+00:00\",\"dateModified\":\"2023-12-04T14:46:27+00:00\",\"description\":\"ProCamera Up bietet exklusive Premiumfunktionen, die Ihnen dabei helfen, Ihre Mobilfotografie auf das n\u00e4chste Level zu bringen.\",\"breadcrumb\":{\"@id\":\"https:\/\/procamera-app.com\/de\/procamera_up\/#breadcrumb\"},\"inLanguage\":\"de\",\"potentialAction\":[{\"@type\":\"ReadAction\",\"target\":[\"https:\/\/procamera-app.com\/de\/procamera_up\/\"]}]},{\"@type\":\"BreadcrumbList\",\"@id\":\"https:\/\/procamera-app.com\/de\/procamera_up\/#breadcrumb\",\"itemListElement\":[{\"@type\":\"ListItem\",\"position\":1,\"name\":\"Home\",\"item\":\"https:\/\/procamera-app.com\/de\/\"},{\"@type\":\"ListItem\",\"position\":2,\"name\":\"ProCamera Up\"}]},{\"@type\":\"WebSite\",\"@id\":\"https:\/\/procamera-app.com\/en\/#website\",\"url\":\"https:\/\/procamera-app.com\/en\/\",\"name\":\"ProCamera Blog - Turn your iPhone into a powerful digital camera\",\"description\":\"ProCamera ist die iOS-App f\u00fcr Fotografie, Video und Foto-Nachbearbeitung auf Profi-Niveau!\\r\\n\",\"potentialAction\":[{\"@type\":\"SearchAction\",\"target\":{\"@type\":\"EntryPoint\",\"urlTemplate\":\"https:\/\/procamera-app.com\/en\/?s={search_term_string}\"},\"query-input\":{\"@type\":\"PropertyValueSpecification\",\"valueRequired\":true,\"valueName\":\"search_term_string\"}}],\"inLanguage\":\"de\"}]}<\/script>\n<!-- \/ Yoast SEO plugin. -->","yoast_head_json":{"title":"ProCamera Up Premiumfunktionen f\u00fcr Fotografie auf Profi-Niveau","description":"ProCamera Up bietet exklusive Premiumfunktionen, die Ihnen dabei helfen, Ihre Mobilfotografie auf das n\u00e4chste Level zu bringen.","robots":{"index":"index","follow":"follow","max-snippet":"max-snippet:-1","max-image-preview":"max-image-preview:large","max-video-preview":"max-video-preview:-1"},"canonical":"https:\/\/procamera-app.com\/de\/procamera_up\/","og_locale":"de_DE","og_type":"article","og_title":"ProCamera Up Premiumfunktionen f\u00fcr Fotografie auf Profi-Niveau","og_description":"ProCamera Up bietet exklusive Premiumfunktionen, die Ihnen dabei helfen, Ihre Mobilfotografie auf das n\u00e4chste Level zu bringen.","og_url":"https:\/\/procamera-app.com\/de\/procamera_up\/","og_site_name":"ProCamera Blog - Turn your iPhone into a powerful digital camera","article_publisher":"https:\/\/www.facebook.com\/ProCameraApp","article_modified_time":"2023-12-04T14:46:27+00:00","twitter_card":"summary_large_image","twitter_site":"@ProCamera","twitter_misc":{"Gesch\u00e4tzte Lesezeit":"1\u00a0Minute"},"schema":{"@context":"https:\/\/schema.org","@graph":[{"@type":"WebPage","@id":"https:\/\/procamera-app.com\/de\/procamera_up\/","url":"https:\/\/procamera-app.com\/de\/procamera_up\/","name":"ProCamera Up Premiumfunktionen f\u00fcr Fotografie auf Profi-Niveau","isPartOf":{"@id":"https:\/\/procamera-app.com\/en\/#website"},"datePublished":"2021-07-27T13:45:56+00:00","dateModified":"2023-12-04T14:46:27+00:00","description":"ProCamera Up bietet exklusive Premiumfunktionen, die Ihnen dabei helfen, Ihre Mobilfotografie auf das n\u00e4chste Level zu bringen.","breadcrumb":{"@id":"https:\/\/procamera-app.com\/de\/procamera_up\/#breadcrumb"},"inLanguage":"de","potentialAction":[{"@type":"ReadAction","target":["https:\/\/procamera-app.com\/de\/procamera_up\/"]}]},{"@type":"BreadcrumbList","@id":"https:\/\/procamera-app.com\/de\/procamera_up\/#breadcrumb","itemListElement":[{"@type":"ListItem","position":1,"name":"Home","item":"https:\/\/procamera-app.com\/de\/"},{"@type":"ListItem","position":2,"name":"ProCamera Up"}]},{"@type":"WebSite","@id":"https:\/\/procamera-app.com\/en\/#website","url":"https:\/\/procamera-app.com\/en\/","name":"ProCamera Blog - Turn your iPhone into a powerful digital camera","description":"ProCamera ist die iOS-App f\u00fcr Fotografie, Video und Foto-Nachbearbeitung auf Profi-Niveau!\r\n","potentialAction":[{"@type":"SearchAction","target":{"@type":"EntryPoint","urlTemplate":"https:\/\/procamera-app.com\/en\/?s={search_term_string}"},"query-input":{"@type":"PropertyValueSpecification","valueRequired":true,"valueName":"search_term_string"}}],"inLanguage":"de"}]}},"_links":{"self":[{"href":"https:\/\/procamera-app.com\/de\/wp-json\/wp\/v2\/pages\/57891","targetHints":{"allow":["GET"]}}],"collection":[{"href":"https:\/\/procamera-app.com\/de\/wp-json\/wp\/v2\/pages"}],"about":[{"href":"https:\/\/procamera-app.com\/de\/wp-json\/wp\/v2\/types\/page"}],"author":[{"embeddable":true,"href":"https:\/\/procamera-app.com\/de\/wp-json\/wp\/v2\/users\/98"}],"replies":[{"embeddable":true,"href":"https:\/\/procamera-app.com\/de\/wp-json\/wp\/v2\/comments?post=57891"}],"version-history":[{"count":4,"href":"https:\/\/procamera-app.com\/de\/wp-json\/wp\/v2\/pages\/57891\/revisions"}],"predecessor-version":[{"id":61510,"href":"https:\/\/procamera-app.com\/de\/wp-json\/wp\/v2\/pages\/57891\/revisions\/61510"}],"wp:attachment":[{"href":"https:\/\/procamera-app.com\/de\/wp-json\/wp\/v2\/media?parent=57891"}],"curies":[{"name":"wp","href":"https:\/\/api.w.org\/{rel}","templated":true}]}}