{"id":58953,"date":"2021-07-26T16:36:03","date_gmt":"2021-07-26T14:36:03","guid":{"rendered":"https:\/\/www.procamera-app.com\/?page_id=58953"},"modified":"2023-03-13T17:55:47","modified_gmt":"2023-03-13T16:55:47","slug":"private-lightbox","status":"publish","type":"page","link":"https:\/\/procamera-app.com\/de\/private-lightbox\/","title":{"rendered":"Private Lightbox"},"content":{"rendered":"<div class=\"wpb-content-wrapper\"><p>[vc_row type=&#8220;2&#8243; padding_top=&#8220;100&#8243; padding_bottom=&#8220;25&#8243;][vc_column width=&#8220;1\/4&#8243;][\/vc_column][vc_column width=&#8220;1\/2&#8243;][vc_column_text]<\/p>\n<h3 style=\"color: #5cc3ff; text-align: center;\">Verf\u00fcgbar mit ProCamera Up<\/h3>\n<h1 style=\"text-align: center;\">Private Lightbox<\/h1>\n<h2 style=\"text-align: center;\">Sch\u00fctzen Sie Ihre pers\u00f6nlichen Fotos und Videos vor ungew\u00fcnschten Blicken<\/h2>\n<p>[\/vc_column_text][\/vc_column][vc_column width=&#8220;1\/4&#8243;][\/vc_column][\/vc_row][vc_row type=&#8220;3&#8243; padding_top=&#8220;25&#8243; padding_bottom=&#8220;25&#8243;][vc_column width=&#8220;1\/6&#8243;][\/vc_column][vc_column width=&#8220;2\/3&#8243;][vc_row_inner][vc_column_inner][vc_single_image image=&#8220;59000&#8243; img_size=&#8220;large&#8220;][\/vc_column_inner][\/vc_row_inner][vc_column_text]<\/p>\n<h2>Nur zug\u00e4nglich nach Face ID oder Touch ID Authentifizierung<\/h2>\n<p>[\/vc_column_text][vc_row_inner][vc_column_inner][vc_column_text css=&#8220;.vc_custom_1678726251635{margin-bottom: 15px !important;}&#8220;]Mit der Private Lightbox k\u00f6nnen Sie Fotos und Videos in einen gesicherten Ordner speichern. Dieser Ordner ist integriert in ProCamera und nur zug\u00e4nglich nach Face ID oder Touch ID Authentifizierung. Die Private Lightbox wurde speziell f\u00fcr pers\u00f6nliche Aufnahmen entwickelt, die nicht jedem zug\u00e4nglich sein sollen.[\/vc_column_text][\/vc_column_inner][\/vc_row_inner][vc_row_inner][vc_column_inner width=&#8220;1\/2&#8243;]<div class=\"standard-arrow bullet-top\"><h4><strong>Hauptfunktionen:<\/strong><\/h4>\n<ul>\n<li>Neue Aufnahmen direkt in der Private Lightbox speichern<\/li>\n<li>Bestehende Fotos und Videos in die Private Lightbox importieren<\/li>\n<li>Dateien aus der Private Lightbox teilen<\/li>\n<li>Fotos und Videos in der Private Lightbox werden nicht in die iCloud Fotomediathek hochgeladen<\/li>\n<li>Andere Apps haben keinen Zugriff auf diese Dateien<\/li>\n<\/ul>\n<\/div>[\/vc_column_inner][vc_column_inner width=&#8220;1\/2&#8243;]<div class=\"standard-arrow bullet-top\"><h4><strong>Anwendungsbeispiele:<\/strong><\/h4>\n<ul>\n<li><strong>Passw\u00f6rter abfotografieren<\/strong> \u2013 Schwer zu merkende Codes aufbewahren<\/li>\n<li><strong>Geschenke &amp; Parties<\/strong> \u2013 Details zu geplanten \u00dcberraschungen verstecken<\/li>\n<li><strong>Vertrauliche Dokumente<\/strong> \u2013 Digitale Kopien von pers\u00f6nlichen Unterlagen (z.B. Personalausweis, F\u00fchrerschein)<\/li>\n<li><strong>Firmenger\u00e4te<\/strong> \u2013 Gesch\u00e4ftliche und private Aufnahmen trennen<\/li>\n<li><strong>Metadata<\/strong> \u2013 Eingebettete Aufnahmeinformationen geheim halten (z.B. Ort der Aufnahme)<\/li>\n<li><strong>Karaoke-Nacht<\/strong> \u2013 Videos von Auftritten verbergen, bei denen nicht alle T\u00f6ne getroffen wurden\u2026 \ud83d\ude09<\/li>\n<\/ul>\n<\/div>[\/vc_column_inner][\/vc_row_inner][\/vc_column][vc_column width=&#8220;1\/6&#8243;][\/vc_column][\/vc_row][vc_row type=&#8220;3&#8243; padding_top=&#8220;100&#8243; padding_bottom=&#8220;25&#8243;][vc_column width=&#8220;1\/6&#8243;][\/vc_column][vc_column width=&#8220;2\/3&#8243;][vc_single_image image=&#8220;59364&#8243; img_size=&#8220;large&#8220;][vc_column_text]<\/p>\n<h2>Blitzschnelle Albenauswahl<\/h2>\n<p>Verwalten Sie Ihre Aufnahmen mit unserem praktischen Album Selektor. Damit k\u00f6nnen Sie direkt vom Aufnahmebildschirm den Speicherort f\u00fcr die n\u00e4chsten Fotos und Videos festlegen: Aufnahmen Ordner, Lightbox oder Private Lightbox. Wischen Sie auf dem Aufnahmebildschirm \u00fcber das kleine Vorschaubild nach oben, um den Album Selektor zu \u00f6ffnen.[\/vc_column_text][\/vc_column][vc_column width=&#8220;1\/6&#8243;][\/vc_column][\/vc_row][vc_row type=&#8220;4&#8243; padding_top=&#8220;60&#8243;][vc_column][vc_row_inner][vc_column_inner width=&#8220;1\/6&#8243;][\/vc_column_inner][vc_column_inner width=&#8220;2\/3&#8243;][vc_single_image image=&#8220;60982&#8243; img_size=&#8220;medium&#8220; alignment=&#8220;center&#8220;][vc_column_text]<\/p>\n<p style=\"text-align: left;\">Sch\u00fctzen Sie jetzt Ihre pers\u00f6nlichen Fotos und Videos vor neugierigen Blicken.<\/p>\n<p style=\"text-align: left;\">Der gesicherte Private Lightbox Ordner ist Teil des\u00a0<a href=\"https:\/\/www.procamera-app.com\/de\/?page_id=57891\"><strong>ProCamera Up Funktionspakets<\/strong><\/a>. ProCamera Up\u00a0ist ein <strong>optionales Upgrade<\/strong>, mit dem <b><strong>zus\u00e4tzliche Premiumfunktionen\u00a0<\/strong><\/b>freigeschaltet werden<\/p>\n<p style=\"text-align: left;\">Die ProCamera Up Spezialfunktionen k\u00f6nnen Sir direkt in der App freischalten unter:<br \/>\n<strong>Einstellungen &gt; Shop &gt; ProCamera Up.<\/strong><\/p>\n<p>[\/vc_column_text][\/vc_column_inner][vc_column_inner width=&#8220;1\/6&#8243;][\/vc_column_inner][\/vc_row_inner][vc_column_text]<div id='fwdsiscDiv0' class='fwdsisc fwd-hide'><\/div><ul id='fwdsiscPlaylist_Image-Slider-ProCameraUp-DE' style='display:none;'><li data-source='https:\/\/www.procamera-app.com\/wp-content\/uploads\/2023\/10\/shop_header_anamorphic_desqueeze.jpg' data-width='1000' data-height='500' data-link='https:\/\/www.procamera-app.com\/de\/anamorphe-aufnahmen\/' data-target='_blank'><div class='pcup_slider'><p>&nbsp;<\/p><h2><b>Anamorphe Aufnahmen<\/b><\/h2><p><em>Nehmen Sie filmische, extra breite Videos und Panorama-Fotos mit einzigartiger Bild\u00e4sthetik auf.<\/em><\/p><p>&nbsp;<\/p><\/div><\/li><li data-source='https:\/\/www.procamera-app.com\/wp-content\/uploads\/2021\/03\/shop_header_perspective-control.jpg' data-width='1000' data-height='500' data-link='https:\/\/www.procamera-app.com\/de\/auto-perspektivkorrektur' data-target='_self'><div class='pcup_slider'><p>&nbsp;<\/p><h2><b>Auto Perspective Correct<\/b><\/h2><p><em>Bilder ohne perspektivische Verzerrung! Professionellere Fotos mit nur einem Tap.<\/em><\/p><p>&nbsp;<\/p><\/div><\/li><li data-source='https:\/\/www.procamera-app.com\/wp-content\/uploads\/2023\/02\/shop_header_custom_presets.jpg' data-width='1000' data-height='500' data-link='https:\/\/www.procamera-app.com\/de\/eigene-kamera-presets\/' data-target='_self'><div class='pcup_slider'><p>&nbsp;<\/p><h2><b>Eigene Kamera Presets<\/b><\/h2><p><em>Speichern Sie Ihre Einstellungen f\u00fcr Belichtung, Wei\u00dfabgleich und Fokus.<\/em><\/p><p>&nbsp;<\/p><\/div><\/li><li data-source='https:\/\/www.procamera-app.com\/wp-content\/uploads\/2021\/03\/shop_header_exposure_bracketing.jpg' data-width='1000' data-height='500' data-link='https:\/\/www.procamera-app.com\/de\/exposure-bracketing' data-target='_self'><div class='pcup_slider'><p>&nbsp;<\/p><h2><b>(RAW) Exposure Bracketing<\/b><\/h2><p><em>Nehmen Sie abgestufte Belichtungsreihen mit unterschiedlichen EV-Werten auf \u2013 sogar im RAW Format.<\/em><\/p><p>&nbsp;<\/p><\/div><\/li><li data-source='https:\/\/www.procamera-app.com\/wp-content\/uploads\/2021\/03\/shop_header_privatelightbox.jpg' data-width='1000' data-height='500' data-link='https:\/\/www.procamera-app.com\/de\/private-lightbox' data-target='_self'><div class='pcup_slider'><p>&nbsp;<\/p><h2><b>Private Lightbox<\/b><\/h2><p><em>Sch\u00fctzen Sie Ihre Fotos und Videos vor neugierigen Blicken.<\/em><\/p><p>&nbsp;<\/p><\/div><\/li><li data-source='https:\/\/www.procamera-app.com\/wp-content\/uploads\/2021\/03\/shop_header_SanFran.jpg' data-width='1000' data-height='500' data-link='https:\/\/www.procamera-app.com\/de\/san-fran-filter-pack' data-target='_self'><div class='pcup_slider'><p>&nbsp;<\/p><h2><b>San Fran Filter Set<\/b><\/h2><p><em>Einzigartige Foto-Filter inspiriert von San Franciscos farbenfrohen Bezirken.<\/em><\/p><p>&nbsp;<\/p><\/div><\/li><li data-source='https:\/\/www.procamera-app.com\/wp-content\/uploads\/2021\/03\/shop_header_FoodFilters.jpg' data-width='1000' data-height='500' data-link='https:\/\/www.procamera-app.com\/de\/food-filter-pack' data-target='_self'><div class='pcup_slider'><p>&nbsp;<\/p><h2><b>Food Filter Set<\/b><\/h2><p><em>Mit unseren ma\u00dfgeschneiderten Food-Filtern k\u00f6nnen Sie kulinarische K\u00f6stlichkeiten wie Pasta, Torten oder Cocktails geschmackvoll pr\u00e4sentieren.<\/em><\/p><p>&nbsp;<\/p><\/div><\/li><\/ul><script type='text\/javascript'>document.addEventListener('DOMContentLoaded', function(event) { FWDSISCUtils.checkIfHasTransofrms();new FWDSISC({instanceName:'fwdsisc0',parentId:'fwdsiscDiv0',playlistId:'fwdsiscPlaylist_Image-Slider-ProCameraUp-DE',displayType:'fluidWidth',className:'',initializeOnlyWhenVisible:'no',mainFolderPath:'https:\/\/www.procamera-app.com\/wp-content\/plugins\/fwdsisc\/content',rightClickContextMenu:'disabled',skinPath:'minimal-skin',displayVertical:'no',autoScale:'yes',randomizeImages:'yes',addKeyboardSupport:'no',maximizeOnSingleClick:'no',addDragSupport:'no',showCount:'no',preloaderPosition:'center',slideshowPreloaderPosition:'bottomRight',slideshowDelay:5000,slideshowRadius:9,slideshowStrokeSize:2,slideshowBackgroundColor:'#5cc3ff',slideshowFillColor:'#2e3031',zIndex:1,maxWidth:1000,maxHeight:300,howManyImagesToSkipOnNextAndPrevButtons:1,paralax:'no',displayVertical:'no',showZoomButton:'no',showFullscreenButton:'no',startAtImage:0,showNextAndPrevButtonsOnMobile:'yes',showNextAndPrevButtons:'yes',buttonsHideDelay:5,showImageReflection:'no',animationTextType:'fade',transitionType:'expo',showHTMLTextContent:'all',HTMLTextPosition:'outside',HTMLTextAlignment:'bottom',nextAndPrevButtonsPosition:'leftAndRight',nextAndPrevButtonsHorizontalButtonsOffset:20,nextAndPrevButtonsVerticalButtonsOffset:10,sliderOffsetTopAndBottom:0,maxImageHeight:'250',maxCenterImageHeight:'300',spaceBetweenImages:10,imageBorderSize:0,defaulNrThumbsToDisplay:'3',transitionDuration:0.8,backgroundColor:'#2e3031',imageBorderColor:'#ffffff',imageBackgroundColor:'#2e3031',overlayColor:'rgba(0, 0, 0, 0.4)',infoHolderHeight:40,infoHolderHorizontalOffset:20,infoHolderVerticalOffset:20,infoHolderStartHorizontalSpace:20,infoHolderHorizontalSpaceBetweenItems:10,infoHolderBackgroundColor:'rgba(0, 0, 0, 0.6)'});});<\/script>[\/vc_column_text][\/vc_column][\/vc_row]<\/p>\n<\/div>","protected":false},"excerpt":{"rendered":"<p>[vc_row type=&#8220;2&#8243; padding_top=&#8220;100&#8243; padding_bottom=&#8220;25&#8243;][vc_column width=&#8220;1\/4&#8243;][\/vc_column][vc_column width=&#8220;1\/2&#8243;][vc_column_text] Verf\u00fcgbar mit ProCamera Up Private Lightbox Sch\u00fctzen Sie Ihre&hellip;<\/p>\n","protected":false},"author":98,"featured_media":0,"parent":0,"menu_order":0,"comment_status":"closed","ping_status":"closed","template":"","meta":{"inline_featured_image":false,"footnotes":""},"class_list":["post-58953","page","type-page","status-publish","hentry","description-off"],"yoast_head":"<!-- This site is optimized with the Yoast SEO plugin v25.1 - https:\/\/yoast.com\/wordpress\/plugins\/seo\/ -->\n<title>ProCamera - Private Lightbox - Sch\u00fctzen Sie Ihre Fotos und Videos<\/title>\n<meta name=\"description\" content=\"Mit der Private Lightbox Fotos und Videos in einem gesicherten Ordner speichern - zug\u00e4nglich nach Face ID oder Touch ID Authentifizierung.\" \/>\n<meta name=\"robots\" content=\"index, follow, max-snippet:-1, max-image-preview:large, max-video-preview:-1\" \/>\n<link rel=\"canonical\" href=\"https:\/\/procamera-app.com\/de\/private-lightbox\/\" \/>\n<meta property=\"og:locale\" content=\"de_DE\" \/>\n<meta property=\"og:type\" content=\"article\" \/>\n<meta property=\"og:title\" content=\"ProCamera - Private Lightbox - Sch\u00fctzen Sie Ihre Fotos und Videos\" \/>\n<meta property=\"og:description\" content=\"Mit der Private Lightbox Fotos und Videos in einem gesicherten Ordner speichern - zug\u00e4nglich nach Face ID oder Touch ID Authentifizierung.\" \/>\n<meta property=\"og:url\" content=\"https:\/\/procamera-app.com\/de\/private-lightbox\/\" \/>\n<meta property=\"og:site_name\" content=\"ProCamera Blog - Turn your iPhone into a powerful digital camera\" \/>\n<meta property=\"article:publisher\" content=\"https:\/\/www.facebook.com\/ProCameraApp\" \/>\n<meta property=\"article:modified_time\" content=\"2023-03-13T16:55:47+00:00\" \/>\n<meta name=\"twitter:card\" content=\"summary_large_image\" \/>\n<meta name=\"twitter:site\" content=\"@ProCamera\" \/>\n<meta name=\"twitter:label1\" content=\"Gesch\u00e4tzte Lesezeit\" \/>\n\t<meta name=\"twitter:data1\" content=\"2\u00a0Minuten\" \/>\n<script type=\"application\/ld+json\" class=\"yoast-schema-graph\">{\"@context\":\"https:\/\/schema.org\",\"@graph\":[{\"@type\":\"WebPage\",\"@id\":\"https:\/\/procamera-app.com\/de\/private-lightbox\/\",\"url\":\"https:\/\/procamera-app.com\/de\/private-lightbox\/\",\"name\":\"ProCamera - Private Lightbox - Sch\u00fctzen Sie Ihre Fotos und Videos\",\"isPartOf\":{\"@id\":\"https:\/\/procamera-app.com\/en\/#website\"},\"datePublished\":\"2021-07-26T14:36:03+00:00\",\"dateModified\":\"2023-03-13T16:55:47+00:00\",\"description\":\"Mit der Private Lightbox Fotos und Videos in einem gesicherten Ordner speichern - zug\u00e4nglich nach Face ID oder Touch ID Authentifizierung.\",\"breadcrumb\":{\"@id\":\"https:\/\/procamera-app.com\/de\/private-lightbox\/#breadcrumb\"},\"inLanguage\":\"de\",\"potentialAction\":[{\"@type\":\"ReadAction\",\"target\":[\"https:\/\/procamera-app.com\/de\/private-lightbox\/\"]}]},{\"@type\":\"BreadcrumbList\",\"@id\":\"https:\/\/procamera-app.com\/de\/private-lightbox\/#breadcrumb\",\"itemListElement\":[{\"@type\":\"ListItem\",\"position\":1,\"name\":\"Home\",\"item\":\"https:\/\/procamera-app.com\/de\/\"},{\"@type\":\"ListItem\",\"position\":2,\"name\":\"Private Lightbox\"}]},{\"@type\":\"WebSite\",\"@id\":\"https:\/\/procamera-app.com\/en\/#website\",\"url\":\"https:\/\/procamera-app.com\/en\/\",\"name\":\"ProCamera Blog - Turn your iPhone into a powerful digital camera\",\"description\":\"ProCamera ist die iOS-App f\u00fcr Fotografie, Video und Foto-Nachbearbeitung auf Profi-Niveau!\\r\\n\",\"potentialAction\":[{\"@type\":\"SearchAction\",\"target\":{\"@type\":\"EntryPoint\",\"urlTemplate\":\"https:\/\/procamera-app.com\/en\/?s={search_term_string}\"},\"query-input\":{\"@type\":\"PropertyValueSpecification\",\"valueRequired\":true,\"valueName\":\"search_term_string\"}}],\"inLanguage\":\"de\"}]}<\/script>\n<!-- \/ Yoast SEO plugin. -->","yoast_head_json":{"title":"ProCamera - Private Lightbox - Sch\u00fctzen Sie Ihre Fotos und Videos","description":"Mit der Private Lightbox Fotos und Videos in einem gesicherten Ordner speichern - zug\u00e4nglich nach Face ID oder Touch ID Authentifizierung.","robots":{"index":"index","follow":"follow","max-snippet":"max-snippet:-1","max-image-preview":"max-image-preview:large","max-video-preview":"max-video-preview:-1"},"canonical":"https:\/\/procamera-app.com\/de\/private-lightbox\/","og_locale":"de_DE","og_type":"article","og_title":"ProCamera - Private Lightbox - Sch\u00fctzen Sie Ihre Fotos und Videos","og_description":"Mit der Private Lightbox Fotos und Videos in einem gesicherten Ordner speichern - zug\u00e4nglich nach Face ID oder Touch ID Authentifizierung.","og_url":"https:\/\/procamera-app.com\/de\/private-lightbox\/","og_site_name":"ProCamera Blog - Turn your iPhone into a powerful digital camera","article_publisher":"https:\/\/www.facebook.com\/ProCameraApp","article_modified_time":"2023-03-13T16:55:47+00:00","twitter_card":"summary_large_image","twitter_site":"@ProCamera","twitter_misc":{"Gesch\u00e4tzte Lesezeit":"2\u00a0Minuten"},"schema":{"@context":"https:\/\/schema.org","@graph":[{"@type":"WebPage","@id":"https:\/\/procamera-app.com\/de\/private-lightbox\/","url":"https:\/\/procamera-app.com\/de\/private-lightbox\/","name":"ProCamera - Private Lightbox - Sch\u00fctzen Sie Ihre Fotos und Videos","isPartOf":{"@id":"https:\/\/procamera-app.com\/en\/#website"},"datePublished":"2021-07-26T14:36:03+00:00","dateModified":"2023-03-13T16:55:47+00:00","description":"Mit der Private Lightbox Fotos und Videos in einem gesicherten Ordner speichern - zug\u00e4nglich nach Face ID oder Touch ID Authentifizierung.","breadcrumb":{"@id":"https:\/\/procamera-app.com\/de\/private-lightbox\/#breadcrumb"},"inLanguage":"de","potentialAction":[{"@type":"ReadAction","target":["https:\/\/procamera-app.com\/de\/private-lightbox\/"]}]},{"@type":"BreadcrumbList","@id":"https:\/\/procamera-app.com\/de\/private-lightbox\/#breadcrumb","itemListElement":[{"@type":"ListItem","position":1,"name":"Home","item":"https:\/\/procamera-app.com\/de\/"},{"@type":"ListItem","position":2,"name":"Private Lightbox"}]},{"@type":"WebSite","@id":"https:\/\/procamera-app.com\/en\/#website","url":"https:\/\/procamera-app.com\/en\/","name":"ProCamera Blog - Turn your iPhone into a powerful digital camera","description":"ProCamera ist die iOS-App f\u00fcr Fotografie, Video und Foto-Nachbearbeitung auf Profi-Niveau!\r\n","potentialAction":[{"@type":"SearchAction","target":{"@type":"EntryPoint","urlTemplate":"https:\/\/procamera-app.com\/en\/?s={search_term_string}"},"query-input":{"@type":"PropertyValueSpecification","valueRequired":true,"valueName":"search_term_string"}}],"inLanguage":"de"}]}},"_links":{"self":[{"href":"https:\/\/procamera-app.com\/de\/wp-json\/wp\/v2\/pages\/58953","targetHints":{"allow":["GET"]}}],"collection":[{"href":"https:\/\/procamera-app.com\/de\/wp-json\/wp\/v2\/pages"}],"about":[{"href":"https:\/\/procamera-app.com\/de\/wp-json\/wp\/v2\/types\/page"}],"author":[{"embeddable":true,"href":"https:\/\/procamera-app.com\/de\/wp-json\/wp\/v2\/users\/98"}],"replies":[{"embeddable":true,"href":"https:\/\/procamera-app.com\/de\/wp-json\/wp\/v2\/comments?post=58953"}],"version-history":[{"count":3,"href":"https:\/\/procamera-app.com\/de\/wp-json\/wp\/v2\/pages\/58953\/revisions"}],"predecessor-version":[{"id":61201,"href":"https:\/\/procamera-app.com\/de\/wp-json\/wp\/v2\/pages\/58953\/revisions\/61201"}],"wp:attachment":[{"href":"https:\/\/procamera-app.com\/de\/wp-json\/wp\/v2\/media?parent=58953"}],"curies":[{"name":"wp","href":"https:\/\/api.w.org\/{rel}","templated":true}]}}