{"id":58957,"date":"2021-02-26T14:49:11","date_gmt":"2021-02-26T13:49:11","guid":{"rendered":"https:\/\/www.procamera-app.com\/exposure-bracketing\/"},"modified":"2023-03-13T17:46:54","modified_gmt":"2023-03-13T16:46:54","slug":"exposure-bracketing","status":"publish","type":"page","link":"https:\/\/procamera-app.com\/de\/exposure-bracketing\/","title":{"rendered":"Exposure Bracketing"},"content":{"rendered":"<div class=\"wpb-content-wrapper\"><p>[vc_row type=&#8220;2&#8243; padding_top=&#8220;100&#8243; padding_bottom=&#8220;25&#8243;][vc_column width=&#8220;1\/4&#8243;][\/vc_column][vc_column width=&#8220;1\/2&#8243;][vc_column_text]<\/p>\n<h3 style=\"color: #5cc3ff; text-align: center;\">Verf\u00fcgbar mit PROCAMERA UP<\/h3>\n<h1 style=\"text-align: center;\">Belichtungsreihen<\/h1>\n<h2 style=\"text-align: center;\">Belichtungsreihen sind eine bew\u00e4hrte Technik, um selbst Szenen mit gro\u00dfem Helligkeitsunterschied detailliert wiederzugeben<\/h2>\n<p>[\/vc_column_text][\/vc_column][vc_column width=&#8220;1\/4&#8243;][\/vc_column][\/vc_row][vc_row type=&#8220;3&#8243; padding_bottom=&#8220;25&#8243;][vc_column width=&#8220;1\/6&#8243;][\/vc_column][vc_column width=&#8220;2\/3&#8243;][vc_single_image image=&#8220;57911&#8243; img_size=&#8220;large&#8220;][vc_column_text]<\/p>\n<h4><strong>Das Ausgangsmaterial f\u00fcr HDR-Bilder<\/strong><\/h4>\n<p>Anstelle eines Einzelfotos wird automatisch eine abgestufte Fotoserie aufgenommen, bei der jedes Bild unterschiedlich hell belichtet ist. Mit entsprechender Drittanbieter-Software k\u00f6nnen Sie die Bilder einer Belichtungsreihe sp\u00e4ter zu einem HDR-Bild zusammensetzen, das einen deutlich h\u00f6heren Dynamikumfang abdeckt.[\/vc_column_text][\/vc_column][vc_column width=&#8220;1\/6&#8243;][\/vc_column][\/vc_row][vc_row type=&#8220;3&#8243; padding_top=&#8220;100&#8243; padding_bottom=&#8220;25&#8243;][vc_column width=&#8220;1\/6&#8243;][\/vc_column][vc_column width=&#8220;2\/3&#8243;][vc_single_image image=&#8220;57916&#8243; img_size=&#8220;large&#8220;][vc_column_text]<\/p>\n<h4><strong>Mehr Details<\/strong><\/h4>\n<p>Zus\u00e4tzlich zur Standardbelichtung werden ein oder mehrere unterbelichtete sowie \u00fcberbelichtete Fotos aufgenommen. Dadurch werden mehr Details in den sehr hellen bzw. den sehr dunklen Bereichen des Motivs eingefangen.<\/p>\n<p>Wahlweise k\u00f6nnen Sie Belichtungsreihen bestehend aus 3, 5 oder sogar 7 Fotos aufnehmen. Eine h\u00f6here Anzahl an Bildern eignet sich besonders f\u00fcr Szenen mit wenig Umgebungslicht und statische Motive.[\/vc_column_text][\/vc_column][vc_column width=&#8220;1\/6&#8243;][\/vc_column][\/vc_row][vc_row type=&#8220;3&#8243; padding_top=&#8220;100&#8243; padding_bottom=&#8220;25&#8243;][vc_column width=&#8220;1\/6&#8243;][\/vc_column][vc_column width=&#8220;2\/3&#8243;][vc_single_image image=&#8220;59360&#8243; img_size=&#8220;large&#8220;][vc_column_text]<\/p>\n<h2>Belichtungsreihen-Skala<\/h2>\n<p>Mit der EB-Taste \u00f6ffnen sie die Belichtungsreihen-Skala. Hier k\u00f6nnen Sie die Unter- bzw. \u00dcberbelichtung der Reihe individuell einstellen \u2013 optional bis zu sieben Blendenstufen auseinander! Alle verf\u00fcgbaren Foto-Dateiformate werden unterst\u00fctzt (JPEG, HEIF, TIFF, RAW).\u00a0Die Aufnahme von Belichtungsreihen steht sowohl im Foto- als auch im LowLight-Modus zur Verf\u00fcgung, wenn im Aufnahmemen\u00fc M oder SI (manueller\/semi-automatischer Modus) aktiviert sind.<\/p>\n<p>Nie mehr ausgebrannte, wei\u00dfe Himmel oder verwaschene Details in Bilder: Belichtungsreihen sind der effektivste Weg den Dynamikumfang Ihrer Kamera zu steigern![\/vc_column_text][\/vc_column][vc_column width=&#8220;1\/6&#8243;][\/vc_column][\/vc_row][vc_row type=&#8220;4&#8243; margin_bottom=&#8220;0&#8243; padding_top=&#8220;60&#8243; css=&#8220;.vc_custom_1618322269052{margin-bottom: 0px !important;}&#8220;][vc_column width=&#8220;1\/6&#8243;][\/vc_column][vc_column width=&#8220;2\/3&#8243;][vc_single_image image=&#8220;60982&#8243; img_size=&#8220;medium&#8220; alignment=&#8220;center&#8220;][vc_column_text]<\/p>\n<p style=\"text-align: left;\">Verabschieden Sie sich von verlorenen Details und Bildern ohne detaillierte Zeichnung. Schalten Sie jetzt ProCamera Up frei und erweitern Sie den Dynamikumfang Ihrer Kamera durch Belichtungsreihen.<\/p>\n<p style=\"text-align: left;\">Die vielseitig einsetzbare Funktion ist Teil des<strong>\u00a0<a href=\"https:\/\/www.procamera-app.com\/de\/procamera-up\/\">ProCamera Up Funktionpakets<\/a><\/strong>. ProCamera Up\u00a0ist ein <strong>optionales Upgrade<\/strong>, mit dem <b><strong>zus\u00e4tzliche Premiumfunktionen\u00a0<\/strong><\/b>freigeschaltet werden.<\/p>\n<p style=\"text-align: left;\">Die ProCamera Up Spezialfunktionen k\u00f6nnen Sir direkt in der App freischalten unter:<br \/>\n<strong>Einstellungen &gt; Shop &gt; ProCamera Up.<\/strong><\/p>\n<p>[\/vc_column_text][\/vc_column][vc_column width=&#8220;1\/6&#8243;][\/vc_column][\/vc_row][vc_row type=&#8220;4&#8243;][vc_column][vc_column_text]<div id='fwdsiscDiv0' class='fwdsisc fwd-hide'><\/div><ul id='fwdsiscPlaylist_Image-Slider-ProCameraUp-DE' style='display:none;'><li data-source='https:\/\/www.procamera-app.com\/wp-content\/uploads\/2023\/10\/shop_header_anamorphic_desqueeze.jpg' data-width='1000' data-height='500' data-link='https:\/\/www.procamera-app.com\/de\/anamorphe-aufnahmen\/' data-target='_blank'><div class='pcup_slider'><p>&nbsp;<\/p><h2><b>Anamorphe Aufnahmen<\/b><\/h2><p><em>Nehmen Sie filmische, extra breite Videos und Panorama-Fotos mit einzigartiger Bild\u00e4sthetik auf.<\/em><\/p><p>&nbsp;<\/p><\/div><\/li><li data-source='https:\/\/www.procamera-app.com\/wp-content\/uploads\/2021\/03\/shop_header_perspective-control.jpg' data-width='1000' data-height='500' data-link='https:\/\/www.procamera-app.com\/de\/auto-perspektivkorrektur' data-target='_self'><div class='pcup_slider'><p>&nbsp;<\/p><h2><b>Auto Perspective Correct<\/b><\/h2><p><em>Bilder ohne perspektivische Verzerrung! Professionellere Fotos mit nur einem Tap.<\/em><\/p><p>&nbsp;<\/p><\/div><\/li><li data-source='https:\/\/www.procamera-app.com\/wp-content\/uploads\/2023\/02\/shop_header_custom_presets.jpg' data-width='1000' data-height='500' data-link='https:\/\/www.procamera-app.com\/de\/eigene-kamera-presets\/' data-target='_self'><div class='pcup_slider'><p>&nbsp;<\/p><h2><b>Eigene Kamera Presets<\/b><\/h2><p><em>Speichern Sie Ihre Einstellungen f\u00fcr Belichtung, Wei\u00dfabgleich und Fokus.<\/em><\/p><p>&nbsp;<\/p><\/div><\/li><li data-source='https:\/\/www.procamera-app.com\/wp-content\/uploads\/2021\/03\/shop_header_exposure_bracketing.jpg' data-width='1000' data-height='500' data-link='https:\/\/www.procamera-app.com\/de\/exposure-bracketing' data-target='_self'><div class='pcup_slider'><p>&nbsp;<\/p><h2><b>(RAW) Exposure Bracketing<\/b><\/h2><p><em>Nehmen Sie abgestufte Belichtungsreihen mit unterschiedlichen EV-Werten auf \u2013 sogar im RAW Format.<\/em><\/p><p>&nbsp;<\/p><\/div><\/li><li data-source='https:\/\/www.procamera-app.com\/wp-content\/uploads\/2021\/03\/shop_header_privatelightbox.jpg' data-width='1000' data-height='500' data-link='https:\/\/www.procamera-app.com\/de\/private-lightbox' data-target='_self'><div class='pcup_slider'><p>&nbsp;<\/p><h2><b>Private Lightbox<\/b><\/h2><p><em>Sch\u00fctzen Sie Ihre Fotos und Videos vor neugierigen Blicken.<\/em><\/p><p>&nbsp;<\/p><\/div><\/li><li data-source='https:\/\/www.procamera-app.com\/wp-content\/uploads\/2021\/03\/shop_header_SanFran.jpg' data-width='1000' data-height='500' data-link='https:\/\/www.procamera-app.com\/de\/san-fran-filter-pack' data-target='_self'><div class='pcup_slider'><p>&nbsp;<\/p><h2><b>San Fran Filter Set<\/b><\/h2><p><em>Einzigartige Foto-Filter inspiriert von San Franciscos farbenfrohen Bezirken.<\/em><\/p><p>&nbsp;<\/p><\/div><\/li><li data-source='https:\/\/www.procamera-app.com\/wp-content\/uploads\/2021\/03\/shop_header_FoodFilters.jpg' data-width='1000' data-height='500' data-link='https:\/\/www.procamera-app.com\/de\/food-filter-pack' data-target='_self'><div class='pcup_slider'><p>&nbsp;<\/p><h2><b>Food Filter Set<\/b><\/h2><p><em>Mit unseren ma\u00dfgeschneiderten Food-Filtern k\u00f6nnen Sie kulinarische K\u00f6stlichkeiten wie Pasta, Torten oder Cocktails geschmackvoll pr\u00e4sentieren.<\/em><\/p><p>&nbsp;<\/p><\/div><\/li><\/ul><script type='text\/javascript'>document.addEventListener('DOMContentLoaded', function(event) { FWDSISCUtils.checkIfHasTransofrms();new FWDSISC({instanceName:'fwdsisc0',parentId:'fwdsiscDiv0',playlistId:'fwdsiscPlaylist_Image-Slider-ProCameraUp-DE',displayType:'fluidWidth',className:'',initializeOnlyWhenVisible:'no',mainFolderPath:'https:\/\/www.procamera-app.com\/wp-content\/plugins\/fwdsisc\/content',rightClickContextMenu:'disabled',skinPath:'minimal-skin',displayVertical:'no',autoScale:'yes',randomizeImages:'yes',addKeyboardSupport:'no',maximizeOnSingleClick:'no',addDragSupport:'no',showCount:'no',preloaderPosition:'center',slideshowPreloaderPosition:'bottomRight',slideshowDelay:5000,slideshowRadius:9,slideshowStrokeSize:2,slideshowBackgroundColor:'#5cc3ff',slideshowFillColor:'#2e3031',zIndex:1,maxWidth:1000,maxHeight:300,howManyImagesToSkipOnNextAndPrevButtons:1,paralax:'no',displayVertical:'no',showZoomButton:'no',showFullscreenButton:'no',startAtImage:0,showNextAndPrevButtonsOnMobile:'yes',showNextAndPrevButtons:'yes',buttonsHideDelay:5,showImageReflection:'no',animationTextType:'fade',transitionType:'expo',showHTMLTextContent:'all',HTMLTextPosition:'outside',HTMLTextAlignment:'bottom',nextAndPrevButtonsPosition:'leftAndRight',nextAndPrevButtonsHorizontalButtonsOffset:20,nextAndPrevButtonsVerticalButtonsOffset:10,sliderOffsetTopAndBottom:0,maxImageHeight:'250',maxCenterImageHeight:'300',spaceBetweenImages:10,imageBorderSize:0,defaulNrThumbsToDisplay:'3',transitionDuration:0.8,backgroundColor:'#2e3031',imageBorderColor:'#ffffff',imageBackgroundColor:'#2e3031',overlayColor:'rgba(0, 0, 0, 0.4)',infoHolderHeight:40,infoHolderHorizontalOffset:20,infoHolderVerticalOffset:20,infoHolderStartHorizontalSpace:20,infoHolderHorizontalSpaceBetweenItems:10,infoHolderBackgroundColor:'rgba(0, 0, 0, 0.6)'});});<\/script>[\/vc_column_text][\/vc_column][\/vc_row]<\/p>\n<\/div>","protected":false},"excerpt":{"rendered":"<p>[vc_row type=&#8220;2&#8243; padding_top=&#8220;100&#8243; padding_bottom=&#8220;25&#8243;][vc_column width=&#8220;1\/4&#8243;][\/vc_column][vc_column width=&#8220;1\/2&#8243;][vc_column_text] Verf\u00fcgbar mit PROCAMERA UP Belichtungsreihen Belichtungsreihen sind eine bew\u00e4hrte&hellip;<\/p>\n","protected":false},"author":98,"featured_media":0,"parent":0,"menu_order":0,"comment_status":"closed","ping_status":"closed","template":"","meta":{"inline_featured_image":false,"footnotes":""},"class_list":["post-58957","page","type-page","status-publish","hentry","description-off"],"yoast_head":"<!-- This site is optimized with the Yoast SEO plugin v25.1 - https:\/\/yoast.com\/wordpress\/plugins\/seo\/ -->\n<title>ProCamera App - Belichtungsreihen - ProCamera Premiumfunktionen<\/title>\n<meta name=\"description\" content=\"Belichtungsreihen sind eine bew\u00e4hrte Technik, um selbst Szenen mit gro\u00dfem Helligkeitsunterschied detailliert wiederzugeben\" \/>\n<meta name=\"robots\" content=\"index, follow, max-snippet:-1, max-image-preview:large, max-video-preview:-1\" \/>\n<link rel=\"canonical\" href=\"https:\/\/procamera-app.com\/de\/exposure-bracketing\/\" \/>\n<meta property=\"og:locale\" content=\"de_DE\" \/>\n<meta property=\"og:type\" content=\"article\" \/>\n<meta property=\"og:title\" content=\"ProCamera App - Belichtungsreihen - ProCamera Premiumfunktionen\" \/>\n<meta property=\"og:description\" content=\"Belichtungsreihen sind eine bew\u00e4hrte Technik, um selbst Szenen mit gro\u00dfem Helligkeitsunterschied detailliert wiederzugeben\" \/>\n<meta property=\"og:url\" content=\"https:\/\/procamera-app.com\/de\/exposure-bracketing\/\" \/>\n<meta property=\"og:site_name\" content=\"ProCamera Blog - Turn your iPhone into a powerful digital camera\" \/>\n<meta property=\"article:publisher\" content=\"https:\/\/www.facebook.com\/ProCameraApp\" \/>\n<meta property=\"article:modified_time\" content=\"2023-03-13T16:46:54+00:00\" \/>\n<meta name=\"twitter:card\" content=\"summary_large_image\" \/>\n<meta name=\"twitter:site\" content=\"@ProCamera\" \/>\n<meta name=\"twitter:label1\" content=\"Gesch\u00e4tzte Lesezeit\" \/>\n\t<meta name=\"twitter:data1\" content=\"2\u00a0Minuten\" \/>\n<script type=\"application\/ld+json\" class=\"yoast-schema-graph\">{\"@context\":\"https:\/\/schema.org\",\"@graph\":[{\"@type\":\"WebPage\",\"@id\":\"https:\/\/procamera-app.com\/de\/exposure-bracketing\/\",\"url\":\"https:\/\/procamera-app.com\/de\/exposure-bracketing\/\",\"name\":\"ProCamera App - Belichtungsreihen - ProCamera Premiumfunktionen\",\"isPartOf\":{\"@id\":\"https:\/\/procamera-app.com\/en\/#website\"},\"datePublished\":\"2021-02-26T13:49:11+00:00\",\"dateModified\":\"2023-03-13T16:46:54+00:00\",\"description\":\"Belichtungsreihen sind eine bew\u00e4hrte Technik, um selbst Szenen mit gro\u00dfem Helligkeitsunterschied detailliert wiederzugeben\",\"breadcrumb\":{\"@id\":\"https:\/\/procamera-app.com\/de\/exposure-bracketing\/#breadcrumb\"},\"inLanguage\":\"de\",\"potentialAction\":[{\"@type\":\"ReadAction\",\"target\":[\"https:\/\/procamera-app.com\/de\/exposure-bracketing\/\"]}]},{\"@type\":\"BreadcrumbList\",\"@id\":\"https:\/\/procamera-app.com\/de\/exposure-bracketing\/#breadcrumb\",\"itemListElement\":[{\"@type\":\"ListItem\",\"position\":1,\"name\":\"Home\",\"item\":\"https:\/\/procamera-app.com\/de\/\"},{\"@type\":\"ListItem\",\"position\":2,\"name\":\"Exposure Bracketing\"}]},{\"@type\":\"WebSite\",\"@id\":\"https:\/\/procamera-app.com\/en\/#website\",\"url\":\"https:\/\/procamera-app.com\/en\/\",\"name\":\"ProCamera Blog - Turn your iPhone into a powerful digital camera\",\"description\":\"ProCamera ist die iOS-App f\u00fcr Fotografie, Video und Foto-Nachbearbeitung auf Profi-Niveau!\\r\\n\",\"potentialAction\":[{\"@type\":\"SearchAction\",\"target\":{\"@type\":\"EntryPoint\",\"urlTemplate\":\"https:\/\/procamera-app.com\/en\/?s={search_term_string}\"},\"query-input\":{\"@type\":\"PropertyValueSpecification\",\"valueRequired\":true,\"valueName\":\"search_term_string\"}}],\"inLanguage\":\"de\"}]}<\/script>\n<!-- \/ Yoast SEO plugin. -->","yoast_head_json":{"title":"ProCamera App - Belichtungsreihen - ProCamera Premiumfunktionen","description":"Belichtungsreihen sind eine bew\u00e4hrte Technik, um selbst Szenen mit gro\u00dfem Helligkeitsunterschied detailliert wiederzugeben","robots":{"index":"index","follow":"follow","max-snippet":"max-snippet:-1","max-image-preview":"max-image-preview:large","max-video-preview":"max-video-preview:-1"},"canonical":"https:\/\/procamera-app.com\/de\/exposure-bracketing\/","og_locale":"de_DE","og_type":"article","og_title":"ProCamera App - Belichtungsreihen - ProCamera Premiumfunktionen","og_description":"Belichtungsreihen sind eine bew\u00e4hrte Technik, um selbst Szenen mit gro\u00dfem Helligkeitsunterschied detailliert wiederzugeben","og_url":"https:\/\/procamera-app.com\/de\/exposure-bracketing\/","og_site_name":"ProCamera Blog - Turn your iPhone into a powerful digital camera","article_publisher":"https:\/\/www.facebook.com\/ProCameraApp","article_modified_time":"2023-03-13T16:46:54+00:00","twitter_card":"summary_large_image","twitter_site":"@ProCamera","twitter_misc":{"Gesch\u00e4tzte Lesezeit":"2\u00a0Minuten"},"schema":{"@context":"https:\/\/schema.org","@graph":[{"@type":"WebPage","@id":"https:\/\/procamera-app.com\/de\/exposure-bracketing\/","url":"https:\/\/procamera-app.com\/de\/exposure-bracketing\/","name":"ProCamera App - Belichtungsreihen - ProCamera Premiumfunktionen","isPartOf":{"@id":"https:\/\/procamera-app.com\/en\/#website"},"datePublished":"2021-02-26T13:49:11+00:00","dateModified":"2023-03-13T16:46:54+00:00","description":"Belichtungsreihen sind eine bew\u00e4hrte Technik, um selbst Szenen mit gro\u00dfem Helligkeitsunterschied detailliert wiederzugeben","breadcrumb":{"@id":"https:\/\/procamera-app.com\/de\/exposure-bracketing\/#breadcrumb"},"inLanguage":"de","potentialAction":[{"@type":"ReadAction","target":["https:\/\/procamera-app.com\/de\/exposure-bracketing\/"]}]},{"@type":"BreadcrumbList","@id":"https:\/\/procamera-app.com\/de\/exposure-bracketing\/#breadcrumb","itemListElement":[{"@type":"ListItem","position":1,"name":"Home","item":"https:\/\/procamera-app.com\/de\/"},{"@type":"ListItem","position":2,"name":"Exposure Bracketing"}]},{"@type":"WebSite","@id":"https:\/\/procamera-app.com\/en\/#website","url":"https:\/\/procamera-app.com\/en\/","name":"ProCamera Blog - Turn your iPhone into a powerful digital camera","description":"ProCamera ist die iOS-App f\u00fcr Fotografie, Video und Foto-Nachbearbeitung auf Profi-Niveau!\r\n","potentialAction":[{"@type":"SearchAction","target":{"@type":"EntryPoint","urlTemplate":"https:\/\/procamera-app.com\/en\/?s={search_term_string}"},"query-input":{"@type":"PropertyValueSpecification","valueRequired":true,"valueName":"search_term_string"}}],"inLanguage":"de"}]}},"_links":{"self":[{"href":"https:\/\/procamera-app.com\/de\/wp-json\/wp\/v2\/pages\/58957","targetHints":{"allow":["GET"]}}],"collection":[{"href":"https:\/\/procamera-app.com\/de\/wp-json\/wp\/v2\/pages"}],"about":[{"href":"https:\/\/procamera-app.com\/de\/wp-json\/wp\/v2\/types\/page"}],"author":[{"embeddable":true,"href":"https:\/\/procamera-app.com\/de\/wp-json\/wp\/v2\/users\/98"}],"replies":[{"embeddable":true,"href":"https:\/\/procamera-app.com\/de\/wp-json\/wp\/v2\/comments?post=58957"}],"version-history":[{"count":4,"href":"https:\/\/procamera-app.com\/de\/wp-json\/wp\/v2\/pages\/58957\/revisions"}],"predecessor-version":[{"id":61200,"href":"https:\/\/procamera-app.com\/de\/wp-json\/wp\/v2\/pages\/58957\/revisions\/61200"}],"wp:attachment":[{"href":"https:\/\/procamera-app.com\/de\/wp-json\/wp\/v2\/media?parent=58957"}],"curies":[{"name":"wp","href":"https:\/\/api.w.org\/{rel}","templated":true}]}}