{"id":58959,"date":"2021-07-26T16:56:49","date_gmt":"2021-07-26T14:56:49","guid":{"rendered":"https:\/\/www.procamera-app.com\/?page_id=58959"},"modified":"2021-09-01T16:34:09","modified_gmt":"2021-09-01T14:34:09","slug":"raw-proraw-photos","status":"publish","type":"page","link":"https:\/\/procamera-app.com\/de\/raw-proraw-photos\/","title":{"rendered":"Shoot iOS DNG RAW photos on your iPhone"},"content":{"rendered":"<div class=\"wpb-content-wrapper\"><p>[vc_row type=&#8220;3&#8243; padding_top=&#8220;100&#8243; padding_bottom=&#8220;100&#8243;][vc_column][vc_row_inner][vc_column_inner width=&#8220;1\/4&#8243;][\/vc_column_inner][vc_column_inner width=&#8220;1\/2&#8243;][vc_column_text]<\/p>\n<h3 style=\"text-align: center;\">Raw Aufnahme &amp; Bearbeitung<\/h3>\n<h1 style=\"text-align: center;\">ProCamera biete volle Unterst\u00fctzung f\u00fcr RAW<\/h1>\n<h2 style=\"text-align: center;\">Profifotografen kennen das Potenzial von RAW von ihren gro\u00dfen Kameras. Daher war es uns wichtig, RAW und ProRAW gleich von Beginn an als Option auf dem iPhone anzubieten<\/h2>\n<p>[\/vc_column_text][\/vc_column_inner][vc_column_inner width=&#8220;1\/4&#8243;][\/vc_column_inner][\/vc_row_inner][vc_single_image image=&#8220;47689&#8243; img_size=&#8220;large&#8220; alignment=&#8220;center&#8220;][\/vc_column][vc_column width=&#8220;1\/4&#8243;][\/vc_column][vc_column width=&#8220;1\/2&#8243;]<div class=\"standard-arrow bullet-top\"><ul>\n<li>\n<h4><strong>Vollst\u00e4ndige Unterst\u00fctzung f\u00fcr das RAW-Format \u2013 ob mit automatischen Belichtungseinstellungen oder manuellen Werten f\u00fcr Belichtungszeit und ISO<\/strong><\/h4>\n<\/li>\n<li><strong>ProRAW ist als zweite RAW-Option verf\u00fcgbar auf allen\u00a0unterst\u00fctzten Ger\u00e4ten (ab iPhone 12 Pro und 12 Pro Max)<\/strong><\/li>\n<li>\n<h4><strong>Im\u00a0Album sind RAW-Aufnahmen mit einem kleinen &#8222;RAW&#8220; Kennzeichen markiert, um diese Fotos schnell zwischen anderen Bildern identifizieren zu k\u00f6nnen<\/strong><\/h4>\n<\/li>\n<li>\n<h4><strong>Im ProCamera Studio gibt es f\u00fcr diese Aufnahme spezielle RAW-Werkzeuge als Erg\u00e4nzung zu den anderen Bearbeitungswerkzeugen<\/strong><\/h4>\n<\/li>\n<\/ul>\n<\/div>[\/vc_column][\/vc_row][vc_row type=&#8220;3&#8243; padding_top=&#8220;100&#8243; padding_bottom=&#8220;100&#8243;][vc_column width=&#8220;5\/12&#8243;][vc_single_image image=&#8220;58580&#8243; img_size=&#8220;large&#8220; add_caption=&#8220;yes&#8220; alignment=&#8220;center&#8220; image_hovers=&#8220;false&#8220;][\/vc_column][vc_column width=&#8220;1\/12&#8243;][\/vc_column][vc_column width=&#8220;1\/2&#8243;][vc_column_text]<\/p>\n<h1 style=\"text-align: left;\">RAW Aufnahme<\/h1>\n<p>[\/vc_column_text]<div class=\"standard-arrow bullet-top\"><ul>\n<li>RAW-Fotos werden im DNG Dateiformat gespeichert und nutzen immer die volle Aufl\u00f6sung des 4:3 Bildsensors. Sind abweichende Aufnahme-Seitenverh\u00e4ltnisse eingestellt, wie z.B. 16:9 oder 1:1, werden diese nur auf das dazugeh\u00f6rige JPEG angewendet.<\/li>\n<li>Zum RAW-Format wechseln Sie direkt im Aufnahmemen\u00fc unter Dateiformat.<\/li>\n<li>Die RAW-Formate sind verf\u00fcgbar im Photo sowie im LowLight Modus.<\/li>\n<li>ProRAW steht f\u00fcr alle Objektive zur Verf\u00fcgung. RAW steht auf \u00e4lteren Ger\u00e4ten auf dem 1x Weitwinkel sowie dem 2x Teleobjektiv zur Auswahl (zuk\u00fcnftig wird RAW auf neueren Ger\u00e4ten auf allen Objektiven verf\u00fcgbar sein!)<\/li>\n<li>Unter Einstellungen &gt; Dateiformat &gt; RAW Format k\u00f6nnen Sie festlegen, ob bei Ihnen RAW, RAW+JPG oder (auf neueren Ger\u00e4ten) ProRAW als Dateiformat-Option im Aufnahmemen\u00fc zur Auswahl steht.<\/li>\n<\/ul>\n<\/div>[\/vc_column][\/vc_row][vc_row type=&#8220;2&#8243; padding_top=&#8220;100&#8243; padding_bottom=&#8220;100&#8243;][vc_column width=&#8220;5\/12&#8243;][vc_single_image image=&#8220;59030&#8243; img_size=&#8220;large&#8220;][\/vc_column][vc_column width=&#8220;1\/12&#8243;][\/vc_column][vc_column width=&#8220;1\/2&#8243;][vc_column_text]<\/p>\n<h1 style=\"text-align: left;\">RAW Bearbeitung<\/h1>\n<p>[\/vc_column_text]<div class=\"standard-arrow bullet-top\"><ul>\n<li>Non-destruktiver Prozess: Beim Bearbeiten bleibt die original RAW-Datei (.dng) unver\u00e4ndert und die Bearbeitung wird als editierte Version des Bildes gespeichert.<\/li>\n<li>Im ProCamera Studio kann die eigene Bearbeitung sp\u00e4ter jederzeit individuell angepasst oder zur\u00fcckgenommen werden.<\/li>\n<li>Zum Bearbeiten von RAW und ProRAW Fotos stehen spezielles Werkzeuge in einem eigenen RAW-Bereich des Studios bereit \u2013 nat\u00fcrlich k\u00f6nnen Sie diese Werkzeuge mit allen bisherigen Bearbeitungsfunktionen unseres Studios kombinieren.<\/li>\n<\/ul>\n<\/div>[\/vc_column][\/vc_row][vc_row type=&#8220;3&#8243;][vc_column offset=&#8220;vc_hidden-xs&#8220;]<div class=\"hr-thin style-line\" style=\"width: 100%;border-top-width: 1px;\"><\/div>[vc_single_image image=&#8220;52478&#8243; img_size=&#8220;full&#8220; alignment=&#8220;center&#8220; onclick=&#8220;custom_link&#8220; img_link_target=&#8220;_blank&#8220; image_hovers=&#8220;false&#8220; link=&#8220;https:\/\/itunes.apple.com\/de\/app\/picmentum\/id1287820276?pt=949580&amp;ct=bapcweb&amp;mt=8&amp;at=11laV7&#8243; css=&#8220;.vc_custom_1542796952669{margin-top: 20px !important;margin-bottom: -10px !important;}&#8220;][\/vc_column][\/vc_row][vc_row type=&#8220;3&#8243;][vc_column offset=&#8220;vc_hidden-lg vc_hidden-md vc_hidden-sm&#8220;]<div class=\"hr-thin style-line\" style=\"width: 100%;border-top-width: 1px;\"><\/div>[vc_single_image image=&#8220;52481&#8243; img_size=&#8220;full&#8220; alignment=&#8220;center&#8220; onclick=&#8220;custom_link&#8220; img_link_target=&#8220;_blank&#8220; image_hovers=&#8220;false&#8220; link=&#8220;https:\/\/itunes.apple.com\/de\/app\/picmentum\/id1287820276?pt=949580&amp;ct=bapcweb&amp;mt=8&amp;at=11laV7&#8243; css=&#8220;.vc_custom_1542797472129{margin-top: 20px !important;margin-bottom: -10px !important;}&#8220;][\/vc_column][\/vc_row]<\/p>\n<\/div>","protected":false},"excerpt":{"rendered":"<p>[vc_row type=&#8220;3&#8243; padding_top=&#8220;100&#8243; padding_bottom=&#8220;100&#8243;][vc_column][vc_row_inner][vc_column_inner width=&#8220;1\/4&#8243;][\/vc_column_inner][vc_column_inner width=&#8220;1\/2&#8243;][vc_column_text] Raw Aufnahme &amp; Bearbeitung ProCamera biete volle Unterst\u00fctzung f\u00fcr&hellip;<\/p>\n","protected":false},"author":98,"featured_media":0,"parent":0,"menu_order":0,"comment_status":"closed","ping_status":"closed","template":"","meta":{"inline_featured_image":false,"footnotes":""},"class_list":["post-58959","page","type-page","status-publish","hentry","description-off"],"yoast_head":"<!-- This site is optimized with the Yoast SEO plugin v25.1 - https:\/\/yoast.com\/wordpress\/plugins\/seo\/ -->\n<title>ProCamera App - ProRAW Aufnahmen und Bearbeitung<\/title>\n<meta name=\"description\" content=\"Das ProRAW Dateiformat kombiniert erstmals die Vorteile der automatisierten Bildoptimierung mit der beispiellosen Flexibilit\u00e4t von RAW Fotos.\" \/>\n<meta name=\"robots\" content=\"index, follow, max-snippet:-1, max-image-preview:large, max-video-preview:-1\" \/>\n<link rel=\"canonical\" href=\"https:\/\/procamera-app.com\/de\/raw-proraw-photos\/\" \/>\n<meta property=\"og:locale\" content=\"de_DE\" \/>\n<meta property=\"og:type\" content=\"article\" \/>\n<meta property=\"og:title\" content=\"ProCamera App - ProRAW Aufnahmen und Bearbeitung\" \/>\n<meta property=\"og:description\" content=\"Das ProRAW Dateiformat kombiniert erstmals die Vorteile der automatisierten Bildoptimierung mit der beispiellosen Flexibilit\u00e4t von RAW Fotos.\" \/>\n<meta property=\"og:url\" content=\"https:\/\/procamera-app.com\/de\/raw-proraw-photos\/\" \/>\n<meta property=\"og:site_name\" content=\"ProCamera Blog - Turn your iPhone into a powerful digital camera\" \/>\n<meta property=\"article:publisher\" content=\"https:\/\/www.facebook.com\/ProCameraApp\" \/>\n<meta property=\"article:modified_time\" content=\"2021-09-01T14:34:09+00:00\" \/>\n<meta name=\"twitter:card\" content=\"summary_large_image\" \/>\n<meta name=\"twitter:site\" content=\"@ProCamera\" \/>\n<meta name=\"twitter:label1\" content=\"Gesch\u00e4tzte Lesezeit\" \/>\n\t<meta name=\"twitter:data1\" content=\"2\u00a0Minuten\" \/>\n<script type=\"application\/ld+json\" class=\"yoast-schema-graph\">{\"@context\":\"https:\/\/schema.org\",\"@graph\":[{\"@type\":\"WebPage\",\"@id\":\"https:\/\/procamera-app.com\/de\/raw-proraw-photos\/\",\"url\":\"https:\/\/procamera-app.com\/de\/raw-proraw-photos\/\",\"name\":\"ProCamera App - ProRAW Aufnahmen und Bearbeitung\",\"isPartOf\":{\"@id\":\"https:\/\/procamera-app.com\/en\/#website\"},\"datePublished\":\"2021-07-26T14:56:49+00:00\",\"dateModified\":\"2021-09-01T14:34:09+00:00\",\"description\":\"Das ProRAW Dateiformat kombiniert erstmals die Vorteile der automatisierten Bildoptimierung mit der beispiellosen Flexibilit\u00e4t von RAW Fotos.\",\"breadcrumb\":{\"@id\":\"https:\/\/procamera-app.com\/de\/raw-proraw-photos\/#breadcrumb\"},\"inLanguage\":\"de\",\"potentialAction\":[{\"@type\":\"ReadAction\",\"target\":[\"https:\/\/procamera-app.com\/de\/raw-proraw-photos\/\"]}]},{\"@type\":\"BreadcrumbList\",\"@id\":\"https:\/\/procamera-app.com\/de\/raw-proraw-photos\/#breadcrumb\",\"itemListElement\":[{\"@type\":\"ListItem\",\"position\":1,\"name\":\"Home\",\"item\":\"https:\/\/procamera-app.com\/de\/\"},{\"@type\":\"ListItem\",\"position\":2,\"name\":\"Shoot iOS DNG RAW photos on your iPhone\"}]},{\"@type\":\"WebSite\",\"@id\":\"https:\/\/procamera-app.com\/en\/#website\",\"url\":\"https:\/\/procamera-app.com\/en\/\",\"name\":\"ProCamera Blog - Turn your iPhone into a powerful digital camera\",\"description\":\"ProCamera ist die iOS-App f\u00fcr Fotografie, Video und Foto-Nachbearbeitung auf Profi-Niveau!\\r\\n\",\"potentialAction\":[{\"@type\":\"SearchAction\",\"target\":{\"@type\":\"EntryPoint\",\"urlTemplate\":\"https:\/\/procamera-app.com\/en\/?s={search_term_string}\"},\"query-input\":{\"@type\":\"PropertyValueSpecification\",\"valueRequired\":true,\"valueName\":\"search_term_string\"}}],\"inLanguage\":\"de\"}]}<\/script>\n<!-- \/ Yoast SEO plugin. -->","yoast_head_json":{"title":"ProCamera App - ProRAW Aufnahmen und Bearbeitung","description":"Das ProRAW Dateiformat kombiniert erstmals die Vorteile der automatisierten Bildoptimierung mit der beispiellosen Flexibilit\u00e4t von RAW Fotos.","robots":{"index":"index","follow":"follow","max-snippet":"max-snippet:-1","max-image-preview":"max-image-preview:large","max-video-preview":"max-video-preview:-1"},"canonical":"https:\/\/procamera-app.com\/de\/raw-proraw-photos\/","og_locale":"de_DE","og_type":"article","og_title":"ProCamera App - ProRAW Aufnahmen und Bearbeitung","og_description":"Das ProRAW Dateiformat kombiniert erstmals die Vorteile der automatisierten Bildoptimierung mit der beispiellosen Flexibilit\u00e4t von RAW Fotos.","og_url":"https:\/\/procamera-app.com\/de\/raw-proraw-photos\/","og_site_name":"ProCamera Blog - Turn your iPhone into a powerful digital camera","article_publisher":"https:\/\/www.facebook.com\/ProCameraApp","article_modified_time":"2021-09-01T14:34:09+00:00","twitter_card":"summary_large_image","twitter_site":"@ProCamera","twitter_misc":{"Gesch\u00e4tzte Lesezeit":"2\u00a0Minuten"},"schema":{"@context":"https:\/\/schema.org","@graph":[{"@type":"WebPage","@id":"https:\/\/procamera-app.com\/de\/raw-proraw-photos\/","url":"https:\/\/procamera-app.com\/de\/raw-proraw-photos\/","name":"ProCamera App - ProRAW Aufnahmen und Bearbeitung","isPartOf":{"@id":"https:\/\/procamera-app.com\/en\/#website"},"datePublished":"2021-07-26T14:56:49+00:00","dateModified":"2021-09-01T14:34:09+00:00","description":"Das ProRAW Dateiformat kombiniert erstmals die Vorteile der automatisierten Bildoptimierung mit der beispiellosen Flexibilit\u00e4t von RAW Fotos.","breadcrumb":{"@id":"https:\/\/procamera-app.com\/de\/raw-proraw-photos\/#breadcrumb"},"inLanguage":"de","potentialAction":[{"@type":"ReadAction","target":["https:\/\/procamera-app.com\/de\/raw-proraw-photos\/"]}]},{"@type":"BreadcrumbList","@id":"https:\/\/procamera-app.com\/de\/raw-proraw-photos\/#breadcrumb","itemListElement":[{"@type":"ListItem","position":1,"name":"Home","item":"https:\/\/procamera-app.com\/de\/"},{"@type":"ListItem","position":2,"name":"Shoot iOS DNG RAW photos on your iPhone"}]},{"@type":"WebSite","@id":"https:\/\/procamera-app.com\/en\/#website","url":"https:\/\/procamera-app.com\/en\/","name":"ProCamera Blog - Turn your iPhone into a powerful digital camera","description":"ProCamera ist die iOS-App f\u00fcr Fotografie, Video und Foto-Nachbearbeitung auf Profi-Niveau!\r\n","potentialAction":[{"@type":"SearchAction","target":{"@type":"EntryPoint","urlTemplate":"https:\/\/procamera-app.com\/en\/?s={search_term_string}"},"query-input":{"@type":"PropertyValueSpecification","valueRequired":true,"valueName":"search_term_string"}}],"inLanguage":"de"}]}},"_links":{"self":[{"href":"https:\/\/procamera-app.com\/de\/wp-json\/wp\/v2\/pages\/58959","targetHints":{"allow":["GET"]}}],"collection":[{"href":"https:\/\/procamera-app.com\/de\/wp-json\/wp\/v2\/pages"}],"about":[{"href":"https:\/\/procamera-app.com\/de\/wp-json\/wp\/v2\/types\/page"}],"author":[{"embeddable":true,"href":"https:\/\/procamera-app.com\/de\/wp-json\/wp\/v2\/users\/98"}],"replies":[{"embeddable":true,"href":"https:\/\/procamera-app.com\/de\/wp-json\/wp\/v2\/comments?post=58959"}],"version-history":[{"count":4,"href":"https:\/\/procamera-app.com\/de\/wp-json\/wp\/v2\/pages\/58959\/revisions"}],"predecessor-version":[{"id":59219,"href":"https:\/\/procamera-app.com\/de\/wp-json\/wp\/v2\/pages\/58959\/revisions\/59219"}],"wp:attachment":[{"href":"https:\/\/procamera-app.com\/de\/wp-json\/wp\/v2\/media?parent=58959"}],"curies":[{"name":"wp","href":"https:\/\/api.w.org\/{rel}","templated":true}]}}