{"id":58982,"date":"2021-07-27T15:59:09","date_gmt":"2021-07-27T13:59:09","guid":{"rendered":"https:\/\/www.procamera-app.com\/?page_id=58982"},"modified":"2022-11-29T10:13:54","modified_gmt":"2022-11-29T09:13:54","slug":"video-mode","status":"publish","type":"page","link":"https:\/\/procamera-app.com\/de\/video-mode\/","title":{"rendered":"Video Mode"},"content":{"rendered":"<div class=\"wpb-content-wrapper\"><p>[vc_row type=&#8220;3&#8243; padding_top=&#8220;100&#8243; padding_bottom=&#8220;100&#8243;][vc_column][vc_row_inner][vc_column_inner width=&#8220;1\/4&#8243;][\/vc_column_inner][vc_column_inner width=&#8220;1\/2&#8243;][vc_column_text]<\/p>\n<h3 style=\"text-align: center;\">ERSTELLEN SIE BEEINDRUCKENDE VIDEOINHALTE<\/h3>\n<h1 style=\"text-align: center;\">Filmen Sie wie die Profis mit ProCamera<\/h1>\n<h2 style=\"text-align: center;\">Das iPhone ist eine fantastische Videokamera und mit ProCamera k\u00f6nnen Sie das Potenzial voll aussch\u00f6pfen!<\/h2>\n<p>[\/vc_column_text][\/vc_column_inner][vc_column_inner width=&#8220;1\/4&#8243;][\/vc_column_inner][\/vc_row_inner]<div id=\"ultimate-video-815069d299709b7da\" class=\"ult-video  ult-adjust-bottom-margin ultimate-video-815069d299709b7da ultv-5933 \"><div class=\"ultv-video ultv-aspect-ratio-16_9 ultv-subscribe-responsive-none\" data-videotype=\"uv_iframe\">\n\t\t\t\t\t\t<div class=\"ultv-video__outer-wrap\" data-autoplay=\"0\" data-device=\"false\"  data-iconbg=\"#3A3A3A\" data-overcolor=\"\" data-defaultbg=\"#1f1f1e\" data-defaultplay=\"defaulticon\"><div class=\"ultv-video__play\" data-src=\"https:\/\/www.youtube.com\/embed\/OmiFAWgch24?rel=0&#038;start&#038;end&#038;controls=1&#038;mute=0&#038;modestbranding=0&#038;autoplay=1\">\n\t\t\t\t\t\t\t\t<img decoding=\"async\" class=\"ultv-video__thumb\" src=\"https:\/\/i.ytimg.com\/vi\/OmiFAWgch24\/maxresdefault.jpg\"\/>\n\t\t\t\t\t\t\t\t<div class=\"ultv-video__play-icon  ultv-animation-none\" style=\"width:75px\"><svg height=\"100%\" version=\"1.1\" viewBox=\"0 0 68 48\" width=\"100%\"><path class=\"ultv-youtube-icon-bg\" d=\"m .66,37.62 c 0,0 .66,4.70 2.70,6.77 2.58,2.71 5.98,2.63 7.49,2.91 5.43,.52 23.10,.68 23.12,.68 .00,-1.3e-5 14.29,-0.02 23.81,-0.71 1.32,-0.15 4.22,-0.17 6.81,-2.89 2.03,-2.07 2.70,-6.77 2.70,-6.77 0,0 .67,-5.52 .67,-11.04 l 0,-5.17 c 0,-5.52 -0.67,-11.04 -0.67,-11.04 0,0 -0.66,-4.70 -2.70,-6.77 C 62.03,.86 59.13,.84 57.80,.69 48.28,0 34.00,0 34.00,0 33.97,0 19.69,0 10.18,.69 8.85,.84 5.95,.86 3.36,3.58 1.32,5.65 .66,10.35 .66,10.35 c 0,0 -0.55,4.50 -0.66,9.45 l 0,8.36 c .10,4.94 .66,9.45 .66,9.45 z\" fill=\"#1f1f1e\" ><\/path><path d=\"m 26.96,13.67 18.37,9.62 -18.37,9.55 -0.00,-19.17 z\" fill=\"#fff\"><\/path><path d=\"M 45.02,23.46 45.32,23.28 26.96,13.67 43.32,22.34 45.02,23.46 z\" fill=\"#ccc\"><\/path><\/svg><\/div> <\/div> <\/div><div class=\"ultv-subscribe-bar ult-responsive\"  data-ultimate-target='.ult-video.ultv-5933 .ultv-subscribe-bar'  data-responsive-json-new='{\"font-size\":\"\",\"line-height\":\"\"}'  style = \"color:#fff; background-color:#1b1b1b; \">\n\t\t\t\t<div class=\"ultv-subscribe-bar-prefix\" style=\"font-weight:normal;\">Abonnieren Sie unseren YouTube-Kanal<\/div>\n\t\t\t\t<div class=\"ultv-subscribe-content\">\n\t\t\t\t\t<script src=\"https:\/\/apis.google.com\/js\/platform.js\"><\/script> <!-- Need to be enqueued from someplace else --><div class=\"g-ytsubscribe\" data-channelid=\"UClyyA0EAUcQ34b7jdFn1m_Q\" data-count=\"hidden\"><\/div><\/div> <\/div><\/div><\/div>[vc_row_inner][vc_column_inner width=&#8220;1\/6&#8243;][\/vc_column_inner][vc_column_inner width=&#8220;2\/3&#8243;]<div class=\"ult-spacer spacer-69d299709b850\" data-id=\"69d299709b850\" data-height=\"25\" data-height-mobile=\"25\" data-height-tab=\"25\" data-height-tab-portrait=\"25\" data-height-mobile-landscape=\"25\" style=\"clear:both;display:block;\"><\/div>[vc_column_text]<\/p>\n<p style=\"text-align: left;\">In unserer heutigen Welt spielt Video eine immer gr\u00f6\u00dfere Rolle. Daher bietet ProCamera neben Foto auch einen eigenst\u00e4ndigen Video-Modus. Wie in unseren anderen Modi, ist auch der Video-Modus einfach und intuitiv zu bedienen \u2013 bietet bei Bedarf allerdings vielerlei manuelle Einstellm\u00f6glichkeiten. Dadurch kann man dank der intelligenten Automatik jederzeit einfach den Aufnahmeknopf dr\u00fccken und filmen \u2013 oder manuell die Steuerung \u00fcbernehmen bei anspruchsvollen Filmprojekten.<\/p>\n<h3><\/h3>\n<p>&nbsp;<\/p>\n<h3 style=\"text-align: left;\">Hauptmerkmale:<\/h3>\n<p>[\/vc_column_text]<div class=\"standard-arrow bullet-top\"><ul>\n<li>Videoaufl\u00f6sung \u2013 High-Definition Optionen bis hin zu UHD 4K<\/li>\n<li>Unterst\u00fctzung f\u00fcr alle iPhone Objektive \u2013 inkl. Image Fusion<\/li>\n<li>Manuelle Belichtungssteuerung \u2013 Eigene Werte f\u00fcr ISO und Belichtungszeit<\/li>\n<li>Frame Rate Optionen \u2013 Bildraten von klassischen 24 fps bis hin zu berauschenden 240 fps f\u00fcr die Zeitlupenwiedergabe<\/li>\n<li>Manueller Fokus<\/li>\n<li>Manueller Wei\u00dfabgleich<\/li>\n<\/ul>\n<\/div>[\/vc_column_inner][vc_column_inner width=&#8220;1\/6&#8243;][\/vc_column_inner][\/vc_row_inner][vc_row_inner][vc_column_inner width=&#8220;1\/6&#8243;][\/vc_column_inner][vc_column_inner width=&#8220;2\/3&#8243;][\/vc_column_inner][vc_column_inner width=&#8220;1\/6&#8243;][\/vc_column_inner][\/vc_row_inner][\/vc_column][\/vc_row][vc_row type=&#8220;3&#8243; padding_top=&#8220;100&#8243; padding_bottom=&#8220;100&#8243;][vc_column width=&#8220;1\/3&#8243;][vc_single_image image=&#8220;59341&#8243; img_size=&#8220;large&#8220;][\/vc_column][vc_column width=&#8220;1\/12&#8243;][\/vc_column][vc_column width=&#8220;7\/12&#8243;][vc_column_text]<\/p>\n<h1 style=\"text-align: left;\">Spezielle Videofunktionen<\/h1>\n<p>[\/vc_column_text]<div class=\"standard-arrow bullet-top\"><ul>\n<li>Kontinuierlicher Video-Autofokus an\/aus<\/li>\n<li>Dolby Vision HDR-Aufnahme an\/aus (iPhone 12 und neuer)<\/li>\n<li>Geschmeidiger Video-Zoom<\/li>\n<li>Aufnahmen mit sehr hoher Bit-Rate<\/li>\n<li>Einstellbare Videokomprimierungsstandards (HEVC H.265, H.264 Codec)<\/li>\n<li>Spiegeloptionen f\u00fcr die Videoaufzeichnung (z.B. f\u00fcr Beastgrip DOF-Adapter)<\/li>\n<li>Anzeigetafel mit allen relevanten Video-Aufnahmeinfos<\/li>\n<li>Dauerlicht<\/li>\n<\/ul>\n<\/div>[\/vc_column][\/vc_row][vc_row type=&#8220;3&#8243; padding_top=&#8220;100&#8243; padding_bottom=&#8220;100&#8243;][vc_column width=&#8220;1\/3&#8243;][vc_single_image image=&#8220;59345&#8243; img_size=&#8220;large&#8220;][\/vc_column][vc_column width=&#8220;1\/12&#8243;][\/vc_column][vc_column width=&#8220;7\/12&#8243;][vc_column_text]<\/p>\n<h1 style=\"text-align: left;\">Videos mit gro\u00dfartigem Ton<\/h1>\n<p>[\/vc_column_text]<div class=\"standard-arrow bullet-top\"><p><strong>Wir sind davon \u00fcberzeugt, dass\u00a0eine\u00a0hohe Audioqualit\u00e4t eine wichtige Voraussetzung f\u00fcr professionelle Videografie ist. Daher haben wir einige M\u00f6glichkeiten hinzugef\u00fcgt, mit denen Sie die Tonqualit\u00e4t sogar noch weiter verbessern k\u00f6nnen:<\/strong><\/p>\n<ul>\n<li>Stereoton (iPhone XS und neuer)<\/li>\n<li>Audiometer \u2013 Anzeige des eingehenden Audio-Pegels<\/li>\n<li>Unterst\u00fctzung f\u00fcr externe Mikrofone: Um m\u00f6glichst alle Bereiche abzudecken, ist ProCamera mit einer Vielzahl an externen <strong>Bluetooth-<\/strong>, <strong>Lightning- und<\/strong>\u00a0<strong>USB-Mikrofonen<\/strong>\u00a0kompatible \u2013\u00a0wie z.B. Apple AirPods, Instamic Pro, Shure MV88+, Blue Yeti,\u2026<\/li>\n<\/ul>\n<\/div>[vc_column_text css=&#8220;.vc_custom_1629910920069{padding-top: 20px !important;}&#8220;]Besuchen Sie unser Help Center (zur Zeit nur in englischer Sprache verf\u00fcgbar), um mehr dar\u00fcber zu erfahren, <a href=\"https:\/\/cocologicshelp.zendesk.com\/hc\/en-us\/articles\/360016947997-How-to-connect-an-external-microphone-\" target=\"_blank\" rel=\"noopener\">wie man externe Mikrofone mit ProCamera verbindet.<\/a>[\/vc_column_text][\/vc_column][\/vc_row][vc_row type=&#8220;2&#8243; padding_top=&#8220;60&#8243; padding_bottom=&#8220;60&#8243;][vc_column]<div id=\"ultimate-video-645669d299709b90f\" class=\"ult-video  ult-adjust-bottom-margin ultimate-video-645669d299709b90f ultv-9711 \"><div class=\"ultv-video ultv-aspect-ratio-16_9 ultv-subscribe-responsive-none\" data-videotype=\"uv_iframe\">\n\t\t\t\t\t\t<div class=\"ultv-video__outer-wrap\" data-autoplay=\"0\" data-device=\"false\"  data-iconbg=\"#3A3A3A\" data-overcolor=\"\" data-defaultbg=\"#1f1f1e\" data-defaultplay=\"defaulticon\"><div class=\"ultv-video__play\" data-src=\"https:\/\/www.youtube.com\/embed\/vRSxjufumm8?rel=0&#038;start&#038;end&#038;controls=1&#038;mute=0&#038;modestbranding=0&#038;autoplay=1\">\n\t\t\t\t\t\t\t\t<img decoding=\"async\" class=\"ultv-video__thumb\" src=\"https:\/\/i.ytimg.com\/vi\/vRSxjufumm8\/maxresdefault.jpg\"\/>\n\t\t\t\t\t\t\t\t<div class=\"ultv-video__play-icon  ultv-animation-none\" style=\"width:75px\"><svg height=\"100%\" version=\"1.1\" viewBox=\"0 0 68 48\" width=\"100%\"><path class=\"ultv-youtube-icon-bg\" d=\"m .66,37.62 c 0,0 .66,4.70 2.70,6.77 2.58,2.71 5.98,2.63 7.49,2.91 5.43,.52 23.10,.68 23.12,.68 .00,-1.3e-5 14.29,-0.02 23.81,-0.71 1.32,-0.15 4.22,-0.17 6.81,-2.89 2.03,-2.07 2.70,-6.77 2.70,-6.77 0,0 .67,-5.52 .67,-11.04 l 0,-5.17 c 0,-5.52 -0.67,-11.04 -0.67,-11.04 0,0 -0.66,-4.70 -2.70,-6.77 C 62.03,.86 59.13,.84 57.80,.69 48.28,0 34.00,0 34.00,0 33.97,0 19.69,0 10.18,.69 8.85,.84 5.95,.86 3.36,3.58 1.32,5.65 .66,10.35 .66,10.35 c 0,0 -0.55,4.50 -0.66,9.45 l 0,8.36 c .10,4.94 .66,9.45 .66,9.45 z\" fill=\"#1f1f1e\" ><\/path><path d=\"m 26.96,13.67 18.37,9.62 -18.37,9.55 -0.00,-19.17 z\" fill=\"#fff\"><\/path><path d=\"M 45.02,23.46 45.32,23.28 26.96,13.67 43.32,22.34 45.02,23.46 z\" fill=\"#ccc\"><\/path><\/svg><\/div> <\/div> <\/div><div class=\"ultv-subscribe-bar ult-responsive\"  data-ultimate-target='.ult-video.ultv-9711 .ultv-subscribe-bar'  data-responsive-json-new='{\"font-size\":\"\",\"line-height\":\"\"}'  style = \"color:#fff; background-color:#1b1b1b; \">\n\t\t\t\t<div class=\"ultv-subscribe-bar-prefix\" style=\"font-weight:normal;\">Durch das Abspielen des Videos erkl\u00e4ren Sie sich mit den Datenschutzbestimmungen von YouTube einverstanden.<\/div>\n\t\t\t\t<div class=\"ultv-subscribe-content\">\n\t\t\t\t\t<script src=\"https:\/\/apis.google.com\/js\/platform.js\"><\/script> <!-- Need to be enqueued from someplace else --><div class=\"g-ytsubscribe\" data-channelid=\"UClyyA0EAUcQ34b7jdFn1m_Q\" data-count=\"hidden\"><\/div><\/div> <\/div><\/div><\/div>[vc_row_inner][vc_column_inner width=&#8220;1\/6&#8243;][\/vc_column_inner][vc_column_inner width=&#8220;2\/3&#8243;][vc_column_text]<\/p>\n<h4><strong>Sie wollen eine noch bessere Tonqualit\u00e4t bei Ihren Videoaufnahmen? <\/strong><\/h4>\n<p>Dieses Tutorial-Video zeigt, wie eine professionelle Audioqualit\u00e4t durch das Verbinden mit externen Mikrofonen erreicht wird:[\/vc_column_text]<div class=\"standard-arrow bullet-top\"><p><strong>Die im Video gezeigten Produkte:<\/strong><\/p>\n<ul>\n<li><a class=\"c-link\" href=\"https:\/\/instamic.io?aff=82\" target=\"_blank\" rel=\"noopener noreferrer\" data-stringify-link=\"https:\/\/instamic.io\/collections\/all-products?aff=82\" data-sk=\"tooltip_parent\">Instamic Pro<\/a>*<\/li>\n<li>Apple AirPods (Bluetooth)<\/li>\n<li>Apple EarPods (Lightning)<\/li>\n<li>Shure MV88+ Video Kit (Lightning)<\/li>\n<li>Blue Yeti (USB)<\/li>\n<\/ul>\n<p><span style=\"color: #999999;\">(* Hinweis: Affiliate Link, d.h. wir erhalten eine kleine Provision, wenn sie dem Link folgen und beim Anbieter einen Kauf t\u00e4tigen. F\u00fcr Sie entstehen dadurch keine Nachteile oder Mehrkosten. Uns erlaubt es auch weiterhin neues iPhone-Equipment f\u00fcr Sie zu testen und f\u00fcr die besten Produkte eine Integration in ProCamera zu entwickeln.)<\/span><\/p>\n<\/div>[\/vc_column_inner][vc_column_inner width=&#8220;1\/6&#8243;][\/vc_column_inner][\/vc_row_inner][\/vc_column][\/vc_row][vc_row type=&#8220;3&#8243;][vc_column offset=&#8220;vc_hidden-xs&#8220;]<div class=\"hr-thin style-line\" style=\"width: 100%;border-top-width: 1px;\"><\/div>[vc_single_image image=&#8220;52478&#8243; img_size=&#8220;full&#8220; alignment=&#8220;center&#8220; onclick=&#8220;custom_link&#8220; img_link_target=&#8220;_blank&#8220; image_hovers=&#8220;false&#8220; link=&#8220;https:\/\/itunes.apple.com\/de\/app\/picmentum\/id1287820276?pt=949580&amp;ct=bapcweb&amp;mt=8&amp;at=11laV7&#8243; css=&#8220;.vc_custom_1542796952669{margin-top: 20px !important;margin-bottom: -10px !important;}&#8220;][\/vc_column][\/vc_row][vc_row type=&#8220;3&#8243;][vc_column offset=&#8220;vc_hidden-lg vc_hidden-md vc_hidden-sm&#8220;]<div class=\"hr-thin style-line\" style=\"width: 100%;border-top-width: 1px;\"><\/div>[vc_single_image image=&#8220;52481&#8243; img_size=&#8220;full&#8220; alignment=&#8220;center&#8220; onclick=&#8220;custom_link&#8220; img_link_target=&#8220;_blank&#8220; image_hovers=&#8220;false&#8220; link=&#8220;https:\/\/itunes.apple.com\/de\/app\/picmentum\/id1287820276?pt=949580&amp;ct=bapcweb&amp;mt=8&amp;at=11laV7&#8243; css=&#8220;.vc_custom_1542797472129{margin-top: 20px !important;margin-bottom: -10px !important;}&#8220;][\/vc_column][\/vc_row]<\/p>\n<\/div>","protected":false},"excerpt":{"rendered":"<p>[vc_row type=&#8220;3&#8243; padding_top=&#8220;100&#8243; padding_bottom=&#8220;100&#8243;][vc_column][vc_row_inner][vc_column_inner width=&#8220;1\/4&#8243;][\/vc_column_inner][vc_column_inner width=&#8220;1\/2&#8243;][vc_column_text] ERSTELLEN SIE BEEINDRUCKENDE VIDEOINHALTE Filmen Sie wie die Profis&hellip;<\/p>\n","protected":false},"author":98,"featured_media":0,"parent":0,"menu_order":0,"comment_status":"closed","ping_status":"closed","template":"","meta":{"inline_featured_image":false,"footnotes":""},"class_list":["post-58982","page","type-page","status-publish","hentry","description-off"],"yoast_head":"<!-- This site is optimized with the Yoast SEO plugin v25.1 - https:\/\/yoast.com\/wordpress\/plugins\/seo\/ -->\n<title>Video Mode - ProCamera Blog - Turn your iPhone into a powerful digital camera<\/title>\n<meta name=\"robots\" content=\"index, follow, max-snippet:-1, max-image-preview:large, max-video-preview:-1\" \/>\n<link rel=\"canonical\" href=\"https:\/\/procamera-app.com\/de\/video-mode\/\" \/>\n<meta property=\"og:locale\" content=\"de_DE\" \/>\n<meta property=\"og:type\" content=\"article\" \/>\n<meta property=\"og:title\" content=\"Video Mode - ProCamera Blog - Turn your iPhone into a powerful digital camera\" \/>\n<meta property=\"og:description\" content=\"[vc_row type=&#8220;3&#8243; padding_top=&#8220;100&#8243; padding_bottom=&#8220;100&#8243;][vc_column][vc_row_inner][vc_column_inner width=&#8220;1\/4&#8243;][\/vc_column_inner][vc_column_inner width=&#8220;1\/2&#8243;][vc_column_text] ERSTELLEN SIE BEEINDRUCKENDE VIDEOINHALTE Filmen Sie wie die Profis&hellip;\" \/>\n<meta property=\"og:url\" content=\"https:\/\/procamera-app.com\/de\/video-mode\/\" \/>\n<meta property=\"og:site_name\" content=\"ProCamera Blog - Turn your iPhone into a powerful digital camera\" \/>\n<meta property=\"article:publisher\" content=\"https:\/\/www.facebook.com\/ProCameraApp\" \/>\n<meta property=\"article:modified_time\" content=\"2022-11-29T09:13:54+00:00\" \/>\n<meta name=\"twitter:card\" content=\"summary_large_image\" \/>\n<meta name=\"twitter:site\" content=\"@ProCamera\" \/>\n<meta name=\"twitter:label1\" content=\"Gesch\u00e4tzte Lesezeit\" \/>\n\t<meta name=\"twitter:data1\" content=\"3\u00a0Minuten\" \/>\n<script type=\"application\/ld+json\" class=\"yoast-schema-graph\">{\"@context\":\"https:\/\/schema.org\",\"@graph\":[{\"@type\":\"WebPage\",\"@id\":\"https:\/\/procamera-app.com\/de\/video-mode\/\",\"url\":\"https:\/\/procamera-app.com\/de\/video-mode\/\",\"name\":\"Video Mode - ProCamera Blog - Turn your iPhone into a powerful digital camera\",\"isPartOf\":{\"@id\":\"https:\/\/procamera-app.com\/en\/#website\"},\"datePublished\":\"2021-07-27T13:59:09+00:00\",\"dateModified\":\"2022-11-29T09:13:54+00:00\",\"breadcrumb\":{\"@id\":\"https:\/\/procamera-app.com\/de\/video-mode\/#breadcrumb\"},\"inLanguage\":\"de\",\"potentialAction\":[{\"@type\":\"ReadAction\",\"target\":[\"https:\/\/procamera-app.com\/de\/video-mode\/\"]}]},{\"@type\":\"BreadcrumbList\",\"@id\":\"https:\/\/procamera-app.com\/de\/video-mode\/#breadcrumb\",\"itemListElement\":[{\"@type\":\"ListItem\",\"position\":1,\"name\":\"Home\",\"item\":\"https:\/\/procamera-app.com\/de\/\"},{\"@type\":\"ListItem\",\"position\":2,\"name\":\"Video Mode\"}]},{\"@type\":\"WebSite\",\"@id\":\"https:\/\/procamera-app.com\/en\/#website\",\"url\":\"https:\/\/procamera-app.com\/en\/\",\"name\":\"ProCamera Blog - Turn your iPhone into a powerful digital camera\",\"description\":\"ProCamera ist die iOS-App f\u00fcr Fotografie, Video und Foto-Nachbearbeitung auf Profi-Niveau!\\r\\n\",\"potentialAction\":[{\"@type\":\"SearchAction\",\"target\":{\"@type\":\"EntryPoint\",\"urlTemplate\":\"https:\/\/procamera-app.com\/en\/?s={search_term_string}\"},\"query-input\":{\"@type\":\"PropertyValueSpecification\",\"valueRequired\":true,\"valueName\":\"search_term_string\"}}],\"inLanguage\":\"de\"}]}<\/script>\n<!-- \/ Yoast SEO plugin. -->","yoast_head_json":{"title":"Video Mode - ProCamera Blog - Turn your iPhone into a powerful digital camera","robots":{"index":"index","follow":"follow","max-snippet":"max-snippet:-1","max-image-preview":"max-image-preview:large","max-video-preview":"max-video-preview:-1"},"canonical":"https:\/\/procamera-app.com\/de\/video-mode\/","og_locale":"de_DE","og_type":"article","og_title":"Video Mode - ProCamera Blog - Turn your iPhone into a powerful digital camera","og_description":"[vc_row type=&#8220;3&#8243; padding_top=&#8220;100&#8243; padding_bottom=&#8220;100&#8243;][vc_column][vc_row_inner][vc_column_inner width=&#8220;1\/4&#8243;][\/vc_column_inner][vc_column_inner width=&#8220;1\/2&#8243;][vc_column_text] ERSTELLEN SIE BEEINDRUCKENDE VIDEOINHALTE Filmen Sie wie die Profis&hellip;","og_url":"https:\/\/procamera-app.com\/de\/video-mode\/","og_site_name":"ProCamera Blog - Turn your iPhone into a powerful digital camera","article_publisher":"https:\/\/www.facebook.com\/ProCameraApp","article_modified_time":"2022-11-29T09:13:54+00:00","twitter_card":"summary_large_image","twitter_site":"@ProCamera","twitter_misc":{"Gesch\u00e4tzte Lesezeit":"3\u00a0Minuten"},"schema":{"@context":"https:\/\/schema.org","@graph":[{"@type":"WebPage","@id":"https:\/\/procamera-app.com\/de\/video-mode\/","url":"https:\/\/procamera-app.com\/de\/video-mode\/","name":"Video Mode - ProCamera Blog - Turn your iPhone into a powerful digital camera","isPartOf":{"@id":"https:\/\/procamera-app.com\/en\/#website"},"datePublished":"2021-07-27T13:59:09+00:00","dateModified":"2022-11-29T09:13:54+00:00","breadcrumb":{"@id":"https:\/\/procamera-app.com\/de\/video-mode\/#breadcrumb"},"inLanguage":"de","potentialAction":[{"@type":"ReadAction","target":["https:\/\/procamera-app.com\/de\/video-mode\/"]}]},{"@type":"BreadcrumbList","@id":"https:\/\/procamera-app.com\/de\/video-mode\/#breadcrumb","itemListElement":[{"@type":"ListItem","position":1,"name":"Home","item":"https:\/\/procamera-app.com\/de\/"},{"@type":"ListItem","position":2,"name":"Video Mode"}]},{"@type":"WebSite","@id":"https:\/\/procamera-app.com\/en\/#website","url":"https:\/\/procamera-app.com\/en\/","name":"ProCamera Blog - Turn your iPhone into a powerful digital camera","description":"ProCamera ist die iOS-App f\u00fcr Fotografie, Video und Foto-Nachbearbeitung auf Profi-Niveau!\r\n","potentialAction":[{"@type":"SearchAction","target":{"@type":"EntryPoint","urlTemplate":"https:\/\/procamera-app.com\/en\/?s={search_term_string}"},"query-input":{"@type":"PropertyValueSpecification","valueRequired":true,"valueName":"search_term_string"}}],"inLanguage":"de"}]}},"_links":{"self":[{"href":"https:\/\/procamera-app.com\/de\/wp-json\/wp\/v2\/pages\/58982","targetHints":{"allow":["GET"]}}],"collection":[{"href":"https:\/\/procamera-app.com\/de\/wp-json\/wp\/v2\/pages"}],"about":[{"href":"https:\/\/procamera-app.com\/de\/wp-json\/wp\/v2\/types\/page"}],"author":[{"embeddable":true,"href":"https:\/\/procamera-app.com\/de\/wp-json\/wp\/v2\/users\/98"}],"replies":[{"embeddable":true,"href":"https:\/\/procamera-app.com\/de\/wp-json\/wp\/v2\/comments?post=58982"}],"version-history":[{"count":5,"href":"https:\/\/procamera-app.com\/de\/wp-json\/wp\/v2\/pages\/58982\/revisions"}],"predecessor-version":[{"id":60912,"href":"https:\/\/procamera-app.com\/de\/wp-json\/wp\/v2\/pages\/58982\/revisions\/60912"}],"wp:attachment":[{"href":"https:\/\/procamera-app.com\/de\/wp-json\/wp\/v2\/media?parent=58982"}],"curies":[{"name":"wp","href":"https:\/\/api.w.org\/{rel}","templated":true}]}}