{"id":60265,"date":"2022-07-04T09:59:22","date_gmt":"2022-07-04T07:59:22","guid":{"rendered":"https:\/\/www.procamera-app.com\/?page_id=60265"},"modified":"2022-07-04T14:14:01","modified_gmt":"2022-07-04T12:14:01","slug":"optimiert-fuer-das-ipad","status":"publish","type":"page","link":"https:\/\/procamera-app.com\/de\/optimiert-fuer-das-ipad\/","title":{"rendered":"iPad"},"content":{"rendered":"<div class=\"wpb-content-wrapper\"><p>[vc_row type=&#8220;3&#8243; padding_top=&#8220;90&#8243; padding_bottom=&#8220;90&#8243; css=&#8220;.vc_custom_1656921786745{margin-bottom: 50px !important;}&#8220; el_class=&#8220;gradient&#8220;][vc_column][vc_row_inner][vc_column_inner width=&#8220;1\/4&#8243;][\/vc_column_inner][vc_column_inner width=&#8220;1\/2&#8243;][vc_column_text css=&#8220;.vc_custom_1656936835226{padding-bottom: 40px !important;}&#8220;]<\/p>\n<h3 style=\"text-align: center;\">DIE PROCAMERA PRODUKTFAMILIE<\/h3>\n<h1 style=\"text-align: center;\">ProCamera ist optimiert f\u00fcr das iPad<\/h1>\n<p>[\/vc_column_text][\/vc_column_inner][vc_column_inner width=&#8220;1\/4&#8243;][\/vc_column_inner][\/vc_row_inner][vc_row_inner][vc_column_inner width=&#8220;1\/2&#8243;][vc_single_image image=&#8220;60170&#8243; img_size=&#8220;large&#8220; alignment=&#8220;center&#8220; css=&#8220;.vc_custom_1654159956532{margin-top: 0px !important;margin-bottom: 30px !important;}&#8220;][\/vc_column_inner][vc_column_inner width=&#8220;1\/2&#8243; css=&#8220;.vc_custom_1654167549769{padding-top: 10px !important;}&#8220;][vc_column_text]<\/p>\n<h2>Als \u201eUniversal App\u201c l\u00e4uft ProCamera auf iPhone und iPad \u2013 immer in einer f\u00fcr das jeweilige Ger\u00e4t optimierten Version.<\/h2>\n<p>[\/vc_column_text]<div class=\"standard-arrow bullet-top\"><ul>\n<li>\n<h4>Universelle Unterst\u00fctzung f\u00fcr iPhone, iPad und Apple Watch<\/h4>\n<\/li>\n<li>\n<h4>Alle ProCamera-Nutzer k\u00f6nnen unsere App parallel zum iPhone <strong>kostenfrei auf ihrem iPad nutzen<\/strong><\/h4>\n<\/li>\n<\/ul>\n<\/div>[\/vc_column_inner][\/vc_row_inner][\/vc_column][\/vc_row]<\/p>\n<\/div>","protected":false},"excerpt":{"rendered":"<p>[vc_row type=&#8220;3&#8243; padding_top=&#8220;90&#8243; padding_bottom=&#8220;90&#8243; css=&#8220;.vc_custom_1656921786745{margin-bottom: 50px !important;}&#8220; el_class=&#8220;gradient&#8220;][vc_column][vc_row_inner][vc_column_inner width=&#8220;1\/4&#8243;][\/vc_column_inner][vc_column_inner width=&#8220;1\/2&#8243;][vc_column_text css=&#8220;.vc_custom_1656936835226{padding-bottom: 40px !important;}&#8220;] DIE PROCAMERA&hellip;<\/p>\n","protected":false},"author":98,"featured_media":0,"parent":0,"menu_order":0,"comment_status":"closed","ping_status":"closed","template":"","meta":{"inline_featured_image":false,"footnotes":""},"class_list":["post-60265","page","type-page","status-publish","hentry","description-off"],"yoast_head":"<!-- This site is optimized with the Yoast SEO plugin v25.1 - https:\/\/yoast.com\/wordpress\/plugins\/seo\/ -->\n<title>iPad - ProCamera Blog - Turn your iPhone into a powerful digital camera<\/title>\n<meta name=\"description\" content=\"Universelle Unterst\u00fctzung f\u00fcr iPhone, iPad und Apple Watch - ProCamera-Nutzer k\u00f6nnen unsere App parallel zum iPhone kostenfrei auf ihrem iPad nutzen\" \/>\n<meta name=\"robots\" content=\"index, follow, max-snippet:-1, max-image-preview:large, max-video-preview:-1\" \/>\n<link rel=\"canonical\" href=\"https:\/\/procamera-app.com\/de\/optimiert-fuer-das-ipad\/\" \/>\n<meta property=\"og:locale\" content=\"de_DE\" \/>\n<meta property=\"og:type\" content=\"article\" \/>\n<meta property=\"og:title\" content=\"iPad - ProCamera Blog - Turn your iPhone into a powerful digital camera\" \/>\n<meta property=\"og:description\" content=\"Universelle Unterst\u00fctzung f\u00fcr iPhone, iPad und Apple Watch - ProCamera-Nutzer k\u00f6nnen unsere App parallel zum iPhone kostenfrei auf ihrem iPad nutzen\" \/>\n<meta property=\"og:url\" content=\"https:\/\/procamera-app.com\/de\/optimiert-fuer-das-ipad\/\" \/>\n<meta property=\"og:site_name\" content=\"ProCamera Blog - Turn your iPhone into a powerful digital camera\" \/>\n<meta property=\"article:publisher\" content=\"https:\/\/www.facebook.com\/ProCameraApp\" \/>\n<meta property=\"article:modified_time\" content=\"2022-07-04T12:14:01+00:00\" \/>\n<meta name=\"twitter:card\" content=\"summary_large_image\" \/>\n<meta name=\"twitter:site\" content=\"@ProCamera\" \/>\n<meta name=\"twitter:label1\" content=\"Gesch\u00e4tzte Lesezeit\" \/>\n\t<meta name=\"twitter:data1\" content=\"1\u00a0Minute\" \/>\n<script type=\"application\/ld+json\" class=\"yoast-schema-graph\">{\"@context\":\"https:\/\/schema.org\",\"@graph\":[{\"@type\":\"WebPage\",\"@id\":\"https:\/\/procamera-app.com\/de\/optimiert-fuer-das-ipad\/\",\"url\":\"https:\/\/procamera-app.com\/de\/optimiert-fuer-das-ipad\/\",\"name\":\"iPad - ProCamera Blog - Turn your iPhone into a powerful digital camera\",\"isPartOf\":{\"@id\":\"https:\/\/procamera-app.com\/en\/#website\"},\"datePublished\":\"2022-07-04T07:59:22+00:00\",\"dateModified\":\"2022-07-04T12:14:01+00:00\",\"description\":\"Universelle Unterst\u00fctzung f\u00fcr iPhone, iPad und Apple Watch - ProCamera-Nutzer k\u00f6nnen unsere App parallel zum iPhone kostenfrei auf ihrem iPad nutzen\",\"breadcrumb\":{\"@id\":\"https:\/\/procamera-app.com\/de\/optimiert-fuer-das-ipad\/#breadcrumb\"},\"inLanguage\":\"de\",\"potentialAction\":[{\"@type\":\"ReadAction\",\"target\":[\"https:\/\/procamera-app.com\/de\/optimiert-fuer-das-ipad\/\"]}]},{\"@type\":\"BreadcrumbList\",\"@id\":\"https:\/\/procamera-app.com\/de\/optimiert-fuer-das-ipad\/#breadcrumb\",\"itemListElement\":[{\"@type\":\"ListItem\",\"position\":1,\"name\":\"Home\",\"item\":\"https:\/\/procamera-app.com\/de\/\"},{\"@type\":\"ListItem\",\"position\":2,\"name\":\"iPad\"}]},{\"@type\":\"WebSite\",\"@id\":\"https:\/\/procamera-app.com\/en\/#website\",\"url\":\"https:\/\/procamera-app.com\/en\/\",\"name\":\"ProCamera Blog - Turn your iPhone into a powerful digital camera\",\"description\":\"ProCamera ist die iOS-App f\u00fcr Fotografie, Video und Foto-Nachbearbeitung auf Profi-Niveau!\\r\\n\",\"potentialAction\":[{\"@type\":\"SearchAction\",\"target\":{\"@type\":\"EntryPoint\",\"urlTemplate\":\"https:\/\/procamera-app.com\/en\/?s={search_term_string}\"},\"query-input\":{\"@type\":\"PropertyValueSpecification\",\"valueRequired\":true,\"valueName\":\"search_term_string\"}}],\"inLanguage\":\"de\"}]}<\/script>\n<!-- \/ Yoast SEO plugin. -->","yoast_head_json":{"title":"iPad - ProCamera Blog - Turn your iPhone into a powerful digital camera","description":"Universelle Unterst\u00fctzung f\u00fcr iPhone, iPad und Apple Watch - ProCamera-Nutzer k\u00f6nnen unsere App parallel zum iPhone kostenfrei auf ihrem iPad nutzen","robots":{"index":"index","follow":"follow","max-snippet":"max-snippet:-1","max-image-preview":"max-image-preview:large","max-video-preview":"max-video-preview:-1"},"canonical":"https:\/\/procamera-app.com\/de\/optimiert-fuer-das-ipad\/","og_locale":"de_DE","og_type":"article","og_title":"iPad - ProCamera Blog - Turn your iPhone into a powerful digital camera","og_description":"Universelle Unterst\u00fctzung f\u00fcr iPhone, iPad und Apple Watch - ProCamera-Nutzer k\u00f6nnen unsere App parallel zum iPhone kostenfrei auf ihrem iPad nutzen","og_url":"https:\/\/procamera-app.com\/de\/optimiert-fuer-das-ipad\/","og_site_name":"ProCamera Blog - Turn your iPhone into a powerful digital camera","article_publisher":"https:\/\/www.facebook.com\/ProCameraApp","article_modified_time":"2022-07-04T12:14:01+00:00","twitter_card":"summary_large_image","twitter_site":"@ProCamera","twitter_misc":{"Gesch\u00e4tzte Lesezeit":"1\u00a0Minute"},"schema":{"@context":"https:\/\/schema.org","@graph":[{"@type":"WebPage","@id":"https:\/\/procamera-app.com\/de\/optimiert-fuer-das-ipad\/","url":"https:\/\/procamera-app.com\/de\/optimiert-fuer-das-ipad\/","name":"iPad - ProCamera Blog - Turn your iPhone into a powerful digital camera","isPartOf":{"@id":"https:\/\/procamera-app.com\/en\/#website"},"datePublished":"2022-07-04T07:59:22+00:00","dateModified":"2022-07-04T12:14:01+00:00","description":"Universelle Unterst\u00fctzung f\u00fcr iPhone, iPad und Apple Watch - ProCamera-Nutzer k\u00f6nnen unsere App parallel zum iPhone kostenfrei auf ihrem iPad nutzen","breadcrumb":{"@id":"https:\/\/procamera-app.com\/de\/optimiert-fuer-das-ipad\/#breadcrumb"},"inLanguage":"de","potentialAction":[{"@type":"ReadAction","target":["https:\/\/procamera-app.com\/de\/optimiert-fuer-das-ipad\/"]}]},{"@type":"BreadcrumbList","@id":"https:\/\/procamera-app.com\/de\/optimiert-fuer-das-ipad\/#breadcrumb","itemListElement":[{"@type":"ListItem","position":1,"name":"Home","item":"https:\/\/procamera-app.com\/de\/"},{"@type":"ListItem","position":2,"name":"iPad"}]},{"@type":"WebSite","@id":"https:\/\/procamera-app.com\/en\/#website","url":"https:\/\/procamera-app.com\/en\/","name":"ProCamera Blog - Turn your iPhone into a powerful digital camera","description":"ProCamera ist die iOS-App f\u00fcr Fotografie, Video und Foto-Nachbearbeitung auf Profi-Niveau!\r\n","potentialAction":[{"@type":"SearchAction","target":{"@type":"EntryPoint","urlTemplate":"https:\/\/procamera-app.com\/en\/?s={search_term_string}"},"query-input":{"@type":"PropertyValueSpecification","valueRequired":true,"valueName":"search_term_string"}}],"inLanguage":"de"}]}},"_links":{"self":[{"href":"https:\/\/procamera-app.com\/de\/wp-json\/wp\/v2\/pages\/60265","targetHints":{"allow":["GET"]}}],"collection":[{"href":"https:\/\/procamera-app.com\/de\/wp-json\/wp\/v2\/pages"}],"about":[{"href":"https:\/\/procamera-app.com\/de\/wp-json\/wp\/v2\/types\/page"}],"author":[{"embeddable":true,"href":"https:\/\/procamera-app.com\/de\/wp-json\/wp\/v2\/users\/98"}],"replies":[{"embeddable":true,"href":"https:\/\/procamera-app.com\/de\/wp-json\/wp\/v2\/comments?post=60265"}],"version-history":[{"count":2,"href":"https:\/\/procamera-app.com\/de\/wp-json\/wp\/v2\/pages\/60265\/revisions"}],"predecessor-version":[{"id":60276,"href":"https:\/\/procamera-app.com\/de\/wp-json\/wp\/v2\/pages\/60265\/revisions\/60276"}],"wp:attachment":[{"href":"https:\/\/procamera-app.com\/de\/wp-json\/wp\/v2\/media?parent=60265"}],"curies":[{"name":"wp","href":"https:\/\/api.w.org\/{rel}","templated":true}]}}