{"id":61437,"date":"2023-09-27T14:43:21","date_gmt":"2023-09-27T12:43:21","guid":{"rendered":"https:\/\/www.procamera-app.com\/?page_id=61437"},"modified":"2023-10-02T15:16:19","modified_gmt":"2023-10-02T13:16:19","slug":"anamorphe-aufnahmen","status":"publish","type":"page","link":"https:\/\/procamera-app.com\/de\/anamorphe-aufnahmen\/","title":{"rendered":"Anamorphe Aufnahmen"},"content":{"rendered":"<div class=\"wpb-content-wrapper\"><p>[vc_row type=&#8220;2&#8243; padding_top=&#8220;100&#8243; padding_bottom=&#8220;25&#8243;][vc_column width=&#8220;1\/4&#8243;][\/vc_column][vc_column width=&#8220;1\/2&#8243;][vc_column_text]<\/p>\n<h3 style=\"color: #5cc3ff; text-align: center;\">Verf\u00fcgbar mit ProCamera Up<\/h3>\n<h1 style=\"text-align: center;\">Anamorphe Aufnahmen<\/h1>\n<h2 style=\"text-align: center;\">Nehmen Sie filmische, extra breite Videos und Panorama-Fotos mit einzigartiger Bild\u00e4sthetik auf<\/h2>\n<p>[\/vc_column_text][\/vc_column][vc_column width=&#8220;1\/4&#8243;][\/vc_column][\/vc_row][vc_row type=&#8220;3&#8243; padding_bottom=&#8220;25&#8243;][vc_column width=&#8220;1\/6&#8243;][\/vc_column][vc_column width=&#8220;2\/3&#8243;][vc_single_image image=&#8220;61398&#8243; img_size=&#8220;full&#8220;][vc_column_text]<\/p>\n<h2>Anamorphe Entzerrung<\/h2>\n<p>Verwandeln Sie Ihr iPhone oder iPad mit ProCameras Unterst\u00fctzung f\u00fcr anamorphe Objektive in eine leistungsf\u00e4hige Kinokamera f\u00fcr filmische Fotografie und Videografie. In der Vergangenheit war eine solche Technik ausschlie\u00dflich gro\u00dfen Filmproduktion vorenthalten, doch nun k\u00f6nnen Sie die Vorteile anamorpher Objektive jederzeit mit ihrem iOS-Ger\u00e4t nutzen.[\/vc_column_text][\/vc_column][vc_column width=&#8220;1\/6&#8243;][\/vc_column][\/vc_row][vc_row type=&#8220;3&#8243; padding_top=&#8220;100&#8243; padding_bottom=&#8220;25&#8243;][vc_column width=&#8220;1\/6&#8243;][\/vc_column][vc_column width=&#8220;2\/3&#8243;][vc_single_image image=&#8220;60982&#8243; img_size=&#8220;medium&#8220; alignment=&#8220;center&#8220;][vc_column_text]<\/p>\n<h2>Der Vorteil anamorpher Objektive<\/h2>\n<p>Anamorphe Objektive erzeugen direkt in der Kamera einen kinematografischen Breitbild-Look, indem sie die Szene von beiden Seiten zusammendr\u00fccken f\u00fcr ein weiteres Seitenverh\u00e4ltnis. Ohne anamorphe Objektive erreicht man das beliebte Panoramaformat \u00fcblicherweise nur durch Zuschneiden des Bildmaterials bzw. durch \u00dcberlagern mit schwarzen Balken oben und unten; beides ist verbunden mit dem erheblichen Verlust von Bildinformationen. Anamorphe Objektive erlauben es Ihnen ein besonders breites Bild auf einem Bildsensor mit Standardseitenverh\u00e4ltnis einzufangen. Ein weiterer beliebter Nebeneffekt anamorpher Objektive sind die besonderen horizontalen Lichtreflexe, die man aus vielen Kinofilmen kennt.[\/vc_column_text][\/vc_column][vc_column width=&#8220;1\/6&#8243;][\/vc_column][\/vc_row][vc_row type=&#8220;3&#8243; padding_top=&#8220;100&#8243; padding_bottom=&#8220;25&#8243;][vc_column width=&#8220;1\/6&#8243;][\/vc_column][vc_column width=&#8220;1\/3&#8243;][vc_column_text]<\/p>\n<h2>Anamorphe Objektive mit ProCamera nutzen<\/h2>\n<p>Mit dem Upgrade auf ProCamera Up k\u00f6nnen Sie sowohl Fotos als auch Videos mit anamorphen Objektiven aufnehmen. Auf Seite 2 des Aufnahmemen\u00fcs in ProCamera finden Sie eine entsprechende Option zum Einstellen des passenden Entzerrungsfaktors f\u00fcr Ihr jeweiliges Objektiv (1.33x oder 1.55x). Mit dieser Option erhalten Sie ein korrekt entzerrtes Live-Vorschaubild im Sucher, um bereits vor und direkt bei der Aufnahme das sp\u00e4tere Breitbildformat zu sehen.[\/vc_column_text][\/vc_column][vc_column width=&#8220;1\/3&#8243;][vc_single_image image=&#8220;61400&#8243; img_size=&#8220;large&#8220;][\/vc_column][vc_column width=&#8220;1\/6&#8243;][\/vc_column][\/vc_row][vc_row type=&#8220;3&#8243; padding_top=&#8220;100&#8243; padding_bottom=&#8220;25&#8243;][vc_column width=&#8220;1\/6&#8243;][\/vc_column][vc_column width=&#8220;2\/3&#8243;][vc_column_text]<\/p>\n<h2>Entzerren anamorpher Aufnahmen<\/h2>\n<p>ProCamera macht es Ihnen leicht, das zusammengepresste Foto- und Videomaterial in das richtige Seitenverh\u00e4ltnis zu bringen:<\/p>\n<ul>\n<li>\n<div id=\"crowdin_phrase_1134523\" title=\"\"><strong>F\u00fcr Fotos<\/strong>: \u00d6ffnen Sie das Bild in unserem Bearbeitungsstudio, gehen Sie dort zum Bereich mit den Zuschneidewerkzeugen und w\u00e4hlen Sie den passenden Korrekturfaktor f\u00fcr Ihr anamorphes Objektiv (1.33x oder 1.55x).<\/div>\n<\/li>\n<li>\n<div id=\"crowdin_phrase_1134525\" class=\"crowdin_phrase crowdin_phrase_approved\" title=\"\"><strong>F\u00fcr Videos<\/strong>: \u00d6ffnen Sie das Video im ProCamera Album und tippen Sie auf die Schaltfl\u00e4che mit dem Korrekturfaktor bis dieser den korrekten Wert (1.33x oder 1.55x) f\u00fcr Ihr anamorphes Objektiv anzeigt. Diese Einstellung betrifft nur die Videovorschau in ProCamera und ver\u00e4ndert die Videodatei nicht.<\/div>\n<\/li>\n<\/ul>\n<p>[\/vc_column_text][\/vc_column][vc_column width=&#8220;1\/6&#8243;][\/vc_column][\/vc_row][vc_row type=&#8220;4&#8243; padding_top=&#8220;60&#8243;][vc_column][vc_row_inner][vc_column_inner width=&#8220;1\/6&#8243;][\/vc_column_inner][vc_column_inner width=&#8220;2\/3&#8243;][vc_column_text]<\/p>\n<p style=\"text-align: left;\">Schalten Sie ProCamera Up frei f\u00fcr besonders weite Aufnahmen wie im Kino!<\/p>\n<p style=\"text-align: left;\">Unterst\u00fctzung f\u00fcr anamorphe Objektive ist Teil des <a href=\"https:\/\/www.procamera-app.com\/de\/procamera-up\/\"><strong>ProCamera Up Funktionspakets<\/strong><\/a>. ProCamera Up\u00a0ist ein <strong>optionales Upgrade<\/strong>, mit dem <b><strong>zus\u00e4tzliche Premiumfunktionen\u00a0<\/strong><\/b>freigeschaltet werden.<\/p>\n<p style=\"text-align: left;\">Die ProCamera Up Spezialfunktionen k\u00f6nnen Sir direkt in der App freischalten unter:<br \/>\n<strong>Einstellungen &gt; Shop &gt; ProCamera Up.<\/strong><\/p>\n<p>[\/vc_column_text][\/vc_column_inner][vc_column_inner width=&#8220;1\/6&#8243;][\/vc_column_inner][\/vc_row_inner][vc_column_text]<div id='fwdsiscDiv0' class='fwdsisc fwd-hide'><\/div><ul id='fwdsiscPlaylist_Image-Slider-ProCameraUp-DE' style='display:none;'><li data-source='https:\/\/www.procamera-app.com\/wp-content\/uploads\/2023\/10\/shop_header_anamorphic_desqueeze.jpg' data-width='1000' data-height='500' data-link='https:\/\/www.procamera-app.com\/de\/anamorphe-aufnahmen\/' data-target='_blank'><div class='pcup_slider'><p>&nbsp;<\/p><h2><b>Anamorphe Aufnahmen<\/b><\/h2><p><em>Nehmen Sie filmische, extra breite Videos und Panorama-Fotos mit einzigartiger Bild\u00e4sthetik auf.<\/em><\/p><p>&nbsp;<\/p><\/div><\/li><li data-source='https:\/\/www.procamera-app.com\/wp-content\/uploads\/2021\/03\/shop_header_perspective-control.jpg' data-width='1000' data-height='500' data-link='https:\/\/www.procamera-app.com\/de\/auto-perspektivkorrektur' data-target='_self'><div class='pcup_slider'><p>&nbsp;<\/p><h2><b>Auto Perspective Correct<\/b><\/h2><p><em>Bilder ohne perspektivische Verzerrung! Professionellere Fotos mit nur einem Tap.<\/em><\/p><p>&nbsp;<\/p><\/div><\/li><li data-source='https:\/\/www.procamera-app.com\/wp-content\/uploads\/2023\/02\/shop_header_custom_presets.jpg' data-width='1000' data-height='500' data-link='https:\/\/www.procamera-app.com\/de\/eigene-kamera-presets\/' data-target='_self'><div class='pcup_slider'><p>&nbsp;<\/p><h2><b>Eigene Kamera Presets<\/b><\/h2><p><em>Speichern Sie Ihre Einstellungen f\u00fcr Belichtung, Wei\u00dfabgleich und Fokus.<\/em><\/p><p>&nbsp;<\/p><\/div><\/li><li data-source='https:\/\/www.procamera-app.com\/wp-content\/uploads\/2021\/03\/shop_header_exposure_bracketing.jpg' data-width='1000' data-height='500' data-link='https:\/\/www.procamera-app.com\/de\/exposure-bracketing' data-target='_self'><div class='pcup_slider'><p>&nbsp;<\/p><h2><b>(RAW) Exposure Bracketing<\/b><\/h2><p><em>Nehmen Sie abgestufte Belichtungsreihen mit unterschiedlichen EV-Werten auf \u2013 sogar im RAW Format.<\/em><\/p><p>&nbsp;<\/p><\/div><\/li><li data-source='https:\/\/www.procamera-app.com\/wp-content\/uploads\/2021\/03\/shop_header_privatelightbox.jpg' data-width='1000' data-height='500' data-link='https:\/\/www.procamera-app.com\/de\/private-lightbox' data-target='_self'><div class='pcup_slider'><p>&nbsp;<\/p><h2><b>Private Lightbox<\/b><\/h2><p><em>Sch\u00fctzen Sie Ihre Fotos und Videos vor neugierigen Blicken.<\/em><\/p><p>&nbsp;<\/p><\/div><\/li><li data-source='https:\/\/www.procamera-app.com\/wp-content\/uploads\/2021\/03\/shop_header_SanFran.jpg' data-width='1000' data-height='500' data-link='https:\/\/www.procamera-app.com\/de\/san-fran-filter-pack' data-target='_self'><div class='pcup_slider'><p>&nbsp;<\/p><h2><b>San Fran Filter Set<\/b><\/h2><p><em>Einzigartige Foto-Filter inspiriert von San Franciscos farbenfrohen Bezirken.<\/em><\/p><p>&nbsp;<\/p><\/div><\/li><li data-source='https:\/\/www.procamera-app.com\/wp-content\/uploads\/2021\/03\/shop_header_FoodFilters.jpg' data-width='1000' data-height='500' data-link='https:\/\/www.procamera-app.com\/de\/food-filter-pack' data-target='_self'><div class='pcup_slider'><p>&nbsp;<\/p><h2><b>Food Filter Set<\/b><\/h2><p><em>Mit unseren ma\u00dfgeschneiderten Food-Filtern k\u00f6nnen Sie kulinarische K\u00f6stlichkeiten wie Pasta, Torten oder Cocktails geschmackvoll pr\u00e4sentieren.<\/em><\/p><p>&nbsp;<\/p><\/div><\/li><\/ul><script type='text\/javascript'>document.addEventListener('DOMContentLoaded', function(event) { FWDSISCUtils.checkIfHasTransofrms();new FWDSISC({instanceName:'fwdsisc0',parentId:'fwdsiscDiv0',playlistId:'fwdsiscPlaylist_Image-Slider-ProCameraUp-DE',displayType:'fluidWidth',className:'',initializeOnlyWhenVisible:'no',mainFolderPath:'https:\/\/www.procamera-app.com\/wp-content\/plugins\/fwdsisc\/content',rightClickContextMenu:'disabled',skinPath:'minimal-skin',displayVertical:'no',autoScale:'yes',randomizeImages:'yes',addKeyboardSupport:'no',maximizeOnSingleClick:'no',addDragSupport:'no',showCount:'no',preloaderPosition:'center',slideshowPreloaderPosition:'bottomRight',slideshowDelay:5000,slideshowRadius:9,slideshowStrokeSize:2,slideshowBackgroundColor:'#5cc3ff',slideshowFillColor:'#2e3031',zIndex:1,maxWidth:1000,maxHeight:300,howManyImagesToSkipOnNextAndPrevButtons:1,paralax:'no',displayVertical:'no',showZoomButton:'no',showFullscreenButton:'no',startAtImage:0,showNextAndPrevButtonsOnMobile:'yes',showNextAndPrevButtons:'yes',buttonsHideDelay:5,showImageReflection:'no',animationTextType:'fade',transitionType:'expo',showHTMLTextContent:'all',HTMLTextPosition:'outside',HTMLTextAlignment:'bottom',nextAndPrevButtonsPosition:'leftAndRight',nextAndPrevButtonsHorizontalButtonsOffset:20,nextAndPrevButtonsVerticalButtonsOffset:10,sliderOffsetTopAndBottom:0,maxImageHeight:'250',maxCenterImageHeight:'300',spaceBetweenImages:10,imageBorderSize:0,defaulNrThumbsToDisplay:'3',transitionDuration:0.8,backgroundColor:'#2e3031',imageBorderColor:'#ffffff',imageBackgroundColor:'#2e3031',overlayColor:'rgba(0, 0, 0, 0.4)',infoHolderHeight:40,infoHolderHorizontalOffset:20,infoHolderVerticalOffset:20,infoHolderStartHorizontalSpace:20,infoHolderHorizontalSpaceBetweenItems:10,infoHolderBackgroundColor:'rgba(0, 0, 0, 0.6)'});});<\/script>[\/vc_column_text][\/vc_column][\/vc_row]<\/p>\n<\/div>","protected":false},"excerpt":{"rendered":"<p>[vc_row type=&#8220;2&#8243; padding_top=&#8220;100&#8243; padding_bottom=&#8220;25&#8243;][vc_column width=&#8220;1\/4&#8243;][\/vc_column][vc_column width=&#8220;1\/2&#8243;][vc_column_text] Verf\u00fcgbar mit ProCamera Up Anamorphe Aufnahmen Nehmen Sie filmische,&hellip;<\/p>\n","protected":false},"author":98,"featured_media":0,"parent":0,"menu_order":0,"comment_status":"closed","ping_status":"closed","template":"","meta":{"inline_featured_image":false,"footnotes":""},"class_list":["post-61437","page","type-page","status-publish","hentry","description-off"],"yoast_head":"<!-- This site is optimized with the Yoast SEO plugin v25.1 - https:\/\/yoast.com\/wordpress\/plugins\/seo\/ -->\n<title>Anamorphe Aufnahmen - ProCamera Blog - Turn your iPhone into a powerful digital camera<\/title>\n<meta name=\"robots\" content=\"index, follow, max-snippet:-1, max-image-preview:large, max-video-preview:-1\" \/>\n<link rel=\"canonical\" href=\"https:\/\/procamera-app.com\/de\/anamorphe-aufnahmen\/\" \/>\n<meta property=\"og:locale\" content=\"de_DE\" \/>\n<meta property=\"og:type\" content=\"article\" \/>\n<meta property=\"og:title\" content=\"Anamorphe Aufnahmen - ProCamera Blog - Turn your iPhone into a powerful digital camera\" \/>\n<meta property=\"og:description\" content=\"[vc_row type=&#8220;2&#8243; padding_top=&#8220;100&#8243; padding_bottom=&#8220;25&#8243;][vc_column width=&#8220;1\/4&#8243;][\/vc_column][vc_column width=&#8220;1\/2&#8243;][vc_column_text] Verf\u00fcgbar mit ProCamera Up Anamorphe Aufnahmen Nehmen Sie filmische,&hellip;\" \/>\n<meta property=\"og:url\" content=\"https:\/\/procamera-app.com\/de\/anamorphe-aufnahmen\/\" \/>\n<meta property=\"og:site_name\" content=\"ProCamera Blog - Turn your iPhone into a powerful digital camera\" \/>\n<meta property=\"article:publisher\" content=\"https:\/\/www.facebook.com\/ProCameraApp\" \/>\n<meta property=\"article:modified_time\" content=\"2023-10-02T13:16:19+00:00\" \/>\n<meta name=\"twitter:card\" content=\"summary_large_image\" \/>\n<meta name=\"twitter:site\" content=\"@ProCamera\" \/>\n<meta name=\"twitter:label1\" content=\"Gesch\u00e4tzte Lesezeit\" \/>\n\t<meta name=\"twitter:data1\" content=\"2\u00a0Minuten\" \/>\n<script type=\"application\/ld+json\" class=\"yoast-schema-graph\">{\"@context\":\"https:\/\/schema.org\",\"@graph\":[{\"@type\":\"WebPage\",\"@id\":\"https:\/\/procamera-app.com\/de\/anamorphe-aufnahmen\/\",\"url\":\"https:\/\/procamera-app.com\/de\/anamorphe-aufnahmen\/\",\"name\":\"Anamorphe Aufnahmen - ProCamera Blog - Turn your iPhone into a powerful digital camera\",\"isPartOf\":{\"@id\":\"https:\/\/procamera-app.com\/en\/#website\"},\"datePublished\":\"2023-09-27T12:43:21+00:00\",\"dateModified\":\"2023-10-02T13:16:19+00:00\",\"breadcrumb\":{\"@id\":\"https:\/\/procamera-app.com\/de\/anamorphe-aufnahmen\/#breadcrumb\"},\"inLanguage\":\"de\",\"potentialAction\":[{\"@type\":\"ReadAction\",\"target\":[\"https:\/\/procamera-app.com\/de\/anamorphe-aufnahmen\/\"]}]},{\"@type\":\"BreadcrumbList\",\"@id\":\"https:\/\/procamera-app.com\/de\/anamorphe-aufnahmen\/#breadcrumb\",\"itemListElement\":[{\"@type\":\"ListItem\",\"position\":1,\"name\":\"Home\",\"item\":\"https:\/\/procamera-app.com\/de\/\"},{\"@type\":\"ListItem\",\"position\":2,\"name\":\"Anamorphe Aufnahmen\"}]},{\"@type\":\"WebSite\",\"@id\":\"https:\/\/procamera-app.com\/en\/#website\",\"url\":\"https:\/\/procamera-app.com\/en\/\",\"name\":\"ProCamera Blog - Turn your iPhone into a powerful digital camera\",\"description\":\"ProCamera ist die iOS-App f\u00fcr Fotografie, Video und Foto-Nachbearbeitung auf Profi-Niveau!\\r\\n\",\"potentialAction\":[{\"@type\":\"SearchAction\",\"target\":{\"@type\":\"EntryPoint\",\"urlTemplate\":\"https:\/\/procamera-app.com\/en\/?s={search_term_string}\"},\"query-input\":{\"@type\":\"PropertyValueSpecification\",\"valueRequired\":true,\"valueName\":\"search_term_string\"}}],\"inLanguage\":\"de\"}]}<\/script>\n<!-- \/ Yoast SEO plugin. -->","yoast_head_json":{"title":"Anamorphe Aufnahmen - ProCamera Blog - Turn your iPhone into a powerful digital camera","robots":{"index":"index","follow":"follow","max-snippet":"max-snippet:-1","max-image-preview":"max-image-preview:large","max-video-preview":"max-video-preview:-1"},"canonical":"https:\/\/procamera-app.com\/de\/anamorphe-aufnahmen\/","og_locale":"de_DE","og_type":"article","og_title":"Anamorphe Aufnahmen - ProCamera Blog - Turn your iPhone into a powerful digital camera","og_description":"[vc_row type=&#8220;2&#8243; padding_top=&#8220;100&#8243; padding_bottom=&#8220;25&#8243;][vc_column width=&#8220;1\/4&#8243;][\/vc_column][vc_column width=&#8220;1\/2&#8243;][vc_column_text] Verf\u00fcgbar mit ProCamera Up Anamorphe Aufnahmen Nehmen Sie filmische,&hellip;","og_url":"https:\/\/procamera-app.com\/de\/anamorphe-aufnahmen\/","og_site_name":"ProCamera Blog - Turn your iPhone into a powerful digital camera","article_publisher":"https:\/\/www.facebook.com\/ProCameraApp","article_modified_time":"2023-10-02T13:16:19+00:00","twitter_card":"summary_large_image","twitter_site":"@ProCamera","twitter_misc":{"Gesch\u00e4tzte Lesezeit":"2\u00a0Minuten"},"schema":{"@context":"https:\/\/schema.org","@graph":[{"@type":"WebPage","@id":"https:\/\/procamera-app.com\/de\/anamorphe-aufnahmen\/","url":"https:\/\/procamera-app.com\/de\/anamorphe-aufnahmen\/","name":"Anamorphe Aufnahmen - ProCamera Blog - Turn your iPhone into a powerful digital camera","isPartOf":{"@id":"https:\/\/procamera-app.com\/en\/#website"},"datePublished":"2023-09-27T12:43:21+00:00","dateModified":"2023-10-02T13:16:19+00:00","breadcrumb":{"@id":"https:\/\/procamera-app.com\/de\/anamorphe-aufnahmen\/#breadcrumb"},"inLanguage":"de","potentialAction":[{"@type":"ReadAction","target":["https:\/\/procamera-app.com\/de\/anamorphe-aufnahmen\/"]}]},{"@type":"BreadcrumbList","@id":"https:\/\/procamera-app.com\/de\/anamorphe-aufnahmen\/#breadcrumb","itemListElement":[{"@type":"ListItem","position":1,"name":"Home","item":"https:\/\/procamera-app.com\/de\/"},{"@type":"ListItem","position":2,"name":"Anamorphe Aufnahmen"}]},{"@type":"WebSite","@id":"https:\/\/procamera-app.com\/en\/#website","url":"https:\/\/procamera-app.com\/en\/","name":"ProCamera Blog - Turn your iPhone into a powerful digital camera","description":"ProCamera ist die iOS-App f\u00fcr Fotografie, Video und Foto-Nachbearbeitung auf Profi-Niveau!\r\n","potentialAction":[{"@type":"SearchAction","target":{"@type":"EntryPoint","urlTemplate":"https:\/\/procamera-app.com\/en\/?s={search_term_string}"},"query-input":{"@type":"PropertyValueSpecification","valueRequired":true,"valueName":"search_term_string"}}],"inLanguage":"de"}]}},"_links":{"self":[{"href":"https:\/\/procamera-app.com\/de\/wp-json\/wp\/v2\/pages\/61437","targetHints":{"allow":["GET"]}}],"collection":[{"href":"https:\/\/procamera-app.com\/de\/wp-json\/wp\/v2\/pages"}],"about":[{"href":"https:\/\/procamera-app.com\/de\/wp-json\/wp\/v2\/types\/page"}],"author":[{"embeddable":true,"href":"https:\/\/procamera-app.com\/de\/wp-json\/wp\/v2\/users\/98"}],"replies":[{"embeddable":true,"href":"https:\/\/procamera-app.com\/de\/wp-json\/wp\/v2\/comments?post=61437"}],"version-history":[{"count":2,"href":"https:\/\/procamera-app.com\/de\/wp-json\/wp\/v2\/pages\/61437\/revisions"}],"predecessor-version":[{"id":61451,"href":"https:\/\/procamera-app.com\/de\/wp-json\/wp\/v2\/pages\/61437\/revisions\/61451"}],"wp:attachment":[{"href":"https:\/\/procamera-app.com\/de\/wp-json\/wp\/v2\/media?parent=61437"}],"curies":[{"name":"wp","href":"https:\/\/api.w.org\/{rel}","templated":true}]}}